{"id":15413,"date":"2021-02-21T14:23:56","date_gmt":"2021-02-21T14:23:56","guid":{"rendered":"https:\/\/www.autonvaraosahaku.fi\/?product=alca-537130-antenni"},"modified":"2021-02-21T14:23:58","modified_gmt":"2021-02-21T14:23:58","slug":"alca-537130-antenni","status":"publish","type":"product","link":"https:\/\/www.autonvaraosahaku.fi\/?product=alca-537130-antenni","title":{"rendered":"ALCA 537130 Antenni"},"content":{"rendered":"<p>Rakennemalli: Fiat; Pituus (cm): 20; V\u00e4ri: Musta; Materiaali: termoplastinen polyesteri-elastomeeri; Kierremitta: M5; Tyyppi: AM\/FM; Ylin ymp\u00e4rist\u00f6lamp\u00f6tila enint\u00e4\u00e4n [\u00b0C]: -50; FIAT: GRANDE PUNTO 199,PUNTO 188,PANDA 169,DUCATO Kasten 250,500 312,STILO 192,BRAVO II 198,SEICENTO 187,DUCATO Pritsche\/Fahrgestell 250,FREEMONT JF_,DUCATO Pritsche\/Fahrgestell 230,PUNTO EVO 199,DUCATO Bus 250,DUCATO Bus 230,DUCATO Kasten 244,BARCHETTA 183,DOBLO Cargo 223,500 C 312,PUNTO 176,STILO Multi Wagon 192,DOBLO 119,CROMA 194,DUCATO Pritsche\/Fahrgestell 244,DUCATO Kasten 290,DUCATO Pritsche\/Fahrgestell 290,DOBLO Kasten\/Kombi 263,PANDA Van 169,DUCATO Kasten 230L,DUCATO Kasten 280,SCUDO 270_,DUCATO Pritsche\/Fahrgestell 280,PUNTO 199,CINQUECENTO 170,PANDA 141A_,ULYSSE 179AX,DUCATO Bus 244, Z_,IDEA,PANDA 312,COUPE FA\/175,SEDICI,STRADA Pick-up 178E,MULTIPLA 186,124 Spider,QUBO 225,500L,DOBLO Gro\u00dfraumlimousine 152, 263,SCUDO Kasten 270_,PUNTO Van 188AX,DUCATO Panorama 280,BRAVO I 182,ULYSSE 220,BRAVA 182,PUNTO Cabriolet 176C,SCUDO Kasten 220L,MAREA Weekend 185,126,500,UNO 146A\/E,DUCATO Panorama 290,FIORINO Kasten\/Kombi 225,X 1\/9 128 AS,SCUDO Combinato<\/p>\n","protected":false},"excerpt":{"rendered":"<p>ALCA Antenni 537130  FIAT,GRANDE PUNTO 199,PUNTO 188,PANDA 169,DUCATO Kasten 250,500 312,STILO 192,BRAVO II 198,SEICENTO 187<\/p>\n","protected":false},"featured_media":0,"template":"","meta":{"site-sidebar-layout":"default","site-content-layout":"default","ast-global-header-display":"","ast-main-header-display":"","ast-hfb-above-header-display":"","ast-hfb-below-header-display":"","ast-hfb-mobile-header-display":"","site-post-title":"","ast-breadcrumbs-content":"","ast-featured-img":"","footer-sml-layout":"","theme-transparent-header-meta":"","adv-header-id-meta":"","stick-header-meta":"","header-above-stick-meta":"","header-main-stick-meta":"","header-below-stick-meta":""},"pwb-brand":[351],"product_cat":[164],"product_tag":[],"class_list":{"0":"post-15413","1":"product","2":"type-product","3":"status-publish","5":"pwb-brand-alca","6":"product_cat-antenni","7":"desktop-align-left","8":"tablet-align-left","9":"mobile-align-left","11":"first","12":"instock","13":"product-type-external"},"brands":[{"id":351,"name":"ALCA","slug":"alca"}],"_links":{"self":[{"href":"https:\/\/www.autonvaraosahaku.fi\/index.php?rest_route=\/wp\/v2\/product\/15413","targetHints":{"allow":["GET"]}}],"collection":[{"href":"https:\/\/www.autonvaraosahaku.fi\/index.php?rest_route=\/wp\/v2\/product"}],"about":[{"href":"https:\/\/www.autonvaraosahaku.fi\/index.php?rest_route=\/wp\/v2\/types\/product"}],"wp:attachment":[{"href":"https:\/\/www.autonvaraosahaku.fi\/index.php?rest_route=%2Fwp%2Fv2%2Fmedia&parent=15413"}],"wp:term":[{"taxonomy":"pwb-brand","embeddable":true,"href":"https:\/\/www.autonvaraosahaku.fi\/index.php?rest_route=%2Fwp%2Fv2%2Fpwb-brand&post=15413"},{"taxonomy":"product_cat","embeddable":true,"href":"https:\/\/www.autonvaraosahaku.fi\/index.php?rest_route=%2Fwp%2Fv2%2Fproduct_cat&post=15413"},{"taxonomy":"product_tag","embeddable":true,"href":"https:\/\/www.autonvaraosahaku.fi\/index.php?rest_route=%2Fwp%2Fv2%2Fproduct_tag&post=15413"}],"curies":[{"name":"wp","href":"https:\/\/api.w.org\/{rel}","templated":true}]}}