{"id":15438,"date":"2021-02-21T14:24:00","date_gmt":"2021-02-21T14:24:00","guid":{"rendered":"https:\/\/www.autonvaraosahaku.fi\/?product=mannol-mn4015-1-muut-luokat"},"modified":"2021-02-21T14:24:02","modified_gmt":"2021-02-21T14:24:02","slug":"mannol-mn4015-1-muut-luokat","status":"publish","type":"product","link":"https:\/\/www.autonvaraosahaku.fi\/?product=mannol-mn4015-1-muut-luokat","title":{"rendered":"MANNOL MN4015-1 Muut luokat"},"content":{"rendered":"<p>Tuotelinja: AF13++, High-performance; Tilavuus (litra): 1; Pakkaustyyppi: Pullo; L\u00e4mp\u00f6alue alkaen [\u00b0C]: -40, +125; Erittely: SAE J1034, USA ASTM D3306, USA ASTM D4656, USA ASTM D4985, UK BS 6580:2010, AFNOR NF R15-601, (except for RA), VW\/AUDI TL-774 G, VW\/AUDI TL-774 J, CUMMINS CES 14603, DEUTZ DQC CC-14, IRIZAR, LIEBHERR Minimum, LH-01-COL3A, MAN 324 Type Si-OAT, MB 325.5, MB 325.6, SCANIA, SMART MB 326.0, Germany, FVV Heft R443, France NFR 15-601, Italy NC 956-16, Spain, uNE 26-361-88\/1, NATO S-759; Kemialliset ominaisuudet: silikaattipitoinen; k\u00e4ytt\u00f6valmis: +; V\u00e4ri: Lila; VOLVO: FL6,FM12; MERCEDES-BENZ: ACTROS,ACTROS MP4 \/ MP5,ANTOS,AROCS,ATEGO,ATEGO 2,ATEGO 3,AXOR 2,ECONIC,ECONIC 2,LK\/LN2,LP,MK,NG,SK,UNIMOG; MAN: TGS; DAF: 95 XF,F 1000,F 1100,F 1300,F 1500,F 1700,F 1900,F 2100,F 2300,F 2500,F 2700,F 2800,F 2900,F 3200,F 3300,F 3600,F 800,F 900,XF 95; J\u00e4\u00e4hdytysneste,Pakkasneste,J\u00e4\u00e4tymissuoja<\/p>\n","protected":false},"excerpt":{"rendered":"<p>MANNOL J\u00e4\u00e4hdytinneste MN4015-1 J\u00e4\u00e4hdytysneste,Pakkasneste VOLVO,MERCEDES-BENZ,MAN,FL6,FM12,ACTROS,ACTROS MP4 \/ MP5,ANTOS,AROCS,ATEGO,ATEGO 2,ATEGO 3<\/p>\n","protected":false},"featured_media":0,"template":"","meta":{"site-sidebar-layout":"default","site-content-layout":"default","ast-global-header-display":"","ast-main-header-display":"","ast-hfb-above-header-display":"","ast-hfb-below-header-display":"","ast-hfb-mobile-header-display":"","site-post-title":"","ast-breadcrumbs-content":"","ast-featured-img":"","footer-sml-layout":"","theme-transparent-header-meta":"","adv-header-id-meta":"","stick-header-meta":"","header-above-stick-meta":"","header-main-stick-meta":"","header-below-stick-meta":""},"pwb-brand":[167],"product_cat":[37],"product_tag":[],"class_list":{"0":"post-15438","1":"product","2":"type-product","3":"status-publish","5":"pwb-brand-mannol","6":"product_cat-muut-luokat","7":"desktop-align-left","8":"tablet-align-left","9":"mobile-align-left","11":"first","12":"instock","13":"product-type-external"},"brands":[{"id":167,"name":"MANNOL","slug":"mannol"}],"_links":{"self":[{"href":"https:\/\/www.autonvaraosahaku.fi\/index.php?rest_route=\/wp\/v2\/product\/15438","targetHints":{"allow":["GET"]}}],"collection":[{"href":"https:\/\/www.autonvaraosahaku.fi\/index.php?rest_route=\/wp\/v2\/product"}],"about":[{"href":"https:\/\/www.autonvaraosahaku.fi\/index.php?rest_route=\/wp\/v2\/types\/product"}],"wp:attachment":[{"href":"https:\/\/www.autonvaraosahaku.fi\/index.php?rest_route=%2Fwp%2Fv2%2Fmedia&parent=15438"}],"wp:term":[{"taxonomy":"pwb-brand","embeddable":true,"href":"https:\/\/www.autonvaraosahaku.fi\/index.php?rest_route=%2Fwp%2Fv2%2Fpwb-brand&post=15438"},{"taxonomy":"product_cat","embeddable":true,"href":"https:\/\/www.autonvaraosahaku.fi\/index.php?rest_route=%2Fwp%2Fv2%2Fproduct_cat&post=15438"},{"taxonomy":"product_tag","embeddable":true,"href":"https:\/\/www.autonvaraosahaku.fi\/index.php?rest_route=%2Fwp%2Fv2%2Fproduct_tag&post=15438"}],"curies":[{"name":"wp","href":"https:\/\/api.w.org\/{rel}","templated":true}]}}