{"id":15444,"date":"2021-02-21T14:24:03","date_gmt":"2021-02-21T14:24:03","guid":{"rendered":"https:\/\/www.autonvaraosahaku.fi\/?product=carcommerce-42570-antenni"},"modified":"2021-02-21T14:24:04","modified_gmt":"2021-02-21T14:24:04","slug":"carcommerce-42570-antenni","status":"publish","type":"product","link":"https:\/\/www.autonvaraosahaku.fi\/?product=carcommerce-42570-antenni","title":{"rendered":"CARCOMMERCE 42570 Antenni"},"content":{"rendered":"<p>Yleisk\u00e4ytt\u00f6inen: Kyll\u00e4; Muoto: taipuisa; Pakkaustyyppi: Kuplapakkaus; Asennuspuoli: Ulompi; Pituus (cm): 23; V\u00e4ri: Musta; M\u00e4\u00e4r\u00e4yksikk\u00f6: Sarja; Lis\u00e4adapteri: 2<\/p>\n","protected":false},"excerpt":{"rendered":"<p>CARCOMMERCE Antenni 42570<\/p>\n","protected":false},"featured_media":0,"template":"","meta":{"site-sidebar-layout":"default","site-content-layout":"default","ast-global-header-display":"","ast-main-header-display":"","ast-hfb-above-header-display":"","ast-hfb-below-header-display":"","ast-hfb-mobile-header-display":"","site-post-title":"","ast-breadcrumbs-content":"","ast-featured-img":"","footer-sml-layout":"","theme-transparent-header-meta":"","adv-header-id-meta":"","stick-header-meta":"","header-above-stick-meta":"","header-main-stick-meta":"","header-below-stick-meta":""},"pwb-brand":[354],"product_cat":[164],"product_tag":[],"class_list":{"0":"post-15444","1":"product","2":"type-product","3":"status-publish","5":"pwb-brand-carcommerce","6":"product_cat-antenni","7":"desktop-align-left","8":"tablet-align-left","9":"mobile-align-left","11":"first","12":"instock","13":"product-type-external"},"brands":[{"id":354,"name":"CARCOMMERCE","slug":"carcommerce"}],"_links":{"self":[{"href":"https:\/\/www.autonvaraosahaku.fi\/index.php?rest_route=\/wp\/v2\/product\/15444","targetHints":{"allow":["GET"]}}],"collection":[{"href":"https:\/\/www.autonvaraosahaku.fi\/index.php?rest_route=\/wp\/v2\/product"}],"about":[{"href":"https:\/\/www.autonvaraosahaku.fi\/index.php?rest_route=\/wp\/v2\/types\/product"}],"wp:attachment":[{"href":"https:\/\/www.autonvaraosahaku.fi\/index.php?rest_route=%2Fwp%2Fv2%2Fmedia&parent=15444"}],"wp:term":[{"taxonomy":"pwb-brand","embeddable":true,"href":"https:\/\/www.autonvaraosahaku.fi\/index.php?rest_route=%2Fwp%2Fv2%2Fpwb-brand&post=15444"},{"taxonomy":"product_cat","embeddable":true,"href":"https:\/\/www.autonvaraosahaku.fi\/index.php?rest_route=%2Fwp%2Fv2%2Fproduct_cat&post=15444"},{"taxonomy":"product_tag","embeddable":true,"href":"https:\/\/www.autonvaraosahaku.fi\/index.php?rest_route=%2Fwp%2Fv2%2Fproduct_tag&post=15444"}],"curies":[{"name":"wp","href":"https:\/\/api.w.org\/{rel}","templated":true}]}}