{"id":15446,"date":"2021-02-21T14:24:03","date_gmt":"2021-02-21T14:24:03","guid":{"rendered":"https:\/\/www.autonvaraosahaku.fi\/?product=ridex-3971f0008-pakoputken-jousto"},"modified":"2021-02-21T14:24:05","modified_gmt":"2021-02-21T14:24:05","slug":"ridex-3971f0008-pakoputken-jousto","status":"publish","type":"product","link":"https:\/\/www.autonvaraosahaku.fi\/?product=ridex-3971f0008-pakoputken-jousto","title":{"rendered":"RIDEX 3971F0008 Pakoputken jousto"},"content":{"rendered":"<p>L\u00e4pimitta 1 [mm]: 55; L\u00e4pimitta 2 [mm]: 60; Pituus (mm): 240; Materiaali: Ruostumaton ter\u00e4s; Pakoputkisto: Nokihiukkassuodattimelle, Katalysaattoria varten; Putki-\u00d8 (mm): 55; BMW: 3 Touring E91,3 E90,5 E60,1 E87,5 Touring E61,X1 E84,1 E81,3 Coupe E92,3 Cabriolet E93,1 Cabriolet E88,1 Coupe E82; 18307797591, 18307797642, 18307800707, 18307812263, 18307812279, 18307812281, 18307812283, 18307812285, 18307812287; Joustoputki,Joustava Liitosputki,Joustoputki, Pakoputkisto<\/p>\n","protected":false},"excerpt":{"rendered":"<p>RIDEX Pakoputken Jousto 3971F0008 Joustoputki,Joustava Liitosputki BMW,3 Touring E91,3 E90,5 E60,1 E87,5 Touring E61,X1 E84,1 E81,3 Coupe E92<\/p>\n","protected":false},"featured_media":0,"template":"","meta":{"site-sidebar-layout":"default","site-content-layout":"default","ast-global-header-display":"","ast-main-header-display":"","ast-hfb-above-header-display":"","ast-hfb-below-header-display":"","ast-hfb-mobile-header-display":"","site-post-title":"","ast-breadcrumbs-content":"","ast-featured-img":"","footer-sml-layout":"","theme-transparent-header-meta":"","adv-header-id-meta":"","stick-header-meta":"","header-above-stick-meta":"","header-main-stick-meta":"","header-below-stick-meta":""},"pwb-brand":[157],"product_cat":[17],"product_tag":[],"class_list":{"0":"post-15446","1":"product","2":"type-product","3":"status-publish","5":"pwb-brand-ridex","6":"product_cat-pakoputken-jousto","7":"desktop-align-left","8":"tablet-align-left","9":"mobile-align-left","11":"first","12":"instock","13":"product-type-external"},"brands":[{"id":157,"name":"RIDEX","slug":"ridex"}],"_links":{"self":[{"href":"https:\/\/www.autonvaraosahaku.fi\/index.php?rest_route=\/wp\/v2\/product\/15446","targetHints":{"allow":["GET"]}}],"collection":[{"href":"https:\/\/www.autonvaraosahaku.fi\/index.php?rest_route=\/wp\/v2\/product"}],"about":[{"href":"https:\/\/www.autonvaraosahaku.fi\/index.php?rest_route=\/wp\/v2\/types\/product"}],"wp:attachment":[{"href":"https:\/\/www.autonvaraosahaku.fi\/index.php?rest_route=%2Fwp%2Fv2%2Fmedia&parent=15446"}],"wp:term":[{"taxonomy":"pwb-brand","embeddable":true,"href":"https:\/\/www.autonvaraosahaku.fi\/index.php?rest_route=%2Fwp%2Fv2%2Fpwb-brand&post=15446"},{"taxonomy":"product_cat","embeddable":true,"href":"https:\/\/www.autonvaraosahaku.fi\/index.php?rest_route=%2Fwp%2Fv2%2Fproduct_cat&post=15446"},{"taxonomy":"product_tag","embeddable":true,"href":"https:\/\/www.autonvaraosahaku.fi\/index.php?rest_route=%2Fwp%2Fv2%2Fproduct_tag&post=15446"}],"curies":[{"name":"wp","href":"https:\/\/api.w.org\/{rel}","templated":true}]}}