{"id":15453,"date":"2021-02-21T14:24:03","date_gmt":"2021-02-21T14:24:03","guid":{"rendered":"https:\/\/www.autonvaraosahaku.fi\/?product=dakatec-30507-kierretulppa"},"modified":"2021-02-21T14:24:06","modified_gmt":"2021-02-21T14:24:06","slug":"dakatec-30507-kierretulppa","status":"publish","type":"product","link":"https:\/\/www.autonvaraosahaku.fi\/?product=dakatec-30507-kierretulppa","title":{"rendered":"DAKAtec 30507 Kierretulppa"},"content":{"rendered":"<p>Korvaava tuote\/korvaava tiedote 2: Tiivisterenkaalla; Pituus (mm): 21,5; Ulkol\u00e4pimitta [mm]: 23; Ulkokierre [mm]: M14 x 1,5; Avainv\u00e4li: 17; Ruuvikanta\/mutteriprofiili: Kuusioruuvi \/-mutteri; Ruuvin pituus ilman p\u00e4\u00e4t\u00e4: 11; Paino [g]: 10; Valmistusvuoteen: 12\/2008; KIA: SORENTO I JC,PICANTO BA,SPORTAGE JE_, KM_,RIO II JB,CARNIVAL II GQ,CARNIVAL \/ GRAND CARNIVAL III VQ,RIO II Stufenheck JB,CARENS I FC,K2500 SD; HYUNDAI: GETZ TB,TUCSON JM,SANTA F\u00c9 I SM,SANTA F\u00c9 II CM,MATRIX FC,COUPE GK,H-1 Travel TQ,ATOS MX,TRAJET FO,SONATA V NF,GALLOPER II JK-01,ix55,SONATA IV EF,ACCENT II LC,COUPE RD,H-1 Kasten,H-1 Cargo TQ,ACCENT III MC,H-1 \/ STAREX,ELANTRA XD,ACCENT III Stufenheck MC,ELANTRA Stufenheck XD,ACCENT II Stufenheck LC,XG XG,H-1 Pritsche\/Fahrgestell; VOLVO: V40 Kombi VW,S40 I VS; SUZUKI: JIMNY FJ,SAMURAI SJ,GRAND VITARA I FT,WAGON R+ MM,IGNIS FH,IGNIS II,SWIFT II Schr\u00e4gheck EA, MA,LIANA Schr\u00e4gheck,LIANA ER,WAGON R+ EM,BALENO Kombi EG,BALENO EG,BALENO Schr\u00e4gheck EG,ALTO HA12, HA23,ALTO HA11,X-90 EL,WAGON R,SWIFT II Stufenheck AH, AJ,CARRY Kasten FD,ALTO,GRAND VITARA I Cabriolet GT; PEUGEOT: 4008; MITSUBISHI: COLT VI Z3_A, Z2_A,SPACE STAR DG_A,ASX GA_W_,OUTLANDER XL II CW_W,CARISMA DA_,OUTLANDER III GG_W, GF_W, ZJ,GRANDIS NA_W,MIRAGE Schr\u00e4gheck,COLT V CJ_, CP_,OUTLANDER I CU_W,LANCER Kombi CS_W,LANCER SPORTBACK CX_A,PAJERO PININ H6_W, H7_W,COLT CZC Cabriolet RG,LANCER Stufenheck CY\/Z_A,CARISMA Stufenheck DA_,PAJERO III V7_W, V6_W,PAJERO IV V8_W, V9_W,L 200 K7_T, K6_T,L 200 KB_T, KA_T,PAJERO II V3_W, V2_W, V4_W,LANCER Stufenheck CS_A, CT0,L 300 Bus P0_W, P1_W, P2_W,PAJERO SPORT K90,COLT IV CA_A,ECLIPSE II D3_A,PAJERO CLASSIC V2_W,GALLOPER JK-01,L 300 Pritsche\/Fahrgestell L03_P,L 300 Kasten L03_P,L 300 Kasten P0_W, P1_W,L 300 Bus LO3_P\/G, L0_2P,PAJERO II Canvas Top V2_W, V4_W,L 300 Pritsche\/Fahrgestell P1_T,DELICA; 031137, 031137S1, 31137, 31137S1, 2151221000, 2151221010, 2151221000, 2151221010, 251221010, 134510406A, MD050316, MD050316S1, MD050317, MD050317S1, 4805011, 031137, 031137S1, 31137, 31137S1, 0924714027, 0924714027000, 0924714044, 0924714044000, 0924714044000S1, 0924714044S1, 09247A14027, 09247M14027, 09247M14027000, 094535699, 94535699, 30874061, 30874061S1; \u00d6ljytulppa,Kierretulppa, \u00d6ljypohja<\/p>\n","protected":false},"excerpt":{"rendered":"<p>DAKAtec Kierretulppa 30507 \u00d6ljytulppa,Kierretulppa, \u00d6ljypohja KIA,HYUNDAI,VOLVO,SORENTO I JC,PICANTO BA,SPORTAGE JE_, KM_,RIO II JB,CARNIVAL II GQ<\/p>\n","protected":false},"featured_media":0,"template":"","meta":{"site-sidebar-layout":"default","site-content-layout":"default","ast-global-header-display":"","ast-main-header-display":"","ast-hfb-above-header-display":"","ast-hfb-below-header-display":"","ast-hfb-mobile-header-display":"","site-post-title":"","ast-breadcrumbs-content":"","ast-featured-img":"","footer-sml-layout":"","theme-transparent-header-meta":"","adv-header-id-meta":"","stick-header-meta":"","header-above-stick-meta":"","header-main-stick-meta":"","header-below-stick-meta":""},"pwb-brand":[283],"product_cat":[40],"product_tag":[],"class_list":{"0":"post-15453","1":"product","2":"type-product","3":"status-publish","5":"pwb-brand-dakatec","6":"product_cat-kierretulppa","7":"desktop-align-left","8":"tablet-align-left","9":"mobile-align-left","11":"first","12":"instock","13":"product-type-external"},"brands":[{"id":283,"name":"DAKAtec","slug":"dakatec"}],"_links":{"self":[{"href":"https:\/\/www.autonvaraosahaku.fi\/index.php?rest_route=\/wp\/v2\/product\/15453","targetHints":{"allow":["GET"]}}],"collection":[{"href":"https:\/\/www.autonvaraosahaku.fi\/index.php?rest_route=\/wp\/v2\/product"}],"about":[{"href":"https:\/\/www.autonvaraosahaku.fi\/index.php?rest_route=\/wp\/v2\/types\/product"}],"wp:attachment":[{"href":"https:\/\/www.autonvaraosahaku.fi\/index.php?rest_route=%2Fwp%2Fv2%2Fmedia&parent=15453"}],"wp:term":[{"taxonomy":"pwb-brand","embeddable":true,"href":"https:\/\/www.autonvaraosahaku.fi\/index.php?rest_route=%2Fwp%2Fv2%2Fpwb-brand&post=15453"},{"taxonomy":"product_cat","embeddable":true,"href":"https:\/\/www.autonvaraosahaku.fi\/index.php?rest_route=%2Fwp%2Fv2%2Fproduct_cat&post=15453"},{"taxonomy":"product_tag","embeddable":true,"href":"https:\/\/www.autonvaraosahaku.fi\/index.php?rest_route=%2Fwp%2Fv2%2Fproduct_tag&post=15453"}],"curies":[{"name":"wp","href":"https:\/\/api.w.org\/{rel}","templated":true}]}}