{"id":15456,"date":"2021-02-21T14:24:03","date_gmt":"2021-02-21T14:24:03","guid":{"rendered":"https:\/\/www.autonvaraosahaku.fi\/?product=dakatec-150162-raidetangon-paa"},"modified":"2021-02-21T14:24:06","modified_gmt":"2021-02-21T14:24:06","slug":"dakatec-150162-raidetangon-paa","status":"publish","type":"product","link":"https:\/\/www.autonvaraosahaku.fi\/?product=dakatec-150162-raidetangon-paa","title":{"rendered":"DAKAtec 150162 Raidetangon p\u00e4\u00e4"},"content":{"rendered":"<p>Asennuspuoli: etuakseli molemminpuoleinen; Kartiomitta (mm): 10,7; Sis\u00e4kierre (mm): M12x1,5; Ulkokierre [mm]: M10x1,5; Pituus (mm): 70; Paino [g]: 210; OPEL: CORSA C F08, F68,CORSA B 73_, 78_, 79_,TIGRA TwinTop,COMBO Kasten\/Kombi,COMBO Tour,CORSA D Van,TIGRA 95_,CORSA A CC 93_, 94_, 98_, 99_,CORSA C Kasten F08, W5L,COMBO 71_,CORSA A TR 91_, 92_, 96_, 97_,CORSA B Kasten 73_,CORSA A Kasten; SMART: FORTWO Coupe 451,FORTWO Cabrio 451; 0324042, 0324050, 1603009, 324042, 324050, 4513380037, 4513380137, 26011925, 26087868, 7840452, 93192419<\/p>\n","protected":false},"excerpt":{"rendered":"<p>DAKAtec Raidetangon P\u00e4\u00e4 150162  OPEL,SMART,CORSA C F08, F68,CORSA B 73_, 78_, 79_,TIGRA TwinTop,COMBO Kasten\/Kombi,COMBO Tour,CORSA D Van,TIGRA 95_<\/p>\n","protected":false},"featured_media":0,"template":"","meta":{"site-sidebar-layout":"default","site-content-layout":"default","ast-global-header-display":"","ast-main-header-display":"","ast-hfb-above-header-display":"","ast-hfb-below-header-display":"","ast-hfb-mobile-header-display":"","site-post-title":"","ast-breadcrumbs-content":"","ast-featured-img":"","footer-sml-layout":"","theme-transparent-header-meta":"","adv-header-id-meta":"","stick-header-meta":"","header-above-stick-meta":"","header-main-stick-meta":"","header-below-stick-meta":""},"pwb-brand":[283],"product_cat":[96],"product_tag":[],"class_list":{"0":"post-15456","1":"product","2":"type-product","3":"status-publish","5":"pwb-brand-dakatec","6":"product_cat-raidetangon-paa","7":"desktop-align-left","8":"tablet-align-left","9":"mobile-align-left","11":"first","12":"instock","13":"product-type-external"},"brands":[{"id":283,"name":"DAKAtec","slug":"dakatec"}],"_links":{"self":[{"href":"https:\/\/www.autonvaraosahaku.fi\/index.php?rest_route=\/wp\/v2\/product\/15456","targetHints":{"allow":["GET"]}}],"collection":[{"href":"https:\/\/www.autonvaraosahaku.fi\/index.php?rest_route=\/wp\/v2\/product"}],"about":[{"href":"https:\/\/www.autonvaraosahaku.fi\/index.php?rest_route=\/wp\/v2\/types\/product"}],"wp:attachment":[{"href":"https:\/\/www.autonvaraosahaku.fi\/index.php?rest_route=%2Fwp%2Fv2%2Fmedia&parent=15456"}],"wp:term":[{"taxonomy":"pwb-brand","embeddable":true,"href":"https:\/\/www.autonvaraosahaku.fi\/index.php?rest_route=%2Fwp%2Fv2%2Fpwb-brand&post=15456"},{"taxonomy":"product_cat","embeddable":true,"href":"https:\/\/www.autonvaraosahaku.fi\/index.php?rest_route=%2Fwp%2Fv2%2Fproduct_cat&post=15456"},{"taxonomy":"product_tag","embeddable":true,"href":"https:\/\/www.autonvaraosahaku.fi\/index.php?rest_route=%2Fwp%2Fv2%2Fproduct_tag&post=15456"}],"curies":[{"name":"wp","href":"https:\/\/api.w.org\/{rel}","templated":true}]}}