{"id":15485,"date":"2021-02-21T14:24:12","date_gmt":"2021-02-21T14:24:12","guid":{"rendered":"https:\/\/www.autonvaraosahaku.fi\/?product=alanko-10800874-muut-luokat"},"modified":"2021-02-21T14:24:13","modified_gmt":"2021-02-21T14:24:13","slug":"alanko-10800874-muut-luokat","status":"publish","type":"product","link":"https:\/\/www.autonvaraosahaku.fi\/?product=alanko-10800874-muut-luokat","title":{"rendered":"ALANKO 10800874 Muut luokat"},"content":{"rendered":"<p>Asennuspuoli: Takana; Kiinnitysreikien lukum\u00e4\u00e4r\u00e4: 2; kierrereiki\u00e4 [kpl]: 1; tuotenumerolle: 10800875; M\u00e4\u00e4r\u00e4yksikk\u00f6: Kappale; Uusi osa: ; BMW: 3 Touring E91,5 Touring E61; 61627117878, 61627209167, 7117878, 7209167<\/p>\n","protected":false},"excerpt":{"rendered":"<p>ALANKO Pyyhkij\u00e4n Laakeri 10800874  BMW,3 Touring E91,5 Touring E61<\/p>\n","protected":false},"featured_media":0,"template":"","meta":{"site-sidebar-layout":"default","site-content-layout":"default","ast-global-header-display":"","ast-main-header-display":"","ast-hfb-above-header-display":"","ast-hfb-below-header-display":"","ast-hfb-mobile-header-display":"","site-post-title":"","ast-breadcrumbs-content":"","ast-featured-img":"","footer-sml-layout":"","theme-transparent-header-meta":"","adv-header-id-meta":"","stick-header-meta":"","header-above-stick-meta":"","header-main-stick-meta":"","header-below-stick-meta":""},"pwb-brand":[324],"product_cat":[37],"product_tag":[],"class_list":{"0":"post-15485","1":"product","2":"type-product","3":"status-publish","5":"pwb-brand-alanko","6":"product_cat-muut-luokat","7":"desktop-align-left","8":"tablet-align-left","9":"mobile-align-left","11":"first","12":"instock","13":"product-type-external"},"brands":[{"id":324,"name":"ALANKO","slug":"alanko"}],"_links":{"self":[{"href":"https:\/\/www.autonvaraosahaku.fi\/index.php?rest_route=\/wp\/v2\/product\/15485","targetHints":{"allow":["GET"]}}],"collection":[{"href":"https:\/\/www.autonvaraosahaku.fi\/index.php?rest_route=\/wp\/v2\/product"}],"about":[{"href":"https:\/\/www.autonvaraosahaku.fi\/index.php?rest_route=\/wp\/v2\/types\/product"}],"wp:attachment":[{"href":"https:\/\/www.autonvaraosahaku.fi\/index.php?rest_route=%2Fwp%2Fv2%2Fmedia&parent=15485"}],"wp:term":[{"taxonomy":"pwb-brand","embeddable":true,"href":"https:\/\/www.autonvaraosahaku.fi\/index.php?rest_route=%2Fwp%2Fv2%2Fpwb-brand&post=15485"},{"taxonomy":"product_cat","embeddable":true,"href":"https:\/\/www.autonvaraosahaku.fi\/index.php?rest_route=%2Fwp%2Fv2%2Fproduct_cat&post=15485"},{"taxonomy":"product_tag","embeddable":true,"href":"https:\/\/www.autonvaraosahaku.fi\/index.php?rest_route=%2Fwp%2Fv2%2Fproduct_tag&post=15485"}],"curies":[{"name":"wp","href":"https:\/\/api.w.org\/{rel}","templated":true}]}}