{"id":15556,"date":"2021-02-21T14:24:23","date_gmt":"2021-02-21T14:24:23","guid":{"rendered":"https:\/\/www.autonvaraosahaku.fi\/?product=fanfaro-ff6710-1-moottorioljy"},"modified":"2021-02-21T14:24:26","modified_gmt":"2021-02-21T14:24:26","slug":"fanfaro-ff6710-1-moottorioljy","status":"publish","type":"product","link":"https:\/\/www.autonvaraosahaku.fi\/?product=fanfaro-ff6710-1-moottorioljy","title":{"rendered":"FANFARO FF6710-1 Moottori\u00f6ljy"},"content":{"rendered":"<p>Tilavuus (litra): 1; Viskositeettiluokka SAE: 5W-30; Erittely: API SN, ILSAC GF-5; Pakkaustyyppi: Kanisteri; Tuotelinja: O.E.M. Line; Versio: 6710 O.E.M.; API-m\u00e4\u00e4rittely: ilman sis\u00e4\u00e4nrakennettua \u00f6ljyl\u00e4mp\u00f6tilan sensoria; FORD: FIESTA V JH_, JD_,MONDEO III Kombi BWY,FOCUS II Kombi DA_,FIESTA VI,MONDEO IV Turnier BA7,FOCUS Kombi DNW,FOCUS II DA_,FOCUS DAW, DBW,S-MAX WA6,FOCUS III Turnier,GALAXY WGR,FOCUS C-MAX,FIESTA IV JA_, JB_,GALAXY WA6,KUGA I,FUSION JU_,KA RB_,MONDEO III B5Y,C-MAX DM2,FOCUS III,MAVERICK,TRANSIT MK-7 Kasten,C-MAX II,RANGER TKE,MONDEO IV BA7,MONDEO III Stufenheck B4Y,KUGA II DM2,GRAND C-MAX,FOCUS Stufenheck DFW,TRANSIT MK-7 Bus,STREET KA RL2,MONDEO II Kombi BNP,TRANSIT Kasten FA_ _,TRANSIT CONNECT P65_, P70_, P80_,FOCUS II Stufenheck DA_,TRANSIT Bus FD_ _, FB_ _, FS_ _, FZ_ _, FC_ _,B-MAX JK,FOCUS II Cabriolet,COUGAR EC_,MONDEO II BAP,TOURNEO CONNECT,RANGER ES, ET,RANGER ER, EQ,ECOSPORT,TRANSIT MK-7 Pritsche\/Fahrgestell,PUMA EC_,TRANSIT Pritsche\/Fahrgestell FM_ _, FN_ _,FOCUS III Stufenheck,MONDEO IV Stufenheck BA7,ESCORT VII GAL, AAL, ABL,TRANSIT TOURNEO FB,MONDEO II Stufenheck BFP,MONDEO I Kombi BNP,MONDEO I GBP,ESCORT VII Kombi GAL, ANL,TOURNEO CONNECT \/ GRA; RENAULT: TWINGO I C06_,CLIO II BB0\/1\/2_, CB0\/1\/2_,CLIO III BR0\/1, CR0\/1,SC\u00c9NIC II JM0\/1_,KANGOO KC0\/1_,ESPACE IV JK0\/1_,MODUS \/ GRAND MODUS F\/JP0_,LAGUNA II Grandtour KG0\/1_,MEGANE II Kombi KM0\/1_,SC\u00c9NIC I JA0\/1_,MEGANE II Coup\u00e9-Cabriolet EM0\/1_,ESPACE III JE0_,MEGANE Scenic JA0\/1_,LAGUNA II BG0\/1_,MEGANE II BM0\/1_, CM0\/1_,MEGANE I BA0\/1_,KANGOO Express FC0\/1_,CLIO Grandtour KR0\/1_,GRAND SC\u00c9NIC II JM0\/1_,MEGANE I Grandtour KA0\/1_,MEGANE I Cabriolet EA0\/1_,MEGANE II Stufenheck LM0\/1_,MEGANE I Classic LA0\/1_,MEGANE I Coach DA0\/1_,VEL SATIS BJ0_,CLIO II Kasten SB0\/1\/2_,AVANTIME DE0_,THALIA I LB0\/1\/2_,SANDERO\/STEPWAY I,LOGAN I Kombi KS_,LOGAN I LS_; FIAT: FREEMONT JF_; TOYOTA: YARIS SCP9_, NSP9_, KSP9_, NCP9_, ZSP9_,AVENSIS Kombi T25,COROLLA Verso ZER_, ZZE12_, R1_,AYGO WNB1_, KGB1_,AURIS NRE15_, ZZE15_, ADE15_, ZRE15_, NDE15_,RAV 4 III ACA3_, ACE_, ALA3_, GSA3_, ZSA3_,COROLLA ZZE12_, NDE12_, ZDE12_,AVENSIS Station Wagon ZRT27, ADT27,VERSO _AUR2_, _ZGR2_,AVENSIS T25_,YARIS NHP13_, NSP13_, NCP13_, KSP13_, NLP13_,AURIS NZE18_, ZRE18_,COROLLA Kombi _E12J_, _E12T_,PRIUS Liftback NHW20_,AVENSIS Stufenheck T25,AURIS TOURING SPORTS ADE18_, ZWE18_, ZRE18_,IQ KPJ1_, NGJ1_, KGJ1_, NUJ1_,COROLLA Verso ZDE12_, CDE12_,PRIUS ZVW3_,GT 86 Coupe ZN6_,AVENSIS Stufenheck ZRT27, ADT27,RAV 4 IV ZSA4_, ALA4_,LAND CRUISER KDJ12_, GRJ12_,VERSO S NLP12_, NCP12_, NSP12_,COROLLA Stufenheck _E12J_, _E12T_,LAND CRUISER 90 _J9_,AVENSIS VERSO _CLM2_, _ACM2_,VIOS\/YARIS Stufenheck ZSP9_, NCP9_,PRIUS PLUS ZVW4_,LAND CRUISER 100 UZJ100,URBAN CRUISER NSP1_, NLP1_, ZSP1_, NCP11_,LAND CRUISER 150 KDJ15_, GRJ15_,CAMRY MCV3_, ACV3_, _XV3_,LAND CRUISER VDJ20_, UZJ20_,PRIUS Stufenheck NHW1; HYUNDAI: ix35 LM, EL, ELH,i10 PA,TUCSON JM,i40 CW VF,i30 GD,i30 CW GD,SONATA V NF,ix55,SANTA F\u00c9 III DM,i30 Coupe,GENESIS Coupe,VELOSTER FS,i40 VF,ELANTRA Stufenheck XD,LANTRA II J-2,i10 IA,ELANTRA Stufenheck MD, UD,ACCENT IV RB,SONATA VI YF,ELANTRA Stufenheck HD,GENESIS BH,ACCENT IV Stufenheck RB,i10 Stufenheck; NISSAN: QASHQAI \/ QASHQAI +2 J10, JJ10,X-TRAIL T30,NOTE E11,ALMERA II Hatchback N16,NAVARA D40,JUKE F15,PATHFINDER R51,X-TRAIL T31,MICRA IV K13,NV200 EVALIA,350 Z Z33,MURANO Z50,NAVARA Pritsche\/Fahrgestell D40,NOTE E12,PATROL GR II Wagon Y61,TIIDA Schr\u00e4gheck,NV200 Kasten,MURANO Z51,ALMERA Mk II N16,370 Z Z34,350 Z Roadster Z33,CUBE Z12,TIIDA Stufenheck SC11X,370 Z Roadster Z34,TEANA II J32,PATROL III Y62,SENTRA B15,TEANA I J31; MAZDA: 5 CR19,3 BK,CX-5 KE, GH,6 Kombi GH,2 DE,CX-7 ER,6 GG,3 BL,5 CW,3 BM,MX-5 III NC,6 Kombi GJ, GH,6 Schr\u00e4gheck GH,RX 8 SE17,3 Stufenheck BK,6 GH,MPV II LW,6 Stufenheck GJ, GH,3 Stufenheck BL,3 Stufenheck BM,CX-9 TB; KIA: PICANTO BA,SPORTAGE SL,CEE&#8217;D SW ED,CEE&#8217;D Schr\u00e4gheck ED,SPORTAGE JE_, KM_,VENGA YN,SORENTO II XM,CARENS II FJ,RIO III UB,CEE&#8217;D JD,CARNIVAL II GQ,CARNIVAL \/ GRAND CARNIVAL III VQ,PICANTO TA,CEE`D Sportswagon JD,PRO CEE&#8217;D ED,CARENS IV,CERATO LD,MAGENTIS GD,MAGENTIS MG,PRO CEE\u00b4D JD,CERATO Stufenheck LD,OPTIMA,RIO III Stufenheck UB,CARNIVAL I UP,CERATO II Stufenheck TD; HONDA: CIVIC VIII Hatchback FN, FK,JAZZ II GD,CR-V III RE,CIVIC VII Hatchback EU, EP, EV,JAZZ III GE,ACCORD VII CL,FR-V BE,ACCORD VIII CU,ACCORD VII Tourer CM,ACCORD VIII Kombi,CIVIC VII Coupe EM2,CIVIC VIII Stufenheck FD, FA,JAZZ Stufenheck,INSIGHT ZE_,CR-Z ZF1,CIVIC VII Stufenheck ES,LEGEND IV KB_,ACCORD VII CM,CITY Stufenheck GD8\/GD9; VOLVO: V50 MW,XC60,V70 III BW,C30,S80 I TS, XY,V60,S40 II MS,C70 II Cabriolet,V40 Schr\u00e4gheck,S80 II AS,S60 II<\/p>\n","protected":false},"excerpt":{"rendered":"<p>FANFARO Moottori\u00f6ljy FF6710-1<\/p>\n","protected":false},"featured_media":0,"template":"","meta":{"site-sidebar-layout":"default","site-content-layout":"default","ast-global-header-display":"","ast-main-header-display":"","ast-hfb-above-header-display":"","ast-hfb-below-header-display":"","ast-hfb-mobile-header-display":"","site-post-title":"","ast-breadcrumbs-content":"","ast-featured-img":"","footer-sml-layout":"","theme-transparent-header-meta":"","adv-header-id-meta":"","stick-header-meta":"","header-above-stick-meta":"","header-main-stick-meta":"","header-below-stick-meta":""},"pwb-brand":[160],"product_cat":[129],"product_tag":[],"class_list":{"0":"post-15556","1":"product","2":"type-product","3":"status-publish","5":"pwb-brand-fanfaro","6":"product_cat-moottorioljy","7":"desktop-align-left","8":"tablet-align-left","9":"mobile-align-left","11":"first","12":"instock","13":"product-type-external"},"brands":[{"id":160,"name":"FANFARO","slug":"fanfaro"}],"_links":{"self":[{"href":"https:\/\/www.autonvaraosahaku.fi\/index.php?rest_route=\/wp\/v2\/product\/15556","targetHints":{"allow":["GET"]}}],"collection":[{"href":"https:\/\/www.autonvaraosahaku.fi\/index.php?rest_route=\/wp\/v2\/product"}],"about":[{"href":"https:\/\/www.autonvaraosahaku.fi\/index.php?rest_route=\/wp\/v2\/types\/product"}],"wp:attachment":[{"href":"https:\/\/www.autonvaraosahaku.fi\/index.php?rest_route=%2Fwp%2Fv2%2Fmedia&parent=15556"}],"wp:term":[{"taxonomy":"pwb-brand","embeddable":true,"href":"https:\/\/www.autonvaraosahaku.fi\/index.php?rest_route=%2Fwp%2Fv2%2Fpwb-brand&post=15556"},{"taxonomy":"product_cat","embeddable":true,"href":"https:\/\/www.autonvaraosahaku.fi\/index.php?rest_route=%2Fwp%2Fv2%2Fproduct_cat&post=15556"},{"taxonomy":"product_tag","embeddable":true,"href":"https:\/\/www.autonvaraosahaku.fi\/index.php?rest_route=%2Fwp%2Fv2%2Fproduct_tag&post=15556"}],"curies":[{"name":"wp","href":"https:\/\/api.w.org\/{rel}","templated":true}]}}