{"id":15568,"date":"2021-02-21T14:24:28","date_gmt":"2021-02-21T14:24:28","guid":{"rendered":"https:\/\/www.autonvaraosahaku.fi\/?product=permatex-60-018-muut-luokat"},"modified":"2021-02-21T14:24:29","modified_gmt":"2021-02-21T14:24:29","slug":"permatex-60-018-muut-luokat","status":"publish","type":"product","link":"https:\/\/www.autonvaraosahaku.fi\/?product=permatex-60-018-muut-luokat","title":{"rendered":"PERMATEX 60-018 Muut luokat"},"content":{"rendered":"<p>Sis\u00e4lt\u00f6 [ml]: 95; V\u00e4ri: Musta; Pakkaustyyppi: Tuubi; Materiaali: Silikoni; L\u00e4mp\u00f6alue alkaen [\u00b0C]: -54; L\u00e4mp\u00f6tila-alue korkeintaan [\u00b0C]: 260; Kemialliset ominaisuudet: Kestoelastinen, \u00f6ljynkest\u00e4v\u00e4<\/p>\n","protected":false},"excerpt":{"rendered":"<p>PERMATEX Tiivistysaine 60-018<\/p>\n","protected":false},"featured_media":0,"template":"","meta":{"site-sidebar-layout":"default","site-content-layout":"default","ast-global-header-display":"","ast-main-header-display":"","ast-hfb-above-header-display":"","ast-hfb-below-header-display":"","ast-hfb-mobile-header-display":"","site-post-title":"","ast-breadcrumbs-content":"","ast-featured-img":"","footer-sml-layout":"","theme-transparent-header-meta":"","adv-header-id-meta":"","stick-header-meta":"","header-above-stick-meta":"","header-main-stick-meta":"","header-below-stick-meta":""},"pwb-brand":[372],"product_cat":[37],"product_tag":[],"class_list":{"0":"post-15568","1":"product","2":"type-product","3":"status-publish","5":"pwb-brand-permatex","6":"product_cat-muut-luokat","7":"desktop-align-left","8":"tablet-align-left","9":"mobile-align-left","11":"first","12":"instock","13":"product-type-external"},"brands":[{"id":372,"name":"PERMATEX","slug":"permatex"}],"_links":{"self":[{"href":"https:\/\/www.autonvaraosahaku.fi\/index.php?rest_route=\/wp\/v2\/product\/15568","targetHints":{"allow":["GET"]}}],"collection":[{"href":"https:\/\/www.autonvaraosahaku.fi\/index.php?rest_route=\/wp\/v2\/product"}],"about":[{"href":"https:\/\/www.autonvaraosahaku.fi\/index.php?rest_route=\/wp\/v2\/types\/product"}],"wp:attachment":[{"href":"https:\/\/www.autonvaraosahaku.fi\/index.php?rest_route=%2Fwp%2Fv2%2Fmedia&parent=15568"}],"wp:term":[{"taxonomy":"pwb-brand","embeddable":true,"href":"https:\/\/www.autonvaraosahaku.fi\/index.php?rest_route=%2Fwp%2Fv2%2Fpwb-brand&post=15568"},{"taxonomy":"product_cat","embeddable":true,"href":"https:\/\/www.autonvaraosahaku.fi\/index.php?rest_route=%2Fwp%2Fv2%2Fproduct_cat&post=15568"},{"taxonomy":"product_tag","embeddable":true,"href":"https:\/\/www.autonvaraosahaku.fi\/index.php?rest_route=%2Fwp%2Fv2%2Fproduct_tag&post=15568"}],"curies":[{"name":"wp","href":"https:\/\/api.w.org\/{rel}","templated":true}]}}