{"id":15585,"date":"2021-02-21T14:24:31","date_gmt":"2021-02-21T14:24:31","guid":{"rendered":"https:\/\/www.autonvaraosahaku.fi\/?product=moje-auto-19-049-muut-luokat"},"modified":"2021-02-21T14:24:32","modified_gmt":"2021-02-21T14:24:32","slug":"moje-auto-19-049-muut-luokat","status":"publish","type":"product","link":"https:\/\/www.autonvaraosahaku.fi\/?product=moje-auto-19-049-muut-luokat","title":{"rendered":"MOJE AUTO 19-049 Muut luokat"},"content":{"rendered":"<p>Sis\u00e4lt\u00f6 [ml]: 650; Pakkaustyyppi: Ruiskutuspullo; Yleisk\u00e4ytt\u00f6inen: Kyll\u00e4<\/p>\n","protected":false},"excerpt":{"rendered":"<p>MOJE AUTO Lasinpesu 19-049<\/p>\n","protected":false},"featured_media":0,"template":"","meta":{"site-sidebar-layout":"default","site-content-layout":"default","ast-global-header-display":"","ast-main-header-display":"","ast-hfb-above-header-display":"","ast-hfb-below-header-display":"","ast-hfb-mobile-header-display":"","site-post-title":"","ast-breadcrumbs-content":"","ast-featured-img":"","footer-sml-layout":"","theme-transparent-header-meta":"","adv-header-id-meta":"","stick-header-meta":"","header-above-stick-meta":"","header-main-stick-meta":"","header-below-stick-meta":""},"pwb-brand":[363],"product_cat":[37],"product_tag":[],"class_list":{"0":"post-15585","1":"product","2":"type-product","3":"status-publish","5":"pwb-brand-moje-auto","6":"product_cat-muut-luokat","7":"desktop-align-left","8":"tablet-align-left","9":"mobile-align-left","11":"first","12":"instock","13":"product-type-external"},"brands":[{"id":363,"name":"MOJE AUTO","slug":"moje-auto"}],"_links":{"self":[{"href":"https:\/\/www.autonvaraosahaku.fi\/index.php?rest_route=\/wp\/v2\/product\/15585","targetHints":{"allow":["GET"]}}],"collection":[{"href":"https:\/\/www.autonvaraosahaku.fi\/index.php?rest_route=\/wp\/v2\/product"}],"about":[{"href":"https:\/\/www.autonvaraosahaku.fi\/index.php?rest_route=\/wp\/v2\/types\/product"}],"wp:attachment":[{"href":"https:\/\/www.autonvaraosahaku.fi\/index.php?rest_route=%2Fwp%2Fv2%2Fmedia&parent=15585"}],"wp:term":[{"taxonomy":"pwb-brand","embeddable":true,"href":"https:\/\/www.autonvaraosahaku.fi\/index.php?rest_route=%2Fwp%2Fv2%2Fpwb-brand&post=15585"},{"taxonomy":"product_cat","embeddable":true,"href":"https:\/\/www.autonvaraosahaku.fi\/index.php?rest_route=%2Fwp%2Fv2%2Fproduct_cat&post=15585"},{"taxonomy":"product_tag","embeddable":true,"href":"https:\/\/www.autonvaraosahaku.fi\/index.php?rest_route=%2Fwp%2Fv2%2Fproduct_tag&post=15585"}],"curies":[{"name":"wp","href":"https:\/\/api.w.org\/{rel}","templated":true}]}}