{"id":15586,"date":"2021-02-21T14:24:31","date_gmt":"2021-02-21T14:24:31","guid":{"rendered":"https:\/\/www.autonvaraosahaku.fi\/?product=topran-116-300-tiivisteet"},"modified":"2021-02-21T14:24:32","modified_gmt":"2021-02-21T14:24:32","slug":"topran-116-300-tiivisteet","status":"publish","type":"product","link":"https:\/\/www.autonvaraosahaku.fi\/?product=topran-116-300-tiivisteet","title":{"rendered":"TOPRAN 116 300 Tiivisteet"},"content":{"rendered":"<p>Materiaali: NBR (nitriili-butadi-kumi); Ulkol\u00e4pimitta [mm]: 20,2; Sis\u00e4l\u00e4pimitta [mm]: 9,5; VW: GOLF V 1K1,POLO 9N_,TOURAN 1T1, 1T2,GOLF PLUS 5M1, 521,POLO 6R, 6C,GOLF VII 5G1, BE1,CADDY III Kombi 2KB, 2KJ, 2CB, 2CJ,FOX 5Z1, 5Z3,GOLF V Variant 1K5,CADDY III Kasten 2KA, 2KH, 2CA, 2CH,GOLF VII Kombi BA5,EOS 1F7, 1F8,JETTA III 1K2,GOLF VI Cabriolet 517,GOLF SPORTSVAN AM1; AUDI: A3 8P1,A3 Sportback 8PA,A3 Sportback 8VA,A1 8X1, 8XF,A1 Sportback 8XA, 8XK,A3 Limousine 8VS,A3 8V1,A3 Cabriolet 8V7; SKODA: OCTAVIA Combi 1Z5,FABIA Combi 6Y5,FABIA,FABIA 6Y2,OCTAVIA Combi 5E5,FABIA Combi,ROOMSTER 5J,OCTAVIA 1Z3,RAPID Spaceback NH1,FABIA Stufenheck 6Y3,OCTAVIA 5E3,ROOMSTER Praktik 5J,RAPID NH3,FABIA Praktik,SUPERB Kombi 3V5,SUPERB 3V3; SEAT: IBIZA IV 6L1,LEON 1P1,IBIZA V 6J5, 6P5,ALTEA 5P1,ALTEA XL 5P5, 5P8,LEON ST 5F8,IBIZA V ST 6J8, 6P8,IBIZA V SPORTCOUPE 6J1, 6P1,CORDOBA 6L2,LEON SC 5F5,TOLEDO III 5P2,TOLEDO IV KG3; 431955465A, 431955465A, 431955465A, 431955465A, 431955465A<\/p>\n","protected":false},"excerpt":{"rendered":"<p>TOPRAN Tiiviste, Pesunestepumppu \/-S\u00e4ili\u00f6 116 300  VW,AUDI,SKODA,GOLF V 1K1,POLO 9N_,TOURAN 1T1, 1T2,GOLF PLUS 5M1, 521,POLO 6R, 6C,GOLF VII 5G1, BE1<\/p>\n","protected":false},"featured_media":0,"template":"","meta":{"site-sidebar-layout":"default","site-content-layout":"default","ast-global-header-display":"","ast-main-header-display":"","ast-hfb-above-header-display":"","ast-hfb-below-header-display":"","ast-hfb-mobile-header-display":"","site-post-title":"","ast-breadcrumbs-content":"","ast-featured-img":"","footer-sml-layout":"","theme-transparent-header-meta":"","adv-header-id-meta":"","stick-header-meta":"","header-above-stick-meta":"","header-main-stick-meta":"","header-below-stick-meta":""},"pwb-brand":[18],"product_cat":[27],"product_tag":[],"class_list":{"0":"post-15586","1":"product","2":"type-product","3":"status-publish","5":"pwb-brand-topran","6":"product_cat-tiivisteet","7":"desktop-align-left","8":"tablet-align-left","9":"mobile-align-left","11":"first","12":"instock","13":"product-type-external"},"brands":[{"id":18,"name":"TOPRAN","slug":"topran"}],"_links":{"self":[{"href":"https:\/\/www.autonvaraosahaku.fi\/index.php?rest_route=\/wp\/v2\/product\/15586","targetHints":{"allow":["GET"]}}],"collection":[{"href":"https:\/\/www.autonvaraosahaku.fi\/index.php?rest_route=\/wp\/v2\/product"}],"about":[{"href":"https:\/\/www.autonvaraosahaku.fi\/index.php?rest_route=\/wp\/v2\/types\/product"}],"wp:attachment":[{"href":"https:\/\/www.autonvaraosahaku.fi\/index.php?rest_route=%2Fwp%2Fv2%2Fmedia&parent=15586"}],"wp:term":[{"taxonomy":"pwb-brand","embeddable":true,"href":"https:\/\/www.autonvaraosahaku.fi\/index.php?rest_route=%2Fwp%2Fv2%2Fpwb-brand&post=15586"},{"taxonomy":"product_cat","embeddable":true,"href":"https:\/\/www.autonvaraosahaku.fi\/index.php?rest_route=%2Fwp%2Fv2%2Fproduct_cat&post=15586"},{"taxonomy":"product_tag","embeddable":true,"href":"https:\/\/www.autonvaraosahaku.fi\/index.php?rest_route=%2Fwp%2Fv2%2Fproduct_tag&post=15586"}],"curies":[{"name":"wp","href":"https:\/\/api.w.org\/{rel}","templated":true}]}}