{"id":15592,"date":"2021-02-21T14:24:31","date_gmt":"2021-02-21T14:24:31","guid":{"rendered":"https:\/\/www.autonvaraosahaku.fi\/?product=sachs-318-202-iskunvaimennin"},"modified":"2021-02-21T14:24:33","modified_gmt":"2021-02-21T14:24:33","slug":"sachs-318-202-iskunvaimennin","status":"publish","type":"product","link":"https:\/\/www.autonvaraosahaku.fi\/?product=sachs-318-202-iskunvaimennin","title":{"rendered":"SACHS 318 202 Iskunvaimennin"},"content":{"rendered":"<p>Iskunvaimennusj\u00e4rjestelm\u00e4: Kaksiputki; Iskunvaimennin tyyppi: Kaasupaine; Tunnusluku: SEOV30\/13X170A; Iskunvaimennin asennustapa: Tappi ylh\u00e4\u00e4ll\u00e4, Silmukka alhaalla; Akseli: Nelinivelakseli; Asennuspuoli: Hinterachse; VW: GOLF VII 5G1, BE1,GOLF VII Kombi BA5,PASSAT Variant 3G5,GOLF SPORTSVAN AM1,TOURAN,TIGUAN AD1,PASSAT 3G2,PASSAT ALLTRACK 3G5,ARTEON 3H7; AUDI: A3 Sportback 8VA,A3 Limousine 8VS,A3 8V1,A3 Cabriolet 8V7,TT FV3,TT Roadster FV9; SKODA: OCTAVIA Combi 5E5,OCTAVIA 5E3,SUPERB Kombi 3V5,KODIAQ NS7,SUPERB 3V3; SEAT: LEON 5F1,LEON ST 5F8,LEON SC 5F5,ATECA KH7; 5Q0513029ER, 5Q0513029ES, 5Q0513029HQ, 5Q0513029JE, 5Q0513029JF, 5QF513049BL, 5QF513049BM, 5QF513049CD, 5QF513049CE, 8S0513029B, 8S0513029D, 8S7513029D, 8S7513029F, 8S7513029G, 8V0513029AC, 8V0513029E, 8V0513029F, 8V0513029H, 8V0513029J, 5Q0513029EM, 5Q0513029EN, 5Q0513029FE, 5Q0513029FG, 5Q0513029LF, 5Q0513029DD, 5Q0513029DE, 5Q0513029DF, 5Q0513029DL, 5Q0513029DN, 5Q0513029ED, 5Q0513029EE, 5Q0513029EF, 5Q0513029FD, 5Q0513029FL, 5Q0513029KB, 5Q0513029KC, 5Q0513029KD, 5Q0513029KE, 5Q0513029KL, 5QF513049AH, 5QF513049AJ, 5QF513049AS, 5QF513049AT, 3Q0512011HD, 3Q0512011HE, 3Q0512011HF, 3Q0512011HG, 3Q0512011HS, 3Q0512011HT, 3Q0512011JA, 3Q0512011JB, 3Q0512011JC, 3Q0512011JD, 3Q0512011JE, 3Q0512011JF, 3Q0512011JG, 3Q0512011JH, 3Q0512011JJ, 3Q0512011JK, 3Q0512011JL, 3Q0512011JQ, 3Q0512011JR, 3Q0512011KD, 5Q0512011FA, 5Q0512011GD, 5Q0512011GE, 5Q0512011GJ, 5Q0512011GK, 5Q0512011GM, 5Q0512011GN, 5Q0512011GP, 5Q0512011GQ, 5Q0512011GR, 5Q0512011GS, 5Q0512011GT, 5Q0512011HA, 5Q0512011HG, 5Q0512&#8230;; Iskarit,Iskunvaimennin<\/p>\n","protected":false},"excerpt":{"rendered":"<p>SACHS Iskunvaimentimet 318 202 Iskarit,Iskunvaimennin VW,AUDI,SKODA,GOLF VII 5G1, BE1,GOLF VII Kombi BA5,PASSAT Variant 3G5,GOLF SPORTSVAN AM1,TOURAN<\/p>\n","protected":false},"featured_media":0,"template":"","meta":{"site-sidebar-layout":"default","site-content-layout":"default","ast-global-header-display":"","ast-main-header-display":"","ast-hfb-above-header-display":"","ast-hfb-below-header-display":"","ast-hfb-mobile-header-display":"","site-post-title":"","ast-breadcrumbs-content":"","ast-featured-img":"","footer-sml-layout":"","theme-transparent-header-meta":"","adv-header-id-meta":"","stick-header-meta":"","header-above-stick-meta":"","header-main-stick-meta":"","header-below-stick-meta":""},"pwb-brand":[91],"product_cat":[80],"product_tag":[],"class_list":{"0":"post-15592","1":"product","2":"type-product","3":"status-publish","5":"pwb-brand-sachs","6":"product_cat-iskunvaimennin","7":"desktop-align-left","8":"tablet-align-left","9":"mobile-align-left","11":"first","12":"instock","13":"product-type-external"},"brands":[{"id":91,"name":"SACHS","slug":"sachs"}],"_links":{"self":[{"href":"https:\/\/www.autonvaraosahaku.fi\/index.php?rest_route=\/wp\/v2\/product\/15592","targetHints":{"allow":["GET"]}}],"collection":[{"href":"https:\/\/www.autonvaraosahaku.fi\/index.php?rest_route=\/wp\/v2\/product"}],"about":[{"href":"https:\/\/www.autonvaraosahaku.fi\/index.php?rest_route=\/wp\/v2\/types\/product"}],"wp:attachment":[{"href":"https:\/\/www.autonvaraosahaku.fi\/index.php?rest_route=%2Fwp%2Fv2%2Fmedia&parent=15592"}],"wp:term":[{"taxonomy":"pwb-brand","embeddable":true,"href":"https:\/\/www.autonvaraosahaku.fi\/index.php?rest_route=%2Fwp%2Fv2%2Fpwb-brand&post=15592"},{"taxonomy":"product_cat","embeddable":true,"href":"https:\/\/www.autonvaraosahaku.fi\/index.php?rest_route=%2Fwp%2Fv2%2Fproduct_cat&post=15592"},{"taxonomy":"product_tag","embeddable":true,"href":"https:\/\/www.autonvaraosahaku.fi\/index.php?rest_route=%2Fwp%2Fv2%2Fproduct_tag&post=15592"}],"curies":[{"name":"wp","href":"https:\/\/api.w.org\/{rel}","templated":true}]}}