{"id":15593,"date":"2021-02-21T14:24:31","date_gmt":"2021-02-21T14:24:31","guid":{"rendered":"https:\/\/www.autonvaraosahaku.fi\/?product=hella-9xw-358-136-261-pyyhkijansulat"},"modified":"2021-02-21T14:24:33","modified_gmt":"2021-02-21T14:24:33","slug":"hella-9xw-358-136-261-pyyhkijansulat","status":"publish","type":"product","link":"https:\/\/www.autonvaraosahaku.fi\/?product=hella-9xw-358-136-261-pyyhkijansulat","title":{"rendered":"HELLA 9XW 358 136-261 Pyyhkij\u00e4nsulat"},"content":{"rendered":"<p>Asennuspuoli: Molemminpuolin, fahrerseitig; Pituus (mm): 650; Pituus (tuumaa): 26; Vasen \/ oikea liikenne: Oikean-\/vasemmanpuolinen ohjaus; M\u00e4\u00e4r\u00e4: 1; Pyyhkij\u00e4nsulkatyyppi: Flatblade-pyyhinsulka (rungoton); VW: GOLF VII 5G1, BE1,TOUAREG 7LA, 7L6, 7L7,GOLF VII Kombi BA5,TOUAREG 7P5,CRAFTER 30-50 Kasten 2E_,CRAFTER 30-35 Bus 2E_,CRAFTER 30-50 Pritsche\/Fahrgestell 2F_,PASSAT Variant 3G5,TIGUAN AD1,PASSAT 3G2,POLO AW1, BZ1,PASSAT ALLTRACK 3G5,CRAFTER Kasten SY_,ARTEON 3H7,TIGUAN ALLSPACE BW2,GOLF ALLTRACK BA5,CRAFTER Bus SY_,CRAFTER Pritsche\/Fahrgestell SZ_; AUDI: A6 Avant 4G5, C7, 4GD,Q7 4L,A3 Sportback 8VA,A6 4G2, C7, 4GC,A7 Sportback 4GA, 4GF,A3 Limousine 8VS,A3 8V1,A6 Allroad 4GH, 4GJ,A3 Cabriolet 8V7; MAZDA: 5 CR19,CX-7 ER,5 CW,CX-9 TB; NISSAN: ALMERA TINO V10,PRIMERA Kombi WP12,PRIMERA P12,MURANO Z50,PRIMERA Hatchback P12,MURANO Z51,MAXIMA QX A33,LEAF,QASHQAI J11, J11_,NV400 Kasten,X-TRAIL T32,PULSAR Schr\u00e4gheck C13,NV400 Bus,TEANA II J32,ALTIMA,NV400 Pritsche\/Fahrgestell,MICRA V K14,NV300 Kasten X82,PATHFINDER R52,NV300 Kombi X82,MAXIMA A34,SENTRA B17; JEEP: CHEROKEE KL; ABARTH: PUNTO 199_,PUNTO EVO 199_; SKODA: SUPERB Kombi 3V5,SUPERB 3V3,KAROQ NU7; SUZUKI: SX4 EY, GY,SX4 Stufenheck GY; SEAT: LEON 1P1,LEON 5F1,LEON ST 5F8,LEON SC 5F5,ATECA KH7,ARONA KJ7; CHEVROLET: AVEO Schr\u00e4gheck T300,TRAX,AVEO Stufenheck T300,VOLT; Tuulilasinpyyhkimet,Pyyhkij\u00e4t,Pyyhkij\u00e4nsulka<\/p>\n","protected":false},"excerpt":{"rendered":"<p>HELLA Pyyhkij\u00e4nsulat 9XW 358 136-261 Tuulilasinpyyhkimet,Pyyhkij\u00e4t VW,AUDI,MAZDA,GOLF VII 5G1, BE1,TOUAREG 7LA, 7L6, 7L7,GOLF VII Kombi BA5<\/p>\n","protected":false},"featured_media":0,"template":"","meta":{"site-sidebar-layout":"default","site-content-layout":"default","ast-global-header-display":"","ast-main-header-display":"","ast-hfb-above-header-display":"","ast-hfb-below-header-display":"","ast-hfb-mobile-header-display":"","site-post-title":"","ast-breadcrumbs-content":"","ast-featured-img":"","footer-sml-layout":"","theme-transparent-header-meta":"","adv-header-id-meta":"","stick-header-meta":"","header-above-stick-meta":"","header-main-stick-meta":"","header-below-stick-meta":""},"pwb-brand":[24],"product_cat":[33],"product_tag":[],"class_list":{"0":"post-15593","1":"product","2":"type-product","3":"status-publish","5":"pwb-brand-hella","6":"product_cat-pyyhkijansulat","7":"desktop-align-left","8":"tablet-align-left","9":"mobile-align-left","11":"first","12":"instock","13":"product-type-external"},"brands":[{"id":24,"name":"HELLA","slug":"hella"}],"_links":{"self":[{"href":"https:\/\/www.autonvaraosahaku.fi\/index.php?rest_route=\/wp\/v2\/product\/15593","targetHints":{"allow":["GET"]}}],"collection":[{"href":"https:\/\/www.autonvaraosahaku.fi\/index.php?rest_route=\/wp\/v2\/product"}],"about":[{"href":"https:\/\/www.autonvaraosahaku.fi\/index.php?rest_route=\/wp\/v2\/types\/product"}],"wp:attachment":[{"href":"https:\/\/www.autonvaraosahaku.fi\/index.php?rest_route=%2Fwp%2Fv2%2Fmedia&parent=15593"}],"wp:term":[{"taxonomy":"pwb-brand","embeddable":true,"href":"https:\/\/www.autonvaraosahaku.fi\/index.php?rest_route=%2Fwp%2Fv2%2Fpwb-brand&post=15593"},{"taxonomy":"product_cat","embeddable":true,"href":"https:\/\/www.autonvaraosahaku.fi\/index.php?rest_route=%2Fwp%2Fv2%2Fproduct_cat&post=15593"},{"taxonomy":"product_tag","embeddable":true,"href":"https:\/\/www.autonvaraosahaku.fi\/index.php?rest_route=%2Fwp%2Fv2%2Fproduct_tag&post=15593"}],"curies":[{"name":"wp","href":"https:\/\/api.w.org\/{rel}","templated":true}]}}