{"id":15596,"date":"2021-02-21T14:24:31","date_gmt":"2021-02-21T14:24:31","guid":{"rendered":"https:\/\/www.autonvaraosahaku.fi\/?product=vaico-v30-2254-sp-muut-luokat"},"modified":"2021-02-21T14:24:34","modified_gmt":"2021-02-21T14:24:34","slug":"vaico-v30-2254-sp-muut-luokat","status":"publish","type":"product","link":"https:\/\/www.autonvaraosahaku.fi\/?product=vaico-v30-2254-sp-muut-luokat","title":{"rendered":"VAICO V30-2254-SP Muut luokat"},"content":{"rendered":"<p>Suositeltu vaihtov\u00e4li [km]: 50000; Suositeltu vaihtov\u00e4li [vuotta]: 3; Varusteet: ajoneuvot ilman muuntimen tyhjennysruuvia; Vaihteistomalli: W5A 580, W5A 900, W5A 380, W5A 330, 722,6; Tilavuus (litra): 5; M\u00e4\u00e4r\u00e4yksikk\u00f6: Sarja; Korvaava tuote\/korvaava tiedote 2: Tiivisterenkaalla, \u00f6ljym\u00e4\u00e4r\u00e4 vakio\u00f6ljynvaihtov\u00e4lille; Lis\u00e4ksi tarvittavat tuotteet ks. tarvikeluettelo: ; Lis\u00e4tarvike\/lis\u00e4tieto: Tiivisteill\u00e4; Vaihteistomalli: Automaattivaihteisto, 5-vaiht., Automatikgetriebe; JEEP: GRAND CHEROKEE III WH, WK,COMMANDER XK; SSANGYONG: REXTON GAB_; MERCEDES-BENZ: C-CLASS W203,E-CLASS W211,C-CLASS W204,C-CLASS T-Model S204,C-CLASS T-Model S203,C-CLASS W202,E-CLASS T-Model S211,SLK R170,E-CLASS W210,E-CLASS W212,VIANO W639,M-CLASS W164,C-CLASS Coupe CL203,M-CLASS W163,E-CLASS T-Model S212,GLK-CLASS X204,E-CLASS Kombi S210,VITO Bus W639,SLK R171,CLK C208,SL R129,CLK C209,C-CLASS Kombi S202,Stufenheck W123,S-CLASS W220,VITO \/ MIXTO Kasten W639,SPRINTER 3,5-t Kasten 906,S-CLASS W221,CLS C219,SL R230,G-CLASS W463,E-CLASS Coupe C207,CLK Cabriolet A208,CLK Cabriolet A209,S-CLASS W140,C-CLASS Coupe C204,SPRINTER 3-t Kasten 903,SPRINTER 3,5-t Bus 906,SPRINTER 2-t Bus 901, 902,SPRINTER 3-t Kasten 906,E-CLASS Cabriolet A207,CLC-CLASS CL203,G-CLASS W461,SPRINTER 2-t Kasten 901, 902,SPRINTER 3-t Bus 903,KOMBI Kombi S123,SPRINTER 3,5-t Pritsche\/Fahrgestell 906,SPRINTER 3-t Pritsche\/Fahrgestell 903,S-CLASS Coupe C215,E-CLASS Cabriolet A124,S-CLASS Coupe C216,E-CLASS Coupe C124,SPRINTER 3-t Bus 906,SPRINTER 4-t Pritsche\/Fahrgestell ; CHRYSLER: 300 C Touring LX,300 C LX; PUCH: G-MODELL W 463; 5073878AA, 52108325AA, 52108332AB, 5073878AA, 52108325AA, 52108332AB, 5073878AA, 52108325AA, 52108332AB, 1402700098kit6, 1402700250, 1402710080, 1402770095, 1402770095kit6, 2035400053, 2035400153, 2035400253, 2035400253kit6, A1402700098kit6, A1402700250, A1402710080, A1402770095, A1402770095kit6, A2035400053, A2035400153, A2035400253, A2035400253kit6<\/p>\n","protected":false},"excerpt":{"rendered":"<p>VAICO Tarvikesarja, \u00d6ljynvaihto-Automaattivaihteisto V30-2254-SP  JEEP,SSANGYONG,MERCEDES-BENZ,GRAND CHEROKEE III WH, WK,COMMANDER XK,REXTON GAB_<\/p>\n","protected":false},"featured_media":0,"template":"","meta":{"site-sidebar-layout":"default","site-content-layout":"default","ast-global-header-display":"","ast-main-header-display":"","ast-hfb-above-header-display":"","ast-hfb-below-header-display":"","ast-hfb-mobile-header-display":"","site-post-title":"","ast-breadcrumbs-content":"","ast-featured-img":"","footer-sml-layout":"","theme-transparent-header-meta":"","adv-header-id-meta":"","stick-header-meta":"","header-above-stick-meta":"","header-main-stick-meta":"","header-below-stick-meta":""},"pwb-brand":[330],"product_cat":[37],"product_tag":[],"class_list":{"0":"post-15596","1":"product","2":"type-product","3":"status-publish","5":"pwb-brand-vaico","6":"product_cat-muut-luokat","7":"desktop-align-left","8":"tablet-align-left","9":"mobile-align-left","11":"first","12":"instock","13":"product-type-external"},"brands":[{"id":330,"name":"VAICO","slug":"vaico"}],"_links":{"self":[{"href":"https:\/\/www.autonvaraosahaku.fi\/index.php?rest_route=\/wp\/v2\/product\/15596","targetHints":{"allow":["GET"]}}],"collection":[{"href":"https:\/\/www.autonvaraosahaku.fi\/index.php?rest_route=\/wp\/v2\/product"}],"about":[{"href":"https:\/\/www.autonvaraosahaku.fi\/index.php?rest_route=\/wp\/v2\/types\/product"}],"wp:attachment":[{"href":"https:\/\/www.autonvaraosahaku.fi\/index.php?rest_route=%2Fwp%2Fv2%2Fmedia&parent=15596"}],"wp:term":[{"taxonomy":"pwb-brand","embeddable":true,"href":"https:\/\/www.autonvaraosahaku.fi\/index.php?rest_route=%2Fwp%2Fv2%2Fpwb-brand&post=15596"},{"taxonomy":"product_cat","embeddable":true,"href":"https:\/\/www.autonvaraosahaku.fi\/index.php?rest_route=%2Fwp%2Fv2%2Fproduct_cat&post=15596"},{"taxonomy":"product_tag","embeddable":true,"href":"https:\/\/www.autonvaraosahaku.fi\/index.php?rest_route=%2Fwp%2Fv2%2Fproduct_tag&post=15596"}],"curies":[{"name":"wp","href":"https:\/\/api.w.org\/{rel}","templated":true}]}}