{"id":15597,"date":"2021-02-21T14:24:31","date_gmt":"2021-02-21T14:24:31","guid":{"rendered":"https:\/\/www.autonvaraosahaku.fi\/?product=febi-bilstein-107977-kampiakselin-tiiviste"},"modified":"2021-02-21T14:24:34","modified_gmt":"2021-02-21T14:24:34","slug":"febi-bilstein-107977-kampiakselin-tiiviste","status":"publish","type":"product","link":"https:\/\/www.autonvaraosahaku.fi\/?product=febi-bilstein-107977-kampiakselin-tiiviste","title":{"rendered":"FEBI BILSTEIN 107977 Kampiakselin tiiviste"},"content":{"rendered":"<p>Korkeus (mm): 5,9; Sis\u00e4l\u00e4pimitta [mm]: 40,0; Ulkol\u00e4pimitta [mm]: 55,0; Py\u00f6rimissuunta: Py\u00f6rimissuunta my\u00f6t\u00e4p\u00e4iv\u00e4\u00e4n; Materiaali: PTFE (polytetrafluorietyleeni), FPM (fluori-kumi)\/APM (polyakryyli-kumi); Asennuspuoli: Etup\u00e4\u00e4; Paino [kg]: 0,011; Huomioi huolto-ohjeet: ; Moottorinumero: T1DB; MAZDA: 2 DY,2 DE,3 BL,3 Stufenheck BL; VOLVO: V50 MW,V70 III BW,C30,V60,S40 II MS,V40 Schr\u00e4gheck,S80 II AS,S60 II; OPEL: CROSSLAND X,GRANDLAND X A18; MINI: MINI R56,MINI CLUBMAN R55; LANCIA: PHEDRA 179,ZETA 220; FORD: FIESTA VI,MONDEO IV Turnier BA7,S-MAX WA6,FOCUS III Turnier,GALAXY WA6,FOCUS III,C-MAX II,MONDEO IV BA7,B-MAX JK,ECOSPORT,FOCUS III Stufenheck,MONDEO IV Stufenheck BA7,TOURNEO CONNECT \/ GRAND TOURNEO CONNECT Kombi,FIESTA VI Van,TRANSIT CONNECT Kasten,FIESTA VII,C-MAX II Van,TOURNEO COURIER Kombi,B-MAX Van,TRANSIT CONNECT Kombi,FOCUS III Kasten\/Schr\u00e4gheck; TOYOTA: AYGO WNB1_, KGB1_,PROACE Bus MPY_,PROACE Kasten MDZ_; FIAT: SCUDO 270_,ULYSSE 179AX,SCUDO Kasten 270_,ULYSSE 220,SCUDO Kasten 220L,SCUDO Pritsche\/Fahrgestell 270_; CITRO\u00cbN: BERLINGO MF,XSARA PICASSO N68,C2 JM_,C3 I FC_,BERLINGO B9,C5 III Break TD_,C4 Picasso I UD_,C4 Grand Picasso I UA_,C4 I LC_,DS3,BERLINGO Kasten M_,C5 II Break RE_,C3 Picasso,C5 III RD_,C3 II,C4 Coupe LA_,C4 II B7,C5 II RC_,JUMPY,BERLINGO Kasten B9,JUMPY Kasten,C4 Grand Picasso II,C4 Picasso II,DS4,DS5,C4 Stufenheck L,C4 AIRCROSS,DS3 Cabriolet,BERLINGO Pritsche\/Fahrgestell B9,C-ELYSEE,C4 CACTUS,SPACETOURER,C3 III SX,C3 AIRCROSS II,C4 Stufenheck N,JUMPY Pritsche\/Fahrgestell; PEUGEOT: 206 Schr\u00e4gheck 2A\/C,206 CC 2D,207 WA_, WC_,307 SW 3H,207 CC WD_,307 CC 3B,407 SW 6E_,307 3A\/C,207 SW WK_,107,308 SW,206 SW 2E\/K,208,807 E,206+ T3E,308 4A_, 4C_,5008,307 Break 3E,508 SW,607 9D, 9U,407 6D_,3008,406 Break 8E\/F,PARTNER Tepee,308 CC,1007 KM_,2008,406 Coupe 8C,406 8B,806 221,508,407 Coupe 6C_,EXPERT Tepee VF3V_,EXPERT Kasten VF3A_, VF3U_, VF3X_,307 Stufenheck,PARTNER Kasten,EXPERT Kasten 222,206 Stufenheck,BIPPER AA_,308 II,BIPPER Tepee,206 Van,EXPERT 224,4008,301,308 SW II,207 Van,EXPERT Pritsche\/Fahrgestell,PARTNER Pritsche\/Fahrgestell,408,3008 SUV,EXPERT Kasten,5008 II,TRAVELLER,208 Kasten; 012742, 012750, 032627, 12742, 12750, 1608940680, 32627, 9677200780, 012742, 012750, 032627, 1608940680, 9677200780, 1608940680, 9400127509, 9400326279, 9456202980, 9677200780, 1142359, 1230045, 1581516, 2S6Q6700AA, 1608940680, Y40110602, Y60110602, Y60310602, 11117805945, MN982554, 3646416, 012742, 012750, 032627, 12742, 12750, 1608940680, 32627, 9677200780, SU00100527, SU00100818, SU001A0554, 03646416, 3646416, 30711489, 31258205, 31259223; Akselitiiviste, Kampiakseli<\/p>\n","protected":false},"excerpt":{"rendered":"<p>FEBI BILSTEIN Kampiakselin Tiiviste 107977 Akselitiiviste, Kampiakseli MAZDA,VOLVO,OPEL,2 DY,2 DE,3 BL,3 Stufenheck BL,V50 MW,V70 III BW,C30,V60<\/p>\n","protected":false},"featured_media":0,"template":"","meta":{"site-sidebar-layout":"default","site-content-layout":"default","ast-global-header-display":"","ast-main-header-display":"","ast-hfb-above-header-display":"","ast-hfb-below-header-display":"","ast-hfb-mobile-header-display":"","site-post-title":"","ast-breadcrumbs-content":"","ast-featured-img":"","footer-sml-layout":"","theme-transparent-header-meta":"","adv-header-id-meta":"","stick-header-meta":"","header-above-stick-meta":"","header-main-stick-meta":"","header-below-stick-meta":""},"pwb-brand":[50],"product_cat":[88],"product_tag":[],"class_list":{"0":"post-15597","1":"product","2":"type-product","3":"status-publish","5":"pwb-brand-febi-bilstein","6":"product_cat-kampiakselin-tiiviste","7":"desktop-align-left","8":"tablet-align-left","9":"mobile-align-left","11":"first","12":"instock","13":"product-type-external"},"brands":[{"id":50,"name":"FEBI BILSTEIN","slug":"febi-bilstein"}],"_links":{"self":[{"href":"https:\/\/www.autonvaraosahaku.fi\/index.php?rest_route=\/wp\/v2\/product\/15597","targetHints":{"allow":["GET"]}}],"collection":[{"href":"https:\/\/www.autonvaraosahaku.fi\/index.php?rest_route=\/wp\/v2\/product"}],"about":[{"href":"https:\/\/www.autonvaraosahaku.fi\/index.php?rest_route=\/wp\/v2\/types\/product"}],"wp:attachment":[{"href":"https:\/\/www.autonvaraosahaku.fi\/index.php?rest_route=%2Fwp%2Fv2%2Fmedia&parent=15597"}],"wp:term":[{"taxonomy":"pwb-brand","embeddable":true,"href":"https:\/\/www.autonvaraosahaku.fi\/index.php?rest_route=%2Fwp%2Fv2%2Fpwb-brand&post=15597"},{"taxonomy":"product_cat","embeddable":true,"href":"https:\/\/www.autonvaraosahaku.fi\/index.php?rest_route=%2Fwp%2Fv2%2Fproduct_cat&post=15597"},{"taxonomy":"product_tag","embeddable":true,"href":"https:\/\/www.autonvaraosahaku.fi\/index.php?rest_route=%2Fwp%2Fv2%2Fproduct_tag&post=15597"}],"curies":[{"name":"wp","href":"https:\/\/api.w.org\/{rel}","templated":true}]}}