{"id":15602,"date":"2021-02-21T14:24:35","date_gmt":"2021-02-21T14:24:35","guid":{"rendered":"https:\/\/www.autonvaraosahaku.fi\/?product=m-tech-clp002-rekisterikilven-valo"},"modified":"2021-02-21T14:24:36","modified_gmt":"2021-02-21T14:24:36","slug":"m-tech-clp002-rekisterikilven-valo","status":"publish","type":"product","link":"https:\/\/www.autonvaraosahaku.fi\/?product=m-tech-clp002-rekisterikilven-valo","title":{"rendered":"M-TECH CLP002 Rekisterikilven valo"},"content":{"rendered":"<p>M\u00e4\u00e4r\u00e4: 2; M\u00e4\u00e4r\u00e4yksikk\u00f6: Sarja; V\u00e4ril\u00e4mp\u00f6 [K]: 5000; Tiedonsiirto: CAN-Bus-j\u00e4rjestelm\u00e4lle; Lyhdyn muoto: LED; Lamppumalli: LED; Valotoiminto: Tunnusvalolle; LED-m\u00e4\u00e4ra: 18; J\u00e4nnite (V): 12; BMW: 3 Touring E91,3 E90,5 E39,5 E60,5 Touring E61,5 Touring F11,5 F10, F18,3 Coupe E46,X1 E84,X5 E70,X3 F25,3 Coupe E92,3 Cabriolet E93,1 Cabriolet E88,1 Coupe E82,5 Gran Turismo F07,X6 E71, E72,4 Coupe F32, F82,X5 F15, F85,4 Cabriolet F33, F83,4 Gran Coupe F36; 63267165646, 63267193293; Rekisterivalo<\/p>\n","protected":false},"excerpt":{"rendered":"<p>M-TECH Rekisterikilven Valo CLP002 Rekisterivalo BMW,3 Touring E91,3 E90,5 E39,5 E60,5 Touring E61,5 Touring F11,5 F10, F18,3 Coupe E46,X1 E84,X5 E70<\/p>\n","protected":false},"featured_media":0,"template":"","meta":{"site-sidebar-layout":"default","site-content-layout":"default","ast-global-header-display":"","ast-main-header-display":"","ast-hfb-above-header-display":"","ast-hfb-below-header-display":"","ast-hfb-mobile-header-display":"","site-post-title":"","ast-breadcrumbs-content":"","ast-featured-img":"","footer-sml-layout":"","theme-transparent-header-meta":"","adv-header-id-meta":"","stick-header-meta":"","header-above-stick-meta":"","header-main-stick-meta":"","header-below-stick-meta":""},"pwb-brand":[374],"product_cat":[55],"product_tag":[],"class_list":{"0":"post-15602","1":"product","2":"type-product","3":"status-publish","5":"pwb-brand-m-tech","6":"product_cat-rekisterikilven-valo","7":"desktop-align-left","8":"tablet-align-left","9":"mobile-align-left","11":"first","12":"instock","13":"product-type-external"},"brands":[{"id":374,"name":"M-TECH","slug":"m-tech"}],"_links":{"self":[{"href":"https:\/\/www.autonvaraosahaku.fi\/index.php?rest_route=\/wp\/v2\/product\/15602","targetHints":{"allow":["GET"]}}],"collection":[{"href":"https:\/\/www.autonvaraosahaku.fi\/index.php?rest_route=\/wp\/v2\/product"}],"about":[{"href":"https:\/\/www.autonvaraosahaku.fi\/index.php?rest_route=\/wp\/v2\/types\/product"}],"wp:attachment":[{"href":"https:\/\/www.autonvaraosahaku.fi\/index.php?rest_route=%2Fwp%2Fv2%2Fmedia&parent=15602"}],"wp:term":[{"taxonomy":"pwb-brand","embeddable":true,"href":"https:\/\/www.autonvaraosahaku.fi\/index.php?rest_route=%2Fwp%2Fv2%2Fpwb-brand&post=15602"},{"taxonomy":"product_cat","embeddable":true,"href":"https:\/\/www.autonvaraosahaku.fi\/index.php?rest_route=%2Fwp%2Fv2%2Fproduct_cat&post=15602"},{"taxonomy":"product_tag","embeddable":true,"href":"https:\/\/www.autonvaraosahaku.fi\/index.php?rest_route=%2Fwp%2Fv2%2Fproduct_tag&post=15602"}],"curies":[{"name":"wp","href":"https:\/\/api.w.org\/{rel}","templated":true}]}}