{"id":15630,"date":"2021-02-21T14:24:39","date_gmt":"2021-02-21T14:24:39","guid":{"rendered":"https:\/\/www.autonvaraosahaku.fi\/?product=quick-brake-11665k-muut-luokat"},"modified":"2021-02-21T14:24:41","modified_gmt":"2021-02-21T14:24:41","slug":"quick-brake-11665k-muut-luokat","status":"publish","type":"product","link":"https:\/\/www.autonvaraosahaku.fi\/?product=quick-brake-11665k-muut-luokat","title":{"rendered":"QUICK BRAKE 11665K Muut luokat"},"content":{"rendered":"<p>Pituus (mm): 16; Kierremitta: M8x1,25; Kierremalli: Ulkopuolinen kierre; Avainv\u00e4li: Hex-5; M\u00e4\u00e4r\u00e4yksikk\u00f6: Sarja; Asennuspuoli: Vorderachse; MERCEDES-BENZ: M-CLASS W163; FORD: RANGER TKE,FIESTA VII; MAZDA: 6 Station Wagon GY,MX-5 II NB,6 Kombi GH,2 DE,323 F VI BJ,PREMACY CP,CX-7 ER,6 Hatchback GG,6 GG,MX-5 III NC,DEMIO DW,6 Schr\u00e4gheck GH,626 V Hatchback GF,6 GH,MPV II LW,626 V GF,626 V Station Wagon GW,323 P V BA,626 IV Hatchback GE,MX-3 EC,FAMILIA VI BJ,323 C IV BG,FAMILIA IV BF,121 III JASM, JBSM,626 IV GE,CX-9 TB,FAMILIA V BA,FAMILIA V BG8,323 III Hatchback BF,121 II DB,RX 7 I SA,626 III GD,FAMILIA IV BG,626 III Hatchback GD,626 III Coupe GD,E-SERIE Kasten SR2,626 III Station Wagon GV,626 II GC,626 II Hatchback GC,929 III HC,323 III BF,929 II Coupe HB,323 III Station Wagon BW,323 II Hatchback BD,121 I DA,323 I FA,323 II BD,929 II HB,626 I CB,929 I LA,626 II Coupe GC,323 I Station Wagon FA; 1513408, 998310816, 007991008041<\/p>\n","protected":false},"excerpt":{"rendered":"<p>QUICK BRAKE Ruuvi, Jarrulevy 11665K  MERCEDES-BENZ,FORD,MAZDA,M-CLASS W163,RANGER TKE,FIESTA VII,6 Station Wagon GY,MX-5 II NB,6 Kombi GH,2 DE<\/p>\n","protected":false},"featured_media":0,"template":"","meta":{"site-sidebar-layout":"default","site-content-layout":"default","ast-global-header-display":"","ast-main-header-display":"","ast-hfb-above-header-display":"","ast-hfb-below-header-display":"","ast-hfb-mobile-header-display":"","site-post-title":"","ast-breadcrumbs-content":"","ast-featured-img":"","footer-sml-layout":"","theme-transparent-header-meta":"","adv-header-id-meta":"","stick-header-meta":"","header-above-stick-meta":"","header-main-stick-meta":"","header-below-stick-meta":""},"pwb-brand":[376],"product_cat":[37],"product_tag":[],"class_list":{"0":"post-15630","1":"product","2":"type-product","3":"status-publish","5":"pwb-brand-quick-brake","6":"product_cat-muut-luokat","7":"desktop-align-left","8":"tablet-align-left","9":"mobile-align-left","11":"first","12":"instock","13":"product-type-external"},"brands":[{"id":376,"name":"QUICK BRAKE","slug":"quick-brake"}],"_links":{"self":[{"href":"https:\/\/www.autonvaraosahaku.fi\/index.php?rest_route=\/wp\/v2\/product\/15630","targetHints":{"allow":["GET"]}}],"collection":[{"href":"https:\/\/www.autonvaraosahaku.fi\/index.php?rest_route=\/wp\/v2\/product"}],"about":[{"href":"https:\/\/www.autonvaraosahaku.fi\/index.php?rest_route=\/wp\/v2\/types\/product"}],"wp:attachment":[{"href":"https:\/\/www.autonvaraosahaku.fi\/index.php?rest_route=%2Fwp%2Fv2%2Fmedia&parent=15630"}],"wp:term":[{"taxonomy":"pwb-brand","embeddable":true,"href":"https:\/\/www.autonvaraosahaku.fi\/index.php?rest_route=%2Fwp%2Fv2%2Fpwb-brand&post=15630"},{"taxonomy":"product_cat","embeddable":true,"href":"https:\/\/www.autonvaraosahaku.fi\/index.php?rest_route=%2Fwp%2Fv2%2Fproduct_cat&post=15630"},{"taxonomy":"product_tag","embeddable":true,"href":"https:\/\/www.autonvaraosahaku.fi\/index.php?rest_route=%2Fwp%2Fv2%2Fproduct_tag&post=15630"}],"curies":[{"name":"wp","href":"https:\/\/api.w.org\/{rel}","templated":true}]}}