{"id":15678,"date":"2021-02-21T14:24:47","date_gmt":"2021-02-21T14:24:47","guid":{"rendered":"https:\/\/www.autonvaraosahaku.fi\/?product=quick-brake-0015-muut-luokat"},"modified":"2021-02-21T14:24:49","modified_gmt":"2021-02-21T14:24:49","slug":"quick-brake-0015-muut-luokat","status":"publish","type":"product","link":"https:\/\/www.autonvaraosahaku.fi\/?product=quick-brake-0015-muut-luokat","title":{"rendered":"QUICK BRAKE 0015 Muut luokat"},"content":{"rendered":"<p>Pituus (mm): 33; Kierremitta: M8x1,25; Kierremalli: Ulkopuolinen kierre; Avainv\u00e4li: 9; AUDI: A3 8L1,A2 8Z0,TT 8N3,TT Roadster 8N9; MAZDA: 3 BL,3 Stufenheck BL; NISSAN: KUBISTAR Kasten X80; DAEWOO: KALOS KLAS,KALOS Stufenheck KLAS; ABARTH: 500 \/ 595 312_,500C \/ 595C 312_; SKODA: FABIA Combi 6Y5,FABIA,FABIA 6Y2,FABIA Combi,ROOMSTER 5J,SUPERB 3U4,FABIA Stufenheck 6Y3,ROOMSTER Praktik 5J,FABIA Praktik,130; SEAT: IBIZA IV 6L1,TOLEDO II 1M2,CORDOBA 6L2; CHEVROLET: KALOS,AVEO Schr\u00e4gheck T250, T255,AVEO Schr\u00e4gheck T300,AVEO Stufenheck T250, T255,KALOS Stufenheck,AVEO Stufenheck T300,AVEO Stufenheck T200,AVEO Schr\u00e4gheck T200; MERCEDES-BENZ: C-CLASS W203,E-CLASS W211,C-CLASS T-Model S203,E-CLASS T-Model S211,190 W201,C-CLASS Coupe CL203,SLK R171,S-CLASS W220,CLK Cabriolet A209,CLC-CLASS CL203,S-CLASS Coupe C216; HONDA: CR-V III RE,CIVIC VI Hatchback EJ, EK,CR-V IV RE,ACCORD VIII CU,ACCORD VIII Kombi,CIVIC VI Fastback MA, MB,CIVIC VI Aerodeck MB, MC,CIVIC VI Stufenheck EJ, EK,PRELUDE III BA,CONCERTO HW,PRELUDE II AB,ACCORD III CA,CONCERTO Stufenheck HWW,ACCORD III Aerodeck CA,CIVIC I Hatchback SB,ACCORD I Hatchback SJ, SY,ACCORD I SJ, SY,CIVIC I Shuttle AN, AR,ACCORD II Hatchback AC, AD,ACCORD II AC, AD; 34116758107, 94535930, 442855, 7701209198, 94535930, 442855, 45003TL1G01, BPYK33690, 442855, 9834540680, 7701209198<\/p>\n","protected":false},"excerpt":{"rendered":"<p>QUICK BRAKE Ilmaruuvi 0015  AUDI,MAZDA,NISSAN,A3 8L1,A2 8Z0,TT 8N3,TT Roadster 8N9,3 BL,3 Stufenheck BL,KUBISTAR Kasten X80,KALOS KLAS<\/p>\n","protected":false},"featured_media":0,"template":"","meta":{"site-sidebar-layout":"default","site-content-layout":"default","ast-global-header-display":"","ast-main-header-display":"","ast-hfb-above-header-display":"","ast-hfb-below-header-display":"","ast-hfb-mobile-header-display":"","site-post-title":"","ast-breadcrumbs-content":"","ast-featured-img":"","footer-sml-layout":"","theme-transparent-header-meta":"","adv-header-id-meta":"","stick-header-meta":"","header-above-stick-meta":"","header-main-stick-meta":"","header-below-stick-meta":""},"pwb-brand":[376],"product_cat":[37],"product_tag":[],"class_list":{"0":"post-15678","1":"product","2":"type-product","3":"status-publish","5":"pwb-brand-quick-brake","6":"product_cat-muut-luokat","7":"desktop-align-left","8":"tablet-align-left","9":"mobile-align-left","11":"first","12":"instock","13":"product-type-external"},"brands":[{"id":376,"name":"QUICK BRAKE","slug":"quick-brake"}],"_links":{"self":[{"href":"https:\/\/www.autonvaraosahaku.fi\/index.php?rest_route=\/wp\/v2\/product\/15678","targetHints":{"allow":["GET"]}}],"collection":[{"href":"https:\/\/www.autonvaraosahaku.fi\/index.php?rest_route=\/wp\/v2\/product"}],"about":[{"href":"https:\/\/www.autonvaraosahaku.fi\/index.php?rest_route=\/wp\/v2\/types\/product"}],"wp:attachment":[{"href":"https:\/\/www.autonvaraosahaku.fi\/index.php?rest_route=%2Fwp%2Fv2%2Fmedia&parent=15678"}],"wp:term":[{"taxonomy":"pwb-brand","embeddable":true,"href":"https:\/\/www.autonvaraosahaku.fi\/index.php?rest_route=%2Fwp%2Fv2%2Fpwb-brand&post=15678"},{"taxonomy":"product_cat","embeddable":true,"href":"https:\/\/www.autonvaraosahaku.fi\/index.php?rest_route=%2Fwp%2Fv2%2Fproduct_cat&post=15678"},{"taxonomy":"product_tag","embeddable":true,"href":"https:\/\/www.autonvaraosahaku.fi\/index.php?rest_route=%2Fwp%2Fv2%2Fproduct_tag&post=15678"}],"curies":[{"name":"wp","href":"https:\/\/api.w.org\/{rel}","templated":true}]}}