{"id":15679,"date":"2021-02-21T14:24:51","date_gmt":"2021-02-21T14:24:51","guid":{"rendered":"https:\/\/www.autonvaraosahaku.fi\/?product=heyner-286000-pyyhkijansulat"},"modified":"2021-02-21T14:24:51","modified_gmt":"2021-02-21T14:24:51","slug":"heyner-286000-pyyhkijansulat","status":"publish","type":"product","link":"https:\/\/www.autonvaraosahaku.fi\/?product=heyner-286000-pyyhkijansulat","title":{"rendered":"HEYNER 286000 Pyyhkij\u00e4nsulat"},"content":{"rendered":"<p>Pakkaustyyppi: Kuplapakkaus; Pituus (mm): 650; Pituus (tuumaa): 26; M\u00e4\u00e4r\u00e4: 1; M\u00e4\u00e4r\u00e4yksikk\u00f6: Kappale; Pyyhkij\u00e4nsulkatyyppi: Flatblade-pyyhinsulka (rungoton); Asennuspuoli: fahrerseitig; VW: GOLF VII 5G1, BE1,TOUAREG 7LA, 7L6, 7L7,GOLF VII Kombi BA5,CRAFTER 30-50 Kasten 2E_,CRAFTER 30-35 Bus 2E_,CRAFTER 30-50 Pritsche\/Fahrgestell 2F_,PASSAT Variant 3G5,TIGUAN AD1,PASSAT 3G2,T-ROC A11,ARTEON 3H7; AUDI: Q7 4L,A3 Sportback 8VA,A3 Limousine 8VS,A8 4H_,A3 Cabriolet 8V7,Q7 4M; NISSAN: MURANO Z50,PRIMERA Hatchback P12,MURANO Z51,MAXIMA QX A33,QASHQAI J11, J11_,NV400 Kasten,X-TRAIL T32,PULSAR Schr\u00e4gheck C13,NV400 Bus,NV400 Pritsche\/Fahrgestell,MICRA V K14; SKODA: SUPERB Kombi 3V5,SUPERB 3V3; SUZUKI: SX4 EY, GY,SX4 S-Cross,SX4 Stufenheck GY; SEAT: LEON 5F1,LEON ST 5F8,LEON SC 5F5,ATECA KH7,IBIZA V KJ1; CHEVROLET: AVEO Schr\u00e4gheck T300,TRAX,AVEO Stufenheck T300; MERCEDES-BENZ: VITO Bus W639,VITO \/ MIXTO Kasten W639,SPRINTER 3,5-t Kasten 906,M-CLASS W166,SPRINTER 3,5-t Bus 906,SPRINTER 3-t Kasten 906,SPRINTER 3,5-t Pritsche\/Fahrgestell 906,S-CLASS Coupe C216,SPRINTER 3-t Bus 906,S-CLASS W222, V222, X222,SPRINTER 5-t Kasten 906,SPRINTER 5-t Pritsche\/Fahrgestell 906,GL-CLASS X166,SPRINTER 3-t Pritsche\/Fahrgestell 906,SPRINTER 4,6-t Pritsche\/Fahrgestell 906,SPRINTER 4,6-t Kasten 906,SPRINTER 5-t Bus,SLR ROADSTER R199,GLE W166,GLS X166; KIA: CEE&#8217;D JD,CARENS III UN,CARNIVAL \/ GRAND CARNIVAL III VQ,CEE`D Sportswagon JD,CARENS IV,PRO CEE\u00b4D JD,RIO III Stufenheck UB,SORENTO III,NIRO,OPTIMA Sportswagon,RIO IV YB,CEE&#8217;D Combi Van JD,STONIC YB; HONDA: ACCORD VII CL,FR-V BE,CR-V IV RE,ACCORD VIII CU,CR-Z ZF1,ACCORD VII CM,ACCORD VII CP; Tuulilasinpyyhkimet,Pyyhkij\u00e4t,Pyyhkij\u00e4nsulka<\/p>\n","protected":false},"excerpt":{"rendered":"<p>HEYNER Pyyhkij\u00e4nsulat SUPER FLAT PREMIUM 286000 Tuulilasinpyyhkimet,Pyyhkij\u00e4t VW,AUDI,NISSAN,GOLF VII 5G1, BE1,TOUAREG 7LA, 7L6, 7L7<\/p>\n","protected":false},"featured_media":0,"template":"","meta":{"site-sidebar-layout":"default","site-content-layout":"default","ast-global-header-display":"","ast-main-header-display":"","ast-hfb-above-header-display":"","ast-hfb-below-header-display":"","ast-hfb-mobile-header-display":"","site-post-title":"","ast-breadcrumbs-content":"","ast-featured-img":"","footer-sml-layout":"","theme-transparent-header-meta":"","adv-header-id-meta":"","stick-header-meta":"","header-above-stick-meta":"","header-main-stick-meta":"","header-below-stick-meta":""},"pwb-brand":[377],"product_cat":[33],"product_tag":[],"class_list":{"0":"post-15679","1":"product","2":"type-product","3":"status-publish","5":"pwb-brand-heyner","6":"product_cat-pyyhkijansulat","7":"desktop-align-left","8":"tablet-align-left","9":"mobile-align-left","11":"first","12":"instock","13":"product-type-external"},"brands":[{"id":377,"name":"HEYNER","slug":"heyner"}],"_links":{"self":[{"href":"https:\/\/www.autonvaraosahaku.fi\/index.php?rest_route=\/wp\/v2\/product\/15679","targetHints":{"allow":["GET"]}}],"collection":[{"href":"https:\/\/www.autonvaraosahaku.fi\/index.php?rest_route=\/wp\/v2\/product"}],"about":[{"href":"https:\/\/www.autonvaraosahaku.fi\/index.php?rest_route=\/wp\/v2\/types\/product"}],"wp:attachment":[{"href":"https:\/\/www.autonvaraosahaku.fi\/index.php?rest_route=%2Fwp%2Fv2%2Fmedia&parent=15679"}],"wp:term":[{"taxonomy":"pwb-brand","embeddable":true,"href":"https:\/\/www.autonvaraosahaku.fi\/index.php?rest_route=%2Fwp%2Fv2%2Fpwb-brand&post=15679"},{"taxonomy":"product_cat","embeddable":true,"href":"https:\/\/www.autonvaraosahaku.fi\/index.php?rest_route=%2Fwp%2Fv2%2Fproduct_cat&post=15679"},{"taxonomy":"product_tag","embeddable":true,"href":"https:\/\/www.autonvaraosahaku.fi\/index.php?rest_route=%2Fwp%2Fv2%2Fproduct_tag&post=15679"}],"curies":[{"name":"wp","href":"https:\/\/api.w.org\/{rel}","templated":true}]}}