{"id":15680,"date":"2021-02-21T14:24:51","date_gmt":"2021-02-21T14:24:51","guid":{"rendered":"https:\/\/www.autonvaraosahaku.fi\/?product=heyner-15900a-pyyhkijansulat"},"modified":"2021-02-21T14:24:51","modified_gmt":"2021-02-21T14:24:51","slug":"heyner-15900a-pyyhkijansulat","status":"publish","type":"product","link":"https:\/\/www.autonvaraosahaku.fi\/?product=heyner-15900a-pyyhkijansulat","title":{"rendered":"HEYNER 15900A Pyyhkij\u00e4nsulat"},"content":{"rendered":"<p>Pituus (mm): 480; Pituus (tuumaa): 19; M\u00e4\u00e4r\u00e4: 1; M\u00e4\u00e4r\u00e4yksikk\u00f6: Kappale; Lis\u00e4adapteri: B1; Pyyhkij\u00e4nsulkatyyppi: Pyyhkij\u00e4nsulka,perinteinen runko; Asennuspuoli: beifahrerseitig; VW: GOLF IV 1J1,GOLF V 1K1,POLO 9N_,POLO 6R, 6C,BORA Kombi 1J6,JETTA IV 162, 163,POLO Stufenheck 9A4,T-ROC A11,ARTEON 3H7; AUDI: A3 Sportback 8VA,A3 Limousine 8VS,A3 Cabriolet 8V7,Q2 GA; MAZDA: 6 Station Wagon GY,6 Hatchback GG,626 V Hatchback GF,3 Stufenheck BK,626 V Station Wagon GW,3 Stufenheck BL; NISSAN: NAVARA D40,PATHFINDER R51,NAVARA Pritsche\/Fahrgestell D40,370 Z Z34,GT-R R35; SKODA: OCTAVIA Combi 1Z5,FABIA 6Y2,OCTAVIA 1Z3,OCTAVIA 1U2,FABIA Stufenheck 6Y3; SUZUKI: GRAND VITARA II JT; SEAT: IBIZA IV 6L1; CHEVROLET: NUBIRA Kombi,LACETTI J200,NUBIRA Stufenheck,LACETTI Kombi J200,LACETTI Stufenheck; MERCEDES-BENZ: CLA Coupe C117,GLA-CLASS X156; KIA: CARENS I FC; Tuulilasinpyyhkimet,Pyyhkij\u00e4t,Pyyhkij\u00e4nsulka<\/p>\n","protected":false},"excerpt":{"rendered":"<p>HEYNER Pyyhkij\u00e4nsulat EXCLUSIVE 15900A Tuulilasinpyyhkimet,Pyyhkij\u00e4t VW,AUDI,MAZDA,GOLF IV 1J1,GOLF V 1K1,POLO 9N_,POLO 6R, 6C,BORA Kombi 1J6<\/p>\n","protected":false},"featured_media":0,"template":"","meta":{"site-sidebar-layout":"default","site-content-layout":"default","ast-global-header-display":"","ast-main-header-display":"","ast-hfb-above-header-display":"","ast-hfb-below-header-display":"","ast-hfb-mobile-header-display":"","site-post-title":"","ast-breadcrumbs-content":"","ast-featured-img":"","footer-sml-layout":"","theme-transparent-header-meta":"","adv-header-id-meta":"","stick-header-meta":"","header-above-stick-meta":"","header-main-stick-meta":"","header-below-stick-meta":""},"pwb-brand":[377],"product_cat":[33],"product_tag":[],"class_list":{"0":"post-15680","1":"product","2":"type-product","3":"status-publish","5":"pwb-brand-heyner","6":"product_cat-pyyhkijansulat","7":"desktop-align-left","8":"tablet-align-left","9":"mobile-align-left","11":"first","12":"instock","13":"product-type-external"},"brands":[{"id":377,"name":"HEYNER","slug":"heyner"}],"_links":{"self":[{"href":"https:\/\/www.autonvaraosahaku.fi\/index.php?rest_route=\/wp\/v2\/product\/15680","targetHints":{"allow":["GET"]}}],"collection":[{"href":"https:\/\/www.autonvaraosahaku.fi\/index.php?rest_route=\/wp\/v2\/product"}],"about":[{"href":"https:\/\/www.autonvaraosahaku.fi\/index.php?rest_route=\/wp\/v2\/types\/product"}],"wp:attachment":[{"href":"https:\/\/www.autonvaraosahaku.fi\/index.php?rest_route=%2Fwp%2Fv2%2Fmedia&parent=15680"}],"wp:term":[{"taxonomy":"pwb-brand","embeddable":true,"href":"https:\/\/www.autonvaraosahaku.fi\/index.php?rest_route=%2Fwp%2Fv2%2Fpwb-brand&post=15680"},{"taxonomy":"product_cat","embeddable":true,"href":"https:\/\/www.autonvaraosahaku.fi\/index.php?rest_route=%2Fwp%2Fv2%2Fproduct_cat&post=15680"},{"taxonomy":"product_tag","embeddable":true,"href":"https:\/\/www.autonvaraosahaku.fi\/index.php?rest_route=%2Fwp%2Fv2%2Fproduct_tag&post=15680"}],"curies":[{"name":"wp","href":"https:\/\/api.w.org\/{rel}","templated":true}]}}