{"id":15683,"date":"2021-02-21T14:24:51","date_gmt":"2021-02-21T14:24:51","guid":{"rendered":"https:\/\/www.autonvaraosahaku.fi\/?product=heyner-032000-pyyhkijansulat"},"modified":"2021-02-21T14:24:52","modified_gmt":"2021-02-21T14:24:52","slug":"heyner-032000-pyyhkijansulat","status":"publish","type":"product","link":"https:\/\/www.autonvaraosahaku.fi\/?product=heyner-032000-pyyhkijansulat","title":{"rendered":"HEYNER 032000 Pyyhkij\u00e4nsulat"},"content":{"rendered":"<p>Pituus (mm): 560; Pituus (tuumaa): 22; M\u00e4\u00e4r\u00e4: 1; M\u00e4\u00e4r\u00e4yksikk\u00f6: Kappale; Lis\u00e4adapteri: B1; Pyyhkij\u00e4nsulkatyyppi: Hybridipyyhinsulka; Asennuspuoli: fahrerseitig; VW: TRANSPORTER V Bus 7HB, 7HJ, 7EB, 7EJ, 7EF,TRANSPORTER V Kasten 7HA, 7HH, 7EA, 7EH,TRANSPORTER V Pritsche\/Fahrgestell 7JD, 7JE, 7JL, 7JY, 7JZ,; AUDI: A4 Avant 8E5, B6,A6 Avant 4B5, C5,A4 8E2, B6,A6 4B2, C5,A4 Cabriolet 8H7, B6, 8HE, B7; MAZDA: 6 Station Wagon GY,6 Hatchback GG; NISSAN: ALMERA II Hatchback N16,JUKE F15,NV200 Kasten,PATHFINDER R50,GT-R R35; JEEP: GRAND CHEROKEE IV WK, WK2,RENEGADE Gel\u00e4ndewagen geschlossen BU,CHEROKEE KL; SUZUKI: SPLASH; CHEVROLET: NUBIRA Kombi,AVEO Schr\u00e4gheck T250, T255,AVEO Stufenheck T250, T255,NUBIRA Stufenheck,SPARK M200 M250,AVEO Schr\u00e4gheck T200,AVALANCHE,SILVERADO 1500,SILVERADO 1500 Standard Cab Pickup US; MERCEDES-BENZ: C-CLASS Coupe CL203,CLK Cabriolet A209,CITAN Kasten 415,S-CLASS W222, V222, X222,CITAN Kombi 415,C-CLASS W205,E-CLASS W213,GLC X253,S-CLASS Coupe C217; KIA: RIO II JB,RIO II Stufenheck JB; HONDA: ACCORD VI CG, CK; Tuulilasinpyyhkimet,Pyyhkij\u00e4t,Pyyhkij\u00e4nsulka<\/p>\n","protected":false},"excerpt":{"rendered":"<p>HEYNER Pyyhkij\u00e4nsulat HYBRID 032000 Tuulilasinpyyhkimet,Pyyhkij\u00e4t VW,AUDI,MAZDA,TRANSPORTER V Bus 7HB, 7HJ, 7EB, 7EJ, 7EF<\/p>\n","protected":false},"featured_media":0,"template":"","meta":{"site-sidebar-layout":"default","site-content-layout":"default","ast-global-header-display":"","ast-main-header-display":"","ast-hfb-above-header-display":"","ast-hfb-below-header-display":"","ast-hfb-mobile-header-display":"","site-post-title":"","ast-breadcrumbs-content":"","ast-featured-img":"","footer-sml-layout":"","theme-transparent-header-meta":"","adv-header-id-meta":"","stick-header-meta":"","header-above-stick-meta":"","header-main-stick-meta":"","header-below-stick-meta":""},"pwb-brand":[377],"product_cat":[33],"product_tag":[],"class_list":{"0":"post-15683","1":"product","2":"type-product","3":"status-publish","5":"pwb-brand-heyner","6":"product_cat-pyyhkijansulat","7":"desktop-align-left","8":"tablet-align-left","9":"mobile-align-left","11":"first","12":"instock","13":"product-type-external"},"brands":[{"id":377,"name":"HEYNER","slug":"heyner"}],"_links":{"self":[{"href":"https:\/\/www.autonvaraosahaku.fi\/index.php?rest_route=\/wp\/v2\/product\/15683","targetHints":{"allow":["GET"]}}],"collection":[{"href":"https:\/\/www.autonvaraosahaku.fi\/index.php?rest_route=\/wp\/v2\/product"}],"about":[{"href":"https:\/\/www.autonvaraosahaku.fi\/index.php?rest_route=\/wp\/v2\/types\/product"}],"wp:attachment":[{"href":"https:\/\/www.autonvaraosahaku.fi\/index.php?rest_route=%2Fwp%2Fv2%2Fmedia&parent=15683"}],"wp:term":[{"taxonomy":"pwb-brand","embeddable":true,"href":"https:\/\/www.autonvaraosahaku.fi\/index.php?rest_route=%2Fwp%2Fv2%2Fpwb-brand&post=15683"},{"taxonomy":"product_cat","embeddable":true,"href":"https:\/\/www.autonvaraosahaku.fi\/index.php?rest_route=%2Fwp%2Fv2%2Fproduct_cat&post=15683"},{"taxonomy":"product_tag","embeddable":true,"href":"https:\/\/www.autonvaraosahaku.fi\/index.php?rest_route=%2Fwp%2Fv2%2Fproduct_tag&post=15683"}],"curies":[{"name":"wp","href":"https:\/\/api.w.org\/{rel}","templated":true}]}}