{"id":15685,"date":"2021-02-21T14:24:51","date_gmt":"2021-02-21T14:24:51","guid":{"rendered":"https:\/\/www.autonvaraosahaku.fi\/?product=heyner-026000-pyyhkijansulat"},"modified":"2021-02-21T14:24:52","modified_gmt":"2021-02-21T14:24:52","slug":"heyner-026000-pyyhkijansulat","status":"publish","type":"product","link":"https:\/\/www.autonvaraosahaku.fi\/?product=heyner-026000-pyyhkijansulat","title":{"rendered":"HEYNER 026000 Pyyhkij\u00e4nsulat"},"content":{"rendered":"<p>Pituus (mm): 400; Pituus (tuumaa): 16; M\u00e4\u00e4r\u00e4: 1; M\u00e4\u00e4r\u00e4yksikk\u00f6: Laatikko; Lis\u00e4adapteri: B1; Pyyhkij\u00e4nsulkatyyppi: Hybridipyyhinsulka; Asennuspuoli: beifahrerseitig; VW: POLO 6R, 6C,SHARAN 7N1, 7N2,GOLF SPORTSVAN AM1,TOURAN; MAZDA: 6 Kombi GH,6 Schr\u00e4gheck GH,6 GH; NISSAN: ALMERA II Hatchback N16,X-TRAIL T31,NV200 Kasten,MURANO Z51,QASHQAI J11, J11_,X-TRAIL T32; SKODA: CITIGO,FABIA NJ3,FABIA Kombi NJ5; SUZUKI: SPLASH,VITARA LY; SEAT: IBIZA V 6J5, 6P5,LEON 5F1,LEON ST 5F8,IBIZA V ST 6J8, 6P8,ALHAMBRA 710, 711,IBIZA V SPORTCOUPE 6J1, 6P1,LEON SC 5F5; CHEVROLET: AVEO Schr\u00e4gheck T250, T255,AVEO Stufenheck T250, T255,AVEO Schr\u00e4gheck T200; MERCEDES-BENZ: G-CLASS Cabrio W463; KIA: RIO II JB,CARENS III UN,CERATO LD,CERATO Stufenheck LD,RIO II Stufenheck JB,RIO III Stufenheck UB,SORENTO III,NIRO,OPTIMA Sportswagon,RIO IV YB,STONIC YB; HONDA: ACCORD VII CL,CR-V IV RE,ACCORD VII CM; Tuulilasinpyyhkimet,Pyyhkij\u00e4t,Pyyhkij\u00e4nsulka<\/p>\n","protected":false},"excerpt":{"rendered":"<p>HEYNER Pyyhkij\u00e4nsulat HYBRID 026000 Tuulilasinpyyhkimet,Pyyhkij\u00e4t VW,MAZDA,NISSAN,POLO 6R, 6C,SHARAN 7N1, 7N2,GOLF SPORTSVAN AM1,TOURAN,6 Kombi GH<\/p>\n","protected":false},"featured_media":0,"template":"","meta":{"site-sidebar-layout":"default","site-content-layout":"default","ast-global-header-display":"","ast-main-header-display":"","ast-hfb-above-header-display":"","ast-hfb-below-header-display":"","ast-hfb-mobile-header-display":"","site-post-title":"","ast-breadcrumbs-content":"","ast-featured-img":"","footer-sml-layout":"","theme-transparent-header-meta":"","adv-header-id-meta":"","stick-header-meta":"","header-above-stick-meta":"","header-main-stick-meta":"","header-below-stick-meta":""},"pwb-brand":[377],"product_cat":[33],"product_tag":[],"class_list":{"0":"post-15685","1":"product","2":"type-product","3":"status-publish","5":"pwb-brand-heyner","6":"product_cat-pyyhkijansulat","7":"desktop-align-left","8":"tablet-align-left","9":"mobile-align-left","11":"first","12":"instock","13":"product-type-external"},"brands":[{"id":377,"name":"HEYNER","slug":"heyner"}],"_links":{"self":[{"href":"https:\/\/www.autonvaraosahaku.fi\/index.php?rest_route=\/wp\/v2\/product\/15685","targetHints":{"allow":["GET"]}}],"collection":[{"href":"https:\/\/www.autonvaraosahaku.fi\/index.php?rest_route=\/wp\/v2\/product"}],"about":[{"href":"https:\/\/www.autonvaraosahaku.fi\/index.php?rest_route=\/wp\/v2\/types\/product"}],"wp:attachment":[{"href":"https:\/\/www.autonvaraosahaku.fi\/index.php?rest_route=%2Fwp%2Fv2%2Fmedia&parent=15685"}],"wp:term":[{"taxonomy":"pwb-brand","embeddable":true,"href":"https:\/\/www.autonvaraosahaku.fi\/index.php?rest_route=%2Fwp%2Fv2%2Fpwb-brand&post=15685"},{"taxonomy":"product_cat","embeddable":true,"href":"https:\/\/www.autonvaraosahaku.fi\/index.php?rest_route=%2Fwp%2Fv2%2Fproduct_cat&post=15685"},{"taxonomy":"product_tag","embeddable":true,"href":"https:\/\/www.autonvaraosahaku.fi\/index.php?rest_route=%2Fwp%2Fv2%2Fproduct_tag&post=15685"}],"curies":[{"name":"wp","href":"https:\/\/api.w.org\/{rel}","templated":true}]}}