{"id":15741,"date":"2021-02-21T14:25:03","date_gmt":"2021-02-21T14:25:03","guid":{"rendered":"https:\/\/www.autonvaraosahaku.fi\/?product=elring-587-100-kierretulppa"},"modified":"2021-02-21T14:25:03","modified_gmt":"2021-02-21T14:25:03","slug":"elring-587-100-kierretulppa","status":"publish","type":"product","link":"https:\/\/www.autonvaraosahaku.fi\/?product=elring-587-100-kierretulppa","title":{"rendered":"ELRING 587.100 Kierretulppa"},"content":{"rendered":"<p>Kierremitta: M 22&#215;1,5&#215;13; Ruuvikanta\/mutteriprofiili: Kuusiokolo, sis\u00e4, Kuusiokolo, sis\u00e4; Avainv\u00e4li: 12 mm, 12; FORD: KA RU8; FIAT: GRANDE PUNTO 199,PUNTO 188,PANDA 169,500 312,STILO 192,SEICENTO 187,DUCATO Pritsche\/Fahrgestell 230,PUNTO EVO 199,DUCATO Bus 230,DOBLO Cargo 223,500 C 312,PUNTO 176,STILO Multi Wagon 192,DOBLO 119,DUCATO Kasten 290,DUCATO Pritsche\/Fahrgestell 290,DOBLO Kasten\/Kombi 263,PANDA Van 169,DUCATO Kasten 230L,DUCATO Kasten 280,DUCATO Pritsche\/Fahrgestell 280,PUNTO 199,CINQUECENTO 170,PANDA 141A_,IDEA,PANDA 312,COUPE FA\/175,STRADA Pick-up 178E,MULTIPLA 186,QUBO 225,500L,DOBLO Gro\u00dfraumlimousine 152, 263,PUNTO Van 188AX,DUCATO Panorama 280,BRAVO I 182,BRAVA 182,PUNTO Cabriolet 176C,SCUDO Kasten 220L,MAREA Weekend 185,UNO 146A\/E,DUCATO Panorama 290,FIORINO Kasten\/Kombi 225,SCUDO Combinato 220P,127,PALIO Weekend 178DX,LINEA 323,PUNTO Van 199,FIORINO Kasten 146,SEICENTO Van 187,TIPO 160,DOBLO Pritsche\/Fahrgestell 263,CROMA 154,PANDA Van 141_,STRADA Pick-up 578_,MAREA 185,TALENTO Pritsche\/Fahrgestell 290,TEMPRA 159,RITMO I 138A,PUNTO Van 176L,TEMPRA S.W. 159,FIORI; PEUGEOT: EXPERT Kasten 222,EXPERT 224,EXPERT Pritsche\/Fahrgestell 223; SEAT: MARBELLA 28,IBIZA I 021A,TERRA Kasten 024A,MARBELLA Kasten 028A,TERRA 24,FURA 025A; CITRO\u00cbN: C25 Bus 280_, 290_,JUMPY U6U,JUMPY Kasten BS_, BT_, BY_, BZ_,C25 Pritsche\/Fahrgestell 280_, 290_; ALFA ROMEO: MITO 955,164 164,145 930,155 167,146 930,AR 6 Bus 280,AR 6 Kasten 280; LANCIA: YPSILON 843,Y 840A,MUSA 350,LYBRA SW 839BX,DELTA I 831AB0,KAPPA 838A,LYBRA 839AX,THEMA 834,DELTA II 836,YPSILON 312, 846,KAPPA SW 838B,KAPPA Coupe 838,DEDRA 835,Y10 156,DEDRA SW 835,THEMA SW 834,PRISMA 831AB0; AUTOBIANCHI: Y10; TATA (TELCO): INDICA VISTA; ZASTAVA: YUGO FLORIDA; 031120, 55189930, 60808630, 7734022, 1550024, 031120; \u00d6ljytulppa,Kierretulppa, \u00d6ljypohja<\/p>\n","protected":false},"excerpt":{"rendered":"<p>ELRING Kierretulppa 587.100 \u00d6ljytulppa,Kierretulppa, \u00d6ljypohja FORD,FIAT,PEUGEOT,KA RU8,GRANDE PUNTO 199,PUNTO 188,PANDA 169,500 312,STILO 192<\/p>\n","protected":false},"featured_media":0,"template":"","meta":{"site-sidebar-layout":"default","site-content-layout":"default","ast-global-header-display":"","ast-main-header-display":"","ast-hfb-above-header-display":"","ast-hfb-below-header-display":"","ast-hfb-mobile-header-display":"","site-post-title":"","ast-breadcrumbs-content":"","ast-featured-img":"","footer-sml-layout":"","theme-transparent-header-meta":"","adv-header-id-meta":"","stick-header-meta":"","header-above-stick-meta":"","header-main-stick-meta":"","header-below-stick-meta":""},"pwb-brand":[26],"product_cat":[40],"product_tag":[],"class_list":{"0":"post-15741","1":"product","2":"type-product","3":"status-publish","5":"pwb-brand-elring","6":"product_cat-kierretulppa","7":"desktop-align-left","8":"tablet-align-left","9":"mobile-align-left","11":"first","12":"instock","13":"product-type-external"},"brands":[{"id":26,"name":"ELRING","slug":"elring"}],"_links":{"self":[{"href":"https:\/\/www.autonvaraosahaku.fi\/index.php?rest_route=\/wp\/v2\/product\/15741","targetHints":{"allow":["GET"]}}],"collection":[{"href":"https:\/\/www.autonvaraosahaku.fi\/index.php?rest_route=\/wp\/v2\/product"}],"about":[{"href":"https:\/\/www.autonvaraosahaku.fi\/index.php?rest_route=\/wp\/v2\/types\/product"}],"wp:attachment":[{"href":"https:\/\/www.autonvaraosahaku.fi\/index.php?rest_route=%2Fwp%2Fv2%2Fmedia&parent=15741"}],"wp:term":[{"taxonomy":"pwb-brand","embeddable":true,"href":"https:\/\/www.autonvaraosahaku.fi\/index.php?rest_route=%2Fwp%2Fv2%2Fpwb-brand&post=15741"},{"taxonomy":"product_cat","embeddable":true,"href":"https:\/\/www.autonvaraosahaku.fi\/index.php?rest_route=%2Fwp%2Fv2%2Fproduct_cat&post=15741"},{"taxonomy":"product_tag","embeddable":true,"href":"https:\/\/www.autonvaraosahaku.fi\/index.php?rest_route=%2Fwp%2Fv2%2Fproduct_tag&post=15741"}],"curies":[{"name":"wp","href":"https:\/\/api.w.org\/{rel}","templated":true}]}}