{"id":15746,"date":"2021-02-21T14:25:03","date_gmt":"2021-02-21T14:25:03","guid":{"rendered":"https:\/\/www.autonvaraosahaku.fi\/?product=ate-03-0137-9703-2-muut-luokat"},"modified":"2021-02-21T14:25:04","modified_gmt":"2021-02-21T14:25:04","slug":"ate-03-0137-9703-2-muut-luokat","status":"publish","type":"product","link":"https:\/\/www.autonvaraosahaku.fi\/?product=ate-03-0137-9703-2-muut-luokat","title":{"rendered":"ATE 03.0137-9703.2 Muut luokat"},"content":{"rendered":"<p>L\u00e4pimitta [mm]: 15; Pituus (mm): 20,7; tuotenumerolle: 03.0137-0170.2, 03.0137-0244.2, 03.0137-4005.2, 03.0137-4006.2, 03.0137-4007.2, 03.0137-4009.2, 03.0137-4011.2, 03.0137-4012.2, 03.0137-4013.2, 03.0137-4016.2, 03.0137-4017.2; Valmistusvuoteen: 05\/1993; MERCEDES-BENZ: C-CLASS W203,E-CLASS W211,C-CLASS W204,A-CLASS W169,A-CLASS W168,B-CLASS W245,C-CLASS T-Model S204,C-CLASS T-Model S203,C-CLASS W202,E-CLASS T-Model S211,190 W201,SLK R170,E-CLASS W210,E-CLASS W212,VIANO W639,C-CLASS Coupe CL203,Stufenheck W124,E-CLASS T-Model S212,GLK-CLASS X204,E-CLASS Kombi S210,VITO Bus W639,SLK R171,CLK C208,SL R129,CLK C209,C-CLASS Kombi S202,S-CLASS W220,VITO \/ MIXTO Kasten W639,S-CLASS W221,CLS C219,SL R230,KOMBI Kombi S124,E-CLASS W124,VITO Bus 638,E-CLASS Coupe C207,CLK Cabriolet A208,COUPE C124,CLK Cabriolet A209,S-CLASS W140,E-CLASS Kombi S124,C-CLASS Coupe C204,V-CLASS 638\/2,E-CLASS Cabriolet A207,CLC-CLASS CL203,CLS C218,S-CLASS Coupe C215,VITO Kasten 638,E-CLASS Cabriolet A124,S-CLASS Coupe C216,E-CLASS Coupe C124,CLS Shooting Brake X218,S-CLASS Coupe C140,CABRIOLET A124,SLS AMG C197,SLS AMG Cabriolet A197,V-CLASS W447,SLR R199,VITO Tourer W447,VITO Kasten W447,SLR ROADSTER R199,VITO Mixto W447; 1244230050, 2014200373, A1244230050, A2014200373<\/p>\n","protected":false},"excerpt":{"rendered":"<p>ATE Tarvikesarja, K\u00e4sijarru s\u00e4\u00e4t\u00f6mutteri 03.0137-9703.2  MERCEDES-BENZ,C-CLASS W203,E-CLASS W211,C-CLASS W204,A-CLASS W169,A-CLASS W168,B-CLASS W245<\/p>\n","protected":false},"featured_media":0,"template":"","meta":{"site-sidebar-layout":"default","site-content-layout":"default","ast-global-header-display":"","ast-main-header-display":"","ast-hfb-above-header-display":"","ast-hfb-below-header-display":"","ast-hfb-mobile-header-display":"","site-post-title":"","ast-breadcrumbs-content":"","ast-featured-img":"","footer-sml-layout":"","theme-transparent-header-meta":"","adv-header-id-meta":"","stick-header-meta":"","header-above-stick-meta":"","header-main-stick-meta":"","header-below-stick-meta":""},"pwb-brand":[108],"product_cat":[37],"product_tag":[],"class_list":{"0":"post-15746","1":"product","2":"type-product","3":"status-publish","5":"pwb-brand-ate","6":"product_cat-muut-luokat","7":"desktop-align-left","8":"tablet-align-left","9":"mobile-align-left","11":"first","12":"instock","13":"product-type-external"},"brands":[{"id":108,"name":"ATE","slug":"ate"}],"_links":{"self":[{"href":"https:\/\/www.autonvaraosahaku.fi\/index.php?rest_route=\/wp\/v2\/product\/15746","targetHints":{"allow":["GET"]}}],"collection":[{"href":"https:\/\/www.autonvaraosahaku.fi\/index.php?rest_route=\/wp\/v2\/product"}],"about":[{"href":"https:\/\/www.autonvaraosahaku.fi\/index.php?rest_route=\/wp\/v2\/types\/product"}],"wp:attachment":[{"href":"https:\/\/www.autonvaraosahaku.fi\/index.php?rest_route=%2Fwp%2Fv2%2Fmedia&parent=15746"}],"wp:term":[{"taxonomy":"pwb-brand","embeddable":true,"href":"https:\/\/www.autonvaraosahaku.fi\/index.php?rest_route=%2Fwp%2Fv2%2Fpwb-brand&post=15746"},{"taxonomy":"product_cat","embeddable":true,"href":"https:\/\/www.autonvaraosahaku.fi\/index.php?rest_route=%2Fwp%2Fv2%2Fproduct_cat&post=15746"},{"taxonomy":"product_tag","embeddable":true,"href":"https:\/\/www.autonvaraosahaku.fi\/index.php?rest_route=%2Fwp%2Fv2%2Fproduct_tag&post=15746"}],"curies":[{"name":"wp","href":"https:\/\/api.w.org\/{rel}","templated":true}]}}