{"id":15749,"date":"2021-02-21T14:25:03","date_gmt":"2021-02-21T14:25:03","guid":{"rendered":"https:\/\/www.autonvaraosahaku.fi\/?product=brembo-09-5180-3x-jarrulevyt"},"modified":"2021-02-21T14:25:04","modified_gmt":"2021-02-21T14:25:04","slug":"brembo-09-5180-3x-jarrulevyt","status":"publish","type":"product","link":"https:\/\/www.autonvaraosahaku.fi\/?product=brembo-09-5180-3x-jarrulevyt","title":{"rendered":"BREMBO 09.5180.3X Jarrulevyt"},"content":{"rendered":"<p>Keskitt\u00e4misl\u00e4pimitta [mm]: 59; Kiristysmomentti: 98; Pinta: pinnoitettu; Korvaava tuote\/korvaava tiedote 2: Ruuveilla; Reikien m\u00e4\u00e4r\u00e4: 4; K\u00e4sittely: hiiliter\u00e4s; V\u00e4himm\u00e4ispaksuus (mm): 24,5; Jarrulevyn paksuus (mm): 26; Jarrulevytyyppi: Reijitetty \/ tuuletettu; Korkeus (mm): 43,5; L\u00e4pimitta [mm]: 281; Asennuspuoli: Vorderachse; LANCIA: DELTA III 844; FIAT: STILO 192,BRAVO II 198,STILO Multi Wagon 192; ALFA ROMEO: MITO 955; 46535086, 46765546, 46535086, 46765546, 46535086, 46765546; Jarrulevy<\/p>\n","protected":false},"excerpt":{"rendered":"<p>BREMBO Jarrulevyt XTRA LINE 09.5180.3X Jarrulevy LANCIA,FIAT,ALFA ROMEO,DELTA III 844,STILO 192,BRAVO II 198,STILO Multi Wagon 192,MITO 955<\/p>\n","protected":false},"featured_media":0,"template":"","meta":{"site-sidebar-layout":"default","site-content-layout":"default","ast-global-header-display":"","ast-main-header-display":"","ast-hfb-above-header-display":"","ast-hfb-below-header-display":"","ast-hfb-mobile-header-display":"","site-post-title":"","ast-breadcrumbs-content":"","ast-featured-img":"","footer-sml-layout":"","theme-transparent-header-meta":"","adv-header-id-meta":"","stick-header-meta":"","header-above-stick-meta":"","header-main-stick-meta":"","header-below-stick-meta":""},"pwb-brand":[146],"product_cat":[66],"product_tag":[],"class_list":{"0":"post-15749","1":"product","2":"type-product","3":"status-publish","5":"pwb-brand-brembo","6":"product_cat-jarrulevyt","7":"desktop-align-left","8":"tablet-align-left","9":"mobile-align-left","11":"first","12":"instock","13":"product-type-external"},"brands":[{"id":146,"name":"BREMBO","slug":"brembo"}],"_links":{"self":[{"href":"https:\/\/www.autonvaraosahaku.fi\/index.php?rest_route=\/wp\/v2\/product\/15749","targetHints":{"allow":["GET"]}}],"collection":[{"href":"https:\/\/www.autonvaraosahaku.fi\/index.php?rest_route=\/wp\/v2\/product"}],"about":[{"href":"https:\/\/www.autonvaraosahaku.fi\/index.php?rest_route=\/wp\/v2\/types\/product"}],"wp:attachment":[{"href":"https:\/\/www.autonvaraosahaku.fi\/index.php?rest_route=%2Fwp%2Fv2%2Fmedia&parent=15749"}],"wp:term":[{"taxonomy":"pwb-brand","embeddable":true,"href":"https:\/\/www.autonvaraosahaku.fi\/index.php?rest_route=%2Fwp%2Fv2%2Fpwb-brand&post=15749"},{"taxonomy":"product_cat","embeddable":true,"href":"https:\/\/www.autonvaraosahaku.fi\/index.php?rest_route=%2Fwp%2Fv2%2Fproduct_cat&post=15749"},{"taxonomy":"product_tag","embeddable":true,"href":"https:\/\/www.autonvaraosahaku.fi\/index.php?rest_route=%2Fwp%2Fv2%2Fproduct_tag&post=15749"}],"curies":[{"name":"wp","href":"https:\/\/api.w.org\/{rel}","templated":true}]}}