{"id":15759,"date":"2021-02-21T14:25:06","date_gmt":"2021-02-21T14:25:06","guid":{"rendered":"https:\/\/www.autonvaraosahaku.fi\/?product=oximo-wus600-pyyhkijansulat"},"modified":"2021-02-21T14:25:07","modified_gmt":"2021-02-21T14:25:07","slug":"oximo-wus600-pyyhkijansulat","status":"publish","type":"product","link":"https:\/\/www.autonvaraosahaku.fi\/?product=oximo-wus600-pyyhkijansulat","title":{"rendered":"OXIMO WUS600 Pyyhkij\u00e4nsulat"},"content":{"rendered":"<p>Pituus (mm): 600; Pyyhkij\u00e4nsulkatyyppi: Pyyhkij\u00e4nsulka,perinteinen runko, Pyyhkij\u00e4nsulka,perinteinen runko; Asennuspuoli: fahrerseitig; VW: TRANSPORTER V Bus 7HB, 7HJ, 7EB, 7EJ, 7EF,MULTIVAN V 7HM, 7HN, 7HF, 7EF, 7EM, 7EN,TRANSPORTER V Kasten 7HA, 7HH, 7EA, 7EH,AMAROK 2H_, S1B,LT 28-46 II Kasten 2DA, 2DD, 2DH,TRANSPORTER V Pritsche\/Fahrgestell 7JD, 7JE, 7JL, 7JY, 7JZ,,LT 28-46 II Pritsche\/Fahrgestell 2DC, 2DF, 2DG, 2DL, 2DM,AMAROK Pritsche\/Fahrgestell S1B; MERCEDES-BENZ: C-CLASS W203,C-CLASS T-Model S203,C-CLASS W202,E-CLASS W210,E-CLASS Kombi S210,SL R129,C-CLASS Kombi S202,VANEO 414,E-CLASS W124,E-CLASS Kombi S124,SPRINTER 3-t Kasten 903,SPRINTER 2-t Bus 901, 902,SPRINTER 2-t Kasten 901, 902,SPRINTER 3-t Bus 903,SPRINTER 3-t Pritsche\/Fahrgestell 903,E-CLASS Cabriolet A124,E-CLASS Coupe C124,SPRINTER 4-t Pritsche\/Fahrgestell 904,SPRINTER 2-t Pritsche\/Fahrgestell 901, 902,SPRINTER CLASSIC 3,5-t Kasten 909,SPRINTER 4-t Kasten 904,CABRIOLET A124,SPRINTER 4-t Bus 904; BMW: X5 E53,7 E38,5 E34,7 E65, E66, E67,5 Touring E34,X5 F15, F85,X6 F16, F86; OPEL: MERIVA,ZAFIRA A F75_,INSIGNIA Caravan,VECTRA C Caravan,SIGNUM,VECTRA C,OMEGA B Caravan 21_, 22_, 23_,OMEGA B 25_, 26_, 27_,VECTRA C GTS,ANTARA,VIVARO Kasten F7,INSIGNIA,INSIGNIA Stufenheck,VIVARO Combi J7,SINTRA,VIVARO Pritsche\/Fahrgestell E7,KARL,INSIGNIA CC; FORD: KA RU8,TRANSIT MK-7 Kasten,RANGER TKE,TRANSIT MK-7 Bus,TRANSIT Kasten FA_ _,TRANSIT Bus FD_ _, FB_ _, FS_ _, FZ_ _, FC_ _,RANGER ES, ET,TRANSIT MK-7 Pritsche\/Fahrgestell,TRANSIT Pritsche\/Fahrgestell FM_ _, FN_ _,TRANSIT TOURNEO FB,TRANSIT  MK-5 Bus E_ _,TRANSIT MK-5 Pritsche\/Fahrgestell E_ _,TRANSIT MK-5 Kasten E_ _,TRANSIT CUSTOM Kasten,TRANSIT Custom  Bus,TRANSIT Custom Pritsche\/Fahrgestell; RENAULT: LAGUNA II Grandtour KG0\/1_,MEGANE II Kombi KM0\/1_,SC\u00c9NIC I JA0\/1_,MEGANE II Coup\u00e9-Cabriolet EM0\/1_,LAGUNA II BG0\/1_,MEGANE II BM0\/1_, CM0\/1_,TRAFIC II Bus JL,TRAFIC II Kasten FL,LAGUNA I B56_, 556_,LAGUNA I Grandtour K56_,MEGANE II Stufenheck LM0\/1_,SAFRANE II B54_,FLUENCE L30_,LATITUDE L70_,TRAFIC II Pritsche\/Fahrgestell EL,DUSTER,ALASKAN,MEGANE II Hatchback Van KM0\/2_; FIAT: FREEMONT JF_,MULTIPLA 186; TOYOTA: YARIS SCP9_, NSP9_, KSP9_, NCP9_, ZSP9_,AVENSIS Kombi T25,RAV 4 III ACA3_, ACE_, ALA3_, GSA3_, ZSA3_,RAV 4 II CLA2_, XA2_, ZCA2_, ACA2_,AVENSIS T25_,AVENSIS Stufenheck T25,PICNIC _XM10,URBAN CRUISER NSP1_, NLP1_, ZSP1_, NCP11_,CAMRY MCV3_, ACV3_, _XV3_,PRIUS Stufenheck NHW11_,CAMRY Stufenheck _XV4_,PRIUS Stufenheck _W1_; CITRO\u00cbN: XANTIA X1; NISSAN: X-TRAIL T30,NOTE E11,NAVARA D40,PATHFINDER R51,X-TRAIL T31,NAVARA Pritsche\/Fahrgestell D40,NOTE E12,PATROL GR II Wagon Y61,TIIDA Schr\u00e4gheck,370 Z Z34,PRIMASTAR Bus X83,PRIMASTAR Kasten X83,TIIDA Stufenheck SC11X,370 Z Roadster Z34,PATROL II Pritsche\/Fahrgestell Y61,TEANA II J32,PRIMASTAR Pritsche\/Fahrgestell,PATROL Pick-up,TEANA I J31; Tuulilasinpyyhkimet,Pyyhkij\u00e4t,Pyyhkij\u00e4nsulka<\/p>\n","protected":false},"excerpt":{"rendered":"<p>OXIMO Pyyhkij\u00e4nsulat WUS600 Tuulilasinpyyhkimet,Pyyhkij\u00e4t VW,MERCEDES-BENZ,BMW,TRANSPORTER V Bus 7HB, 7HJ, 7EB, 7EJ, 7EF<\/p>\n","protected":false},"featured_media":0,"template":"","meta":{"site-sidebar-layout":"default","site-content-layout":"default","ast-global-header-display":"","ast-main-header-display":"","ast-hfb-above-header-display":"","ast-hfb-below-header-display":"","ast-hfb-mobile-header-display":"","site-post-title":"","ast-breadcrumbs-content":"","ast-featured-img":"","footer-sml-layout":"","theme-transparent-header-meta":"","adv-header-id-meta":"","stick-header-meta":"","header-above-stick-meta":"","header-main-stick-meta":"","header-below-stick-meta":""},"pwb-brand":[382],"product_cat":[33],"product_tag":[],"class_list":{"0":"post-15759","1":"product","2":"type-product","3":"status-publish","5":"pwb-brand-oximo","6":"product_cat-pyyhkijansulat","7":"desktop-align-left","8":"tablet-align-left","9":"mobile-align-left","11":"first","12":"instock","13":"product-type-external"},"brands":[{"id":382,"name":"OXIMO","slug":"oximo"}],"_links":{"self":[{"href":"https:\/\/www.autonvaraosahaku.fi\/index.php?rest_route=\/wp\/v2\/product\/15759","targetHints":{"allow":["GET"]}}],"collection":[{"href":"https:\/\/www.autonvaraosahaku.fi\/index.php?rest_route=\/wp\/v2\/product"}],"about":[{"href":"https:\/\/www.autonvaraosahaku.fi\/index.php?rest_route=\/wp\/v2\/types\/product"}],"wp:attachment":[{"href":"https:\/\/www.autonvaraosahaku.fi\/index.php?rest_route=%2Fwp%2Fv2%2Fmedia&parent=15759"}],"wp:term":[{"taxonomy":"pwb-brand","embeddable":true,"href":"https:\/\/www.autonvaraosahaku.fi\/index.php?rest_route=%2Fwp%2Fv2%2Fpwb-brand&post=15759"},{"taxonomy":"product_cat","embeddable":true,"href":"https:\/\/www.autonvaraosahaku.fi\/index.php?rest_route=%2Fwp%2Fv2%2Fproduct_cat&post=15759"},{"taxonomy":"product_tag","embeddable":true,"href":"https:\/\/www.autonvaraosahaku.fi\/index.php?rest_route=%2Fwp%2Fv2%2Fproduct_tag&post=15759"}],"curies":[{"name":"wp","href":"https:\/\/api.w.org\/{rel}","templated":true}]}}