{"id":15760,"date":"2021-02-21T14:25:06","date_gmt":"2021-02-21T14:25:06","guid":{"rendered":"https:\/\/www.autonvaraosahaku.fi\/?product=oximo-wus550-pyyhkijansulat"},"modified":"2021-02-21T14:25:07","modified_gmt":"2021-02-21T14:25:07","slug":"oximo-wus550-pyyhkijansulat","status":"publish","type":"product","link":"https:\/\/www.autonvaraosahaku.fi\/?product=oximo-wus550-pyyhkijansulat","title":{"rendered":"OXIMO WUS550 Pyyhkij\u00e4nsulat"},"content":{"rendered":"<p>Pituus (mm): 550, 550; Pyyhkij\u00e4nsulkatyyppi: Pyyhkij\u00e4nsulka,perinteinen runko, Pyyhkij\u00e4nsulka,perinteinen runko; Asennuspuoli: beifahrerseitig; VW: TRANSPORTER V Bus 7HB, 7HJ, 7EB, 7EJ, 7EF,TRANSPORTER V Kasten 7HA, 7HH, 7EA, 7EH,AMAROK 2H_, S1B,LT 28-46 II Kasten 2DA, 2DD, 2DH,TRANSPORTER V Pritsche\/Fahrgestell 7JD, 7JE, 7JL, 7JY, 7JZ,,LT 28-46 II Pritsche\/Fahrgestell 2DC, 2DF, 2DG, 2DL, 2DM,AMAROK Pritsche\/Fahrgestell S1B; AUDI: A6 Avant 4B5, C5,A6 4B2, C5,CABRIOLET 8G7, B4,TT 8N3,100 4A, C4,A8 4D2, 4D8,TT Roadster 8N9,A6 Avant 4A, C4,A6 4A, C4,100 Avant 4A, C4; MERCEDES-BENZ: SLK R170,M-CLASS W163,CLK C208,CLK Cabriolet A208,CLK Cabriolet A209,SPRINTER 3-t Kasten 903,SPRINTER 2-t Bus 901, 902,SPRINTER 2-t Kasten 901, 902,SPRINTER 3-t Bus 903,SPRINTER 3-t Pritsche\/Fahrgestell 903,CITAN Kasten 415,SPRINTER 4-t Pritsche\/Fahrgestell 904,SPRINTER 2-t Pritsche\/Fahrgestell 901, 902,SPRINTER 4-t Kasten 904,CITAN Kombi 415,SPRINTER 4-t Bus 904,CITAN Mixto 415,X-CLASS 470; BMW: X3 E83,X5 E53,7 E32; OPEL: AGILA B H08,GT Cabriolet; FORD: FIESTA V JH_, JD_,MONDEO III Kombi BWY,FOCUS Kombi DNW,FOCUS DAW, DBW,FUSION JU_,MONDEO III B5Y,MONDEO III Stufenheck B4Y,FOCUS Stufenheck DFW,TRANSIT Kasten FA_ _,TRANSIT CONNECT P65_, P70_, P80_,TRANSIT Bus FD_ _, FB_ _, FS_ _, FZ_ _, FC_ _,COUGAR EC_,TOURNEO CONNECT,TRANSIT Pritsche\/Fahrgestell FM_ _, FN_ _,TRANSIT TOURNEO FB,MONDEO I GBP,TRANSIT  MK-5 Bus E_ _,TRANSIT MK-5 Pritsche\/Fahrgestell E_ _,TRANSIT Bus MK-4 E_ _,TRANSIT MK-5 Kasten E_ _,TRANSIT MK-4 Pritsche\/Fahrgestell E_ _,TRANSIT CONNECT Kasten,TRANSIT MK-4 Kasten E_ _,TRANSIT TOURNEO E_,TRANSIT CONNECT Kombi; RENAULT: MEGANE I BA0\/1_,MEGANE I Grandtour KA0\/1_,MEGANE I Cabriolet EA0\/1_,LAGUNA I B56_, 556_,KANGOO Express FW0\/1_,MEGANE I Classic LA0\/1_,MEGANE I Coach DA0\/1_,SAFRANE II B54_; FIAT: PUNTO 188,STILO 192,DUCATO Pritsche\/Fahrgestell 230,DUCATO Bus 230,DUCATO Kasten 244,DOBLO Cargo 223,STILO Multi Wagon 192,DOBLO 119,DUCATO Pritsche\/Fahrgestell 244,DUCATO Kasten 230L,DUCATO Bus 244, Z_,IDEA,STRADA Pick-up 178E,MULTIPLA 186,PUNTO Van 188AX,STRADA Pick-up 578_,FULLBACK Pick-up 502_, 503_; TOYOTA: COROLLA ZZE12_, NDE12_, ZDE12_,YARIS VERSO _NLP2_, _NCP2_,COROLLA Kombi _E12J_, _E12T_,GT 86 Coupe ZN6_,LAND CRUISER KDJ12_, GRJ12_,COROLLA Stufenheck _E12J_, _E12T_; HYUNDAI: i10 IA; Tuulilasinpyyhkimet,Pyyhkij\u00e4t,Pyyhkij\u00e4nsulka<\/p>\n","protected":false},"excerpt":{"rendered":"<p>OXIMO Pyyhkij\u00e4nsulat WUS550 Tuulilasinpyyhkimet,Pyyhkij\u00e4t VW,AUDI,MERCEDES-BENZ,TRANSPORTER V Bus 7HB, 7HJ, 7EB, 7EJ, 7EF<\/p>\n","protected":false},"featured_media":0,"template":"","meta":{"site-sidebar-layout":"default","site-content-layout":"default","ast-global-header-display":"","ast-main-header-display":"","ast-hfb-above-header-display":"","ast-hfb-below-header-display":"","ast-hfb-mobile-header-display":"","site-post-title":"","ast-breadcrumbs-content":"","ast-featured-img":"","footer-sml-layout":"","theme-transparent-header-meta":"","adv-header-id-meta":"","stick-header-meta":"","header-above-stick-meta":"","header-main-stick-meta":"","header-below-stick-meta":""},"pwb-brand":[382],"product_cat":[33],"product_tag":[],"class_list":{"0":"post-15760","1":"product","2":"type-product","3":"status-publish","5":"pwb-brand-oximo","6":"product_cat-pyyhkijansulat","7":"desktop-align-left","8":"tablet-align-left","9":"mobile-align-left","11":"first","12":"instock","13":"product-type-external"},"brands":[{"id":382,"name":"OXIMO","slug":"oximo"}],"_links":{"self":[{"href":"https:\/\/www.autonvaraosahaku.fi\/index.php?rest_route=\/wp\/v2\/product\/15760","targetHints":{"allow":["GET"]}}],"collection":[{"href":"https:\/\/www.autonvaraosahaku.fi\/index.php?rest_route=\/wp\/v2\/product"}],"about":[{"href":"https:\/\/www.autonvaraosahaku.fi\/index.php?rest_route=\/wp\/v2\/types\/product"}],"wp:attachment":[{"href":"https:\/\/www.autonvaraosahaku.fi\/index.php?rest_route=%2Fwp%2Fv2%2Fmedia&parent=15760"}],"wp:term":[{"taxonomy":"pwb-brand","embeddable":true,"href":"https:\/\/www.autonvaraosahaku.fi\/index.php?rest_route=%2Fwp%2Fv2%2Fpwb-brand&post=15760"},{"taxonomy":"product_cat","embeddable":true,"href":"https:\/\/www.autonvaraosahaku.fi\/index.php?rest_route=%2Fwp%2Fv2%2Fproduct_cat&post=15760"},{"taxonomy":"product_tag","embeddable":true,"href":"https:\/\/www.autonvaraosahaku.fi\/index.php?rest_route=%2Fwp%2Fv2%2Fproduct_tag&post=15760"}],"curies":[{"name":"wp","href":"https:\/\/api.w.org\/{rel}","templated":true}]}}