{"id":15763,"date":"2021-02-21T14:25:06","date_gmt":"2021-02-21T14:25:06","guid":{"rendered":"https:\/\/www.autonvaraosahaku.fi\/?product=oximo-wus475-pyyhkijansulat"},"modified":"2021-02-21T14:25:07","modified_gmt":"2021-02-21T14:25:07","slug":"oximo-wus475-pyyhkijansulat","status":"publish","type":"product","link":"https:\/\/www.autonvaraosahaku.fi\/?product=oximo-wus475-pyyhkijansulat","title":{"rendered":"OXIMO WUS475 Pyyhkij\u00e4nsulat"},"content":{"rendered":"<p>Pituus (mm): 475, 475; Pyyhkij\u00e4nsulkatyyppi: Pyyhkij\u00e4nsulka,perinteinen runko, Pyyhkij\u00e4nsulka,perinteinen runko; Asennuspuoli: beifahrerseitig; VW: GOLF IV 1J1,POLO 9N_,LUPO 6X1, 6E1,GOLF III 1H1,GOLF IV Variant 1J5,POLO 6N2,POLO 6N1,BORA 1J2,GOLF III Cabriolet 1E7,GOLF Mk III Cabriolet 1E7,BORA Kombi 1J6,GOLF III Variant 1H5,CORRADO 53I,VENTO 1H2,POLO Kasten 6NF,LT 40-55 I Pritsche\/Fahrgestell 293-909,LT 40-55 I Kasten 291-512,GOLF IV Van 1J1,GOLF III Van 1H1; AUDI: A3 8L1; OPEL: ASTRA G CC F48_, F08_,OMEGA A 16_, 17_, 19_,ASTRA G Caravan F35_,VECTRA C Caravan,SIGNUM,VECTRA C,VECTRA B 36_,OMEGA B Caravan 21_, 22_, 23_,OMEGA B 25_, 26_, 27_,VECTRA C GTS,VECTRA B Caravan 31_,ASTRA G Cabriolet F67,FRONTERA B 6B_,ASTRA G Coupe F07_,ASTRA G Stufenheck F69_,CALIBRA A 85_,VECTRA B CC 38_,FRONTERA A Sport 5_SUD2,FRONTERA A 5_MWL4,VECTRA A CC 88_, 89_,SENATOR B 29_,ASTRA F CLASSIC CC,ASTRA F CLASSIC Stufenheck,ASTRA F CLASSIC Caravan,ASTRA G Kasten F70; FORD: FOCUS Kombi DNW,FOCUS DAW, DBW,FIESTA IV JA_, JB_,KA RB_,MONDEO III B5Y,MAVERICK,FOCUS Stufenheck DFW,STREET KA RL2,FIESTA III GFJ,PUMA EC_; RENAULT: LAGUNA III BT0\/1; FIAT: STILO 192,SEICENTO 187,FREEMONT JF_,BARCHETTA 183,STILO Multi Wagon 192,CINQUECENTO 170,COUPE FA\/175,BRAVO I 182,BRAVA 182,MAREA Weekend 185,TIPO 160,MAREA 185,124 Spider 348_; SKODA: FABIA Praktik; SEAT: AROSA 6H,IBIZA II 6K1; TOYOTA: RAV 4 II CLA2_, XA2_, ZCA2_, ACA2_,COROLLA ZZE12_, NDE12_, ZDE12_,COROLLA Kombi _E12J_, _E12T_,HILUX III Pick-up TGN1_, GGN2_, GGN1_, KUN2_, KUN1_,COROLLA Stufenheck _E12J_, _E12T_,LAND CRUISER 90 _J9_,CAMRY MCV3_, ACV3_, _XV3_,FORTUNER Gel\u00e4ndewagen geschlossen TGN6_, KUN6_, GGN6_, TGN5; HYUNDAI: SONATA VI YF; Tuulilasinpyyhkimet,Pyyhkij\u00e4t,Pyyhkij\u00e4nsulka<\/p>\n","protected":false},"excerpt":{"rendered":"<p>OXIMO Pyyhkij\u00e4nsulat WUS475 Tuulilasinpyyhkimet,Pyyhkij\u00e4t VW,AUDI,OPEL,GOLF IV 1J1,POLO 9N_,LUPO 6X1, 6E1,GOLF III 1H1,GOLF IV Variant 1J5,POLO 6N2<\/p>\n","protected":false},"featured_media":0,"template":"","meta":{"site-sidebar-layout":"default","site-content-layout":"default","ast-global-header-display":"","ast-main-header-display":"","ast-hfb-above-header-display":"","ast-hfb-below-header-display":"","ast-hfb-mobile-header-display":"","site-post-title":"","ast-breadcrumbs-content":"","ast-featured-img":"","footer-sml-layout":"","theme-transparent-header-meta":"","adv-header-id-meta":"","stick-header-meta":"","header-above-stick-meta":"","header-main-stick-meta":"","header-below-stick-meta":""},"pwb-brand":[382],"product_cat":[33],"product_tag":[],"class_list":{"0":"post-15763","1":"product","2":"type-product","3":"status-publish","5":"pwb-brand-oximo","6":"product_cat-pyyhkijansulat","7":"desktop-align-left","8":"tablet-align-left","9":"mobile-align-left","11":"first","12":"instock","13":"product-type-external"},"brands":[{"id":382,"name":"OXIMO","slug":"oximo"}],"_links":{"self":[{"href":"https:\/\/www.autonvaraosahaku.fi\/index.php?rest_route=\/wp\/v2\/product\/15763","targetHints":{"allow":["GET"]}}],"collection":[{"href":"https:\/\/www.autonvaraosahaku.fi\/index.php?rest_route=\/wp\/v2\/product"}],"about":[{"href":"https:\/\/www.autonvaraosahaku.fi\/index.php?rest_route=\/wp\/v2\/types\/product"}],"wp:attachment":[{"href":"https:\/\/www.autonvaraosahaku.fi\/index.php?rest_route=%2Fwp%2Fv2%2Fmedia&parent=15763"}],"wp:term":[{"taxonomy":"pwb-brand","embeddable":true,"href":"https:\/\/www.autonvaraosahaku.fi\/index.php?rest_route=%2Fwp%2Fv2%2Fpwb-brand&post=15763"},{"taxonomy":"product_cat","embeddable":true,"href":"https:\/\/www.autonvaraosahaku.fi\/index.php?rest_route=%2Fwp%2Fv2%2Fproduct_cat&post=15763"},{"taxonomy":"product_tag","embeddable":true,"href":"https:\/\/www.autonvaraosahaku.fi\/index.php?rest_route=%2Fwp%2Fv2%2Fproduct_tag&post=15763"}],"curies":[{"name":"wp","href":"https:\/\/api.w.org\/{rel}","templated":true}]}}