{"id":15765,"date":"2021-02-21T14:25:06","date_gmt":"2021-02-21T14:25:06","guid":{"rendered":"https:\/\/www.autonvaraosahaku.fi\/?product=oximo-wus400-pyyhkijansulat"},"modified":"2021-02-21T14:25:07","modified_gmt":"2021-02-21T14:25:07","slug":"oximo-wus400-pyyhkijansulat","status":"publish","type":"product","link":"https:\/\/www.autonvaraosahaku.fi\/?product=oximo-wus400-pyyhkijansulat","title":{"rendered":"OXIMO WUS400 Pyyhkij\u00e4nsulat"},"content":{"rendered":"<p>Pituus (mm): 400, 400; Pyyhkij\u00e4nsulkatyyppi: Pyyhkij\u00e4nsulka,perinteinen runko, Pyyhkij\u00e4nsulka,perinteinen runko; Asennuspuoli: hinten; VW: TRANSPORTER IV Bus 70XB, 70XC, 7DB, 7DW,SHARAN 7M8, 7M9, 7M6,CADDY III Kombi 2KB, 2KJ, 2CB, 2CJ,GOLF II 19E, 1G1,PASSAT Variant 3A5, 35I,CADDY III Kasten 2KA, 2KH, 2CA, 2CH,GOLF I Cabriolet 155,TRANSPORTER IV Kasten 70XA,TRANSPORTER III Bus,POLO 86C, 80,POLO Coupe 86C, 80,TRANSPORTER IV Pritsche\/Fahrgestell 70XD,SCIROCCO 53B,GOLF I 17,TRANSPORTER III Kasten,TARO,POLO CLASSIC 86C, 80,TRANSPORTER III Pritsche\/Fahrgestell,POLO 86,JETTA I 16,POLO Kasten 86CF,GOLF II Van 19E, 1G1; AUDI: 80 Avant 8C, B4; MERCEDES-BENZ: C-CLASS T-Model S203,VIANO W639,E-CLASS Kombi S210,C-CLASS Kombi S202,G-CLASS W463,G-CLASS Cabrio W463; OPEL: ANTARA,COMBO Tour,AGILA B H08,CORSA A CC 93_, 94_, 98_, 99_,GT Cabriolet,ASTRA F CLASSIC CC,CORSA A TR 91_, 92_, 96_, 97_,ASTRA F CLASSIC Caravan,CORSA A Kasten; FORD: FIESTA V JH_, JD_,GALAXY WGR,GALAXY WA6,FUSION JU_,RANGER TKE,FIESTA III GFJ,RANGER ES, ET; RENAULT: SC\u00c9NIC I JA0\/1_,CLIO I B\/C57_, 5\/357_,ESPACE II J\/S63_,FLUENCE L30_,LATITUDE L70_,ALASKAN; FIAT: PANDA 169,PUNTO 176,PANDA Van 169,PANDA 141A_,IDEA,ULYSSE 220,PUNTO Cabriolet 176C,SCUDO Kasten 220L,SCUDO Combinato 220P,PUNTO Van 176L; SKODA: FAVORIT 781,FAVORIT Forman 785,FAVORIT Pick-up 787; SEAT: MARBELLA 28,MARBELLA Kasten 028A; TOYOTA: AVENSIS Kombi T25,COROLLA Verso ZER_, ZZE12_, R1_,AURIS NRE15_, ZZE15_, ADE15_, ZRE15_, NDE15_,RAV 4 III ACA3_, ACE_, ALA3_, GSA3_, ZSA3_,VERSO _AUR2_, _ZGR2_,AVENSIS T25_,YARIS VERSO _NLP2_, _NCP2_,STARLET EP91,PRIUS Liftback NHW20_,AVENSIS Stufenheck T25,COROLLA Liftback _E11_,COROLLA Compact _E11_,COROLLA Verso ZDE12_, CDE12_,PRIUS ZVW3_,RAV 4 IV ZSA4_, ALA4_,PICNIC _XM10,AVENSIS VERSO _CLM2_, _ACM2_,PRIUS PLUS ZVW4_,COROLLA Liftback _E10_,PRIUS Stufenheck NHW11_,COROLLA Wagon _E10_,CRESSIDA Stufenheck GX7_, MX73,PRIUS _W5_,PRIUS Stufenheck _W1_; Tuulilasinpyyhkimet,Pyyhkij\u00e4t,Pyyhkij\u00e4nsulka<\/p>\n","protected":false},"excerpt":{"rendered":"<p>OXIMO Pyyhkij\u00e4nsulat WUS400 Tuulilasinpyyhkimet,Pyyhkij\u00e4t VW,AUDI,MERCEDES-BENZ,TRANSPORTER IV Bus 70XB, 70XC, 7DB, 7DW,SHARAN 7M8, 7M9, 7M6<\/p>\n","protected":false},"featured_media":0,"template":"","meta":{"site-sidebar-layout":"default","site-content-layout":"default","ast-global-header-display":"","ast-main-header-display":"","ast-hfb-above-header-display":"","ast-hfb-below-header-display":"","ast-hfb-mobile-header-display":"","site-post-title":"","ast-breadcrumbs-content":"","ast-featured-img":"","footer-sml-layout":"","theme-transparent-header-meta":"","adv-header-id-meta":"","stick-header-meta":"","header-above-stick-meta":"","header-main-stick-meta":"","header-below-stick-meta":""},"pwb-brand":[382],"product_cat":[33],"product_tag":[],"class_list":{"0":"post-15765","1":"product","2":"type-product","3":"status-publish","5":"pwb-brand-oximo","6":"product_cat-pyyhkijansulat","7":"desktop-align-left","8":"tablet-align-left","9":"mobile-align-left","11":"first","12":"instock","13":"product-type-external"},"brands":[{"id":382,"name":"OXIMO","slug":"oximo"}],"_links":{"self":[{"href":"https:\/\/www.autonvaraosahaku.fi\/index.php?rest_route=\/wp\/v2\/product\/15765","targetHints":{"allow":["GET"]}}],"collection":[{"href":"https:\/\/www.autonvaraosahaku.fi\/index.php?rest_route=\/wp\/v2\/product"}],"about":[{"href":"https:\/\/www.autonvaraosahaku.fi\/index.php?rest_route=\/wp\/v2\/types\/product"}],"wp:attachment":[{"href":"https:\/\/www.autonvaraosahaku.fi\/index.php?rest_route=%2Fwp%2Fv2%2Fmedia&parent=15765"}],"wp:term":[{"taxonomy":"pwb-brand","embeddable":true,"href":"https:\/\/www.autonvaraosahaku.fi\/index.php?rest_route=%2Fwp%2Fv2%2Fpwb-brand&post=15765"},{"taxonomy":"product_cat","embeddable":true,"href":"https:\/\/www.autonvaraosahaku.fi\/index.php?rest_route=%2Fwp%2Fv2%2Fproduct_cat&post=15765"},{"taxonomy":"product_tag","embeddable":true,"href":"https:\/\/www.autonvaraosahaku.fi\/index.php?rest_route=%2Fwp%2Fv2%2Fproduct_tag&post=15765"}],"curies":[{"name":"wp","href":"https:\/\/api.w.org\/{rel}","templated":true}]}}