{"id":15767,"date":"2021-02-21T14:25:06","date_gmt":"2021-02-21T14:25:06","guid":{"rendered":"https:\/\/www.autonvaraosahaku.fi\/?product=oximo-wus350-pyyhkijansulat"},"modified":"2021-02-21T14:25:08","modified_gmt":"2021-02-21T14:25:08","slug":"oximo-wus350-pyyhkijansulat","status":"publish","type":"product","link":"https:\/\/www.autonvaraosahaku.fi\/?product=oximo-wus350-pyyhkijansulat","title":{"rendered":"OXIMO WUS350 Pyyhkij\u00e4nsulat"},"content":{"rendered":"<p>Pituus (mm): 350, 350; Pyyhkij\u00e4nsulkatyyppi: Pyyhkij\u00e4nsulka,perinteinen runko, Pyyhkij\u00e4nsulka,perinteinen runko; Asennuspuoli: beifahrerseitig; VW: GOLF IV 1J1,GOLF III 1H1,GOLF III Variant 1H5,GOLF III Van 1H1; MERCEDES-BENZ: A-CLASS W168,VIANO W639,VITO Bus W639; OPEL: AGILA A H00,OMEGA B Caravan 21_, 22_, 23_,VIVARO Kasten F7,ASTRA F Caravan 51_, 52_,FRONTERA B 6B_,VIVARO Combi J7,COMBO Tour,KADETT E CC 33_, 34_, 43_, 44_,FRONTERA A Sport 5_SUD2,FRONTERA A 5_MWL4,COMBO 71_,KADETT E Cabriolet 43B_,KADETT E 39_, 49_,VIVARO Pritsche\/Fahrgestell E7,KADETT E Caravan 35_, 36_, 45_, 46_,ASTRA F Van 55_,KADETT E Kasten 37_, 47_,KADETT E Combo 38_, 48_,KARL; FORD: S-MAX WA6,KA RU8,MONDEO II Kombi BNP,TOURNEO CUSTOM Bus,ESCORT VII Kombi GAL, ANL,TOURNEO CONNECT \/ GRAND TOURNEO CONNECT Kombi,ESCORT VI Kombi GAL,TRANSIT TOURNEO E_,ESCORT V Kombi GAL, AVL; FIAT: SEDICI; SEAT: IBIZA II 6K1; TOYOTA: YARIS SCP9_, NSP9_, KSP9_, NCP9_, ZSP9_,AURIS NZE18_, ZRE18_,AURIS TOURING SPORTS ADE18_, ZWE18_, ZRE18_,RAV 4 I SXA1_,LAND CRUISER 90 _J9_,LAND CRUISER PZJ7_, KZJ7_, HZJ7_, BJ7_, LJ7_, RJ7_,LAND CRUISER 80 _J8_,URBAN CRUISER NSP1_, NLP1_, ZSP1_, NCP11_,COROLLA Wagon __E11_,RAV 4 \u00a0 SXA1_,COROLLA Stufenheck E15_,COROLLA Stufenheck NRE18_, ZRE17_, ZRE18_, NDE18_,AURIS VAN Kasten ZRE18_, NZE18_; HYUNDAI: LANTRA II Wagon J-2,GRAND SANTA F\u00c9; NISSAN: NOTE E11,ALMERA II Hatchback N16,JUKE F15,MICRA IV K13,PIXO UA0,TERRANO II R20,NOTE E12,PATROL GR II Wagon Y61,TIIDA Schr\u00e4gheck,ALMERA I Hatchback N15,TIIDA Stufenheck SC11X,PULSAR V Schr\u00e4gheck N14,SUNNY III Traveller Y10,TERRANO Van R20,PATROL II Pritsche\/Fahrgestell Y61,SUNNY Kasten Y10,MICRA V K14; MAZDA: 2 DE; Tuulilasinpyyhkimet,Pyyhkij\u00e4t,Pyyhkij\u00e4nsulka<\/p>\n","protected":false},"excerpt":{"rendered":"<p>OXIMO Pyyhkij\u00e4nsulat WUS350 Tuulilasinpyyhkimet,Pyyhkij\u00e4t VW,MERCEDES-BENZ,OPEL,GOLF IV 1J1,GOLF III 1H1,GOLF III Variant 1H5,GOLF III Van 1H1<\/p>\n","protected":false},"featured_media":0,"template":"","meta":{"site-sidebar-layout":"default","site-content-layout":"default","ast-global-header-display":"","ast-main-header-display":"","ast-hfb-above-header-display":"","ast-hfb-below-header-display":"","ast-hfb-mobile-header-display":"","site-post-title":"","ast-breadcrumbs-content":"","ast-featured-img":"","footer-sml-layout":"","theme-transparent-header-meta":"","adv-header-id-meta":"","stick-header-meta":"","header-above-stick-meta":"","header-main-stick-meta":"","header-below-stick-meta":""},"pwb-brand":[382],"product_cat":[33],"product_tag":[],"class_list":{"0":"post-15767","1":"product","2":"type-product","3":"status-publish","5":"pwb-brand-oximo","6":"product_cat-pyyhkijansulat","7":"desktop-align-left","8":"tablet-align-left","9":"mobile-align-left","11":"first","12":"instock","13":"product-type-external"},"brands":[{"id":382,"name":"OXIMO","slug":"oximo"}],"_links":{"self":[{"href":"https:\/\/www.autonvaraosahaku.fi\/index.php?rest_route=\/wp\/v2\/product\/15767","targetHints":{"allow":["GET"]}}],"collection":[{"href":"https:\/\/www.autonvaraosahaku.fi\/index.php?rest_route=\/wp\/v2\/product"}],"about":[{"href":"https:\/\/www.autonvaraosahaku.fi\/index.php?rest_route=\/wp\/v2\/types\/product"}],"wp:attachment":[{"href":"https:\/\/www.autonvaraosahaku.fi\/index.php?rest_route=%2Fwp%2Fv2%2Fmedia&parent=15767"}],"wp:term":[{"taxonomy":"pwb-brand","embeddable":true,"href":"https:\/\/www.autonvaraosahaku.fi\/index.php?rest_route=%2Fwp%2Fv2%2Fpwb-brand&post=15767"},{"taxonomy":"product_cat","embeddable":true,"href":"https:\/\/www.autonvaraosahaku.fi\/index.php?rest_route=%2Fwp%2Fv2%2Fproduct_cat&post=15767"},{"taxonomy":"product_tag","embeddable":true,"href":"https:\/\/www.autonvaraosahaku.fi\/index.php?rest_route=%2Fwp%2Fv2%2Fproduct_tag&post=15767"}],"curies":[{"name":"wp","href":"https:\/\/api.w.org\/{rel}","templated":true}]}}