{"id":15768,"date":"2021-02-21T14:25:06","date_gmt":"2021-02-21T14:25:06","guid":{"rendered":"https:\/\/www.autonvaraosahaku.fi\/?product=oximo-wus325-pyyhkijansulat"},"modified":"2021-02-21T14:25:08","modified_gmt":"2021-02-21T14:25:08","slug":"oximo-wus325-pyyhkijansulat","status":"publish","type":"product","link":"https:\/\/www.autonvaraosahaku.fi\/?product=oximo-wus325-pyyhkijansulat","title":{"rendered":"OXIMO WUS325 Pyyhkij\u00e4nsulat"},"content":{"rendered":"<p>Pituus (mm): 325, 325; Pyyhkij\u00e4nsulkatyyppi: Pyyhkij\u00e4nsulka,perinteinen runko, Pyyhkij\u00e4nsulka,perinteinen runko; Asennuspuoli: hinten; OPEL: VECTRA B Caravan 31_; FORD: MONDEO I Kombi BNP,SIERRA Schr\u00e4gheck GBC, GBG,SIERRA Schr\u00e4gheck GBC; FIAT: 126,UNO 146A\/E,FIORINO Kasten 146,FIORINO Pick up 146; TOYOTA: AVENSIS Station Wagon _T22_; MAZDA: 323 F VI BJ,PREMACY CP,626 V Station Wagon GW; KIA: RIO Kombi DC; HONDA: STREAM RN; VOLVO: 740 Kombi 745,740 744,760 704, 764,760 Kombi 704, 765,780; MITSUBISHI: SPACE STAR DG_A,PAJERO SPORT VAN K90; SUZUKI: WAGON R+ MM,ALTO HA25, HA35,ALTO HA11; Tuulilasinpyyhkimet,Pyyhkij\u00e4t,Pyyhkij\u00e4nsulka<\/p>\n","protected":false},"excerpt":{"rendered":"<p>OXIMO Pyyhkij\u00e4nsulat WUS325 Tuulilasinpyyhkimet,Pyyhkij\u00e4t OPEL,FORD,FIAT,VECTRA B Caravan 31_,MONDEO I Kombi BNP,SIERRA Schr\u00e4gheck GBC, GBG<\/p>\n","protected":false},"featured_media":0,"template":"","meta":{"site-sidebar-layout":"default","site-content-layout":"default","ast-global-header-display":"","ast-main-header-display":"","ast-hfb-above-header-display":"","ast-hfb-below-header-display":"","ast-hfb-mobile-header-display":"","site-post-title":"","ast-breadcrumbs-content":"","ast-featured-img":"","footer-sml-layout":"","theme-transparent-header-meta":"","adv-header-id-meta":"","stick-header-meta":"","header-above-stick-meta":"","header-main-stick-meta":"","header-below-stick-meta":""},"pwb-brand":[382],"product_cat":[33],"product_tag":[],"class_list":{"0":"post-15768","1":"product","2":"type-product","3":"status-publish","5":"pwb-brand-oximo","6":"product_cat-pyyhkijansulat","7":"desktop-align-left","8":"tablet-align-left","9":"mobile-align-left","11":"first","12":"instock","13":"product-type-external"},"brands":[{"id":382,"name":"OXIMO","slug":"oximo"}],"_links":{"self":[{"href":"https:\/\/www.autonvaraosahaku.fi\/index.php?rest_route=\/wp\/v2\/product\/15768","targetHints":{"allow":["GET"]}}],"collection":[{"href":"https:\/\/www.autonvaraosahaku.fi\/index.php?rest_route=\/wp\/v2\/product"}],"about":[{"href":"https:\/\/www.autonvaraosahaku.fi\/index.php?rest_route=\/wp\/v2\/types\/product"}],"wp:attachment":[{"href":"https:\/\/www.autonvaraosahaku.fi\/index.php?rest_route=%2Fwp%2Fv2%2Fmedia&parent=15768"}],"wp:term":[{"taxonomy":"pwb-brand","embeddable":true,"href":"https:\/\/www.autonvaraosahaku.fi\/index.php?rest_route=%2Fwp%2Fv2%2Fpwb-brand&post=15768"},{"taxonomy":"product_cat","embeddable":true,"href":"https:\/\/www.autonvaraosahaku.fi\/index.php?rest_route=%2Fwp%2Fv2%2Fproduct_cat&post=15768"},{"taxonomy":"product_tag","embeddable":true,"href":"https:\/\/www.autonvaraosahaku.fi\/index.php?rest_route=%2Fwp%2Fv2%2Fproduct_tag&post=15768"}],"curies":[{"name":"wp","href":"https:\/\/api.w.org\/{rel}","templated":true}]}}