{"id":15769,"date":"2021-02-21T14:25:06","date_gmt":"2021-02-21T14:25:06","guid":{"rendered":"https:\/\/www.autonvaraosahaku.fi\/?product=oximo-wus275-pyyhkijansulat"},"modified":"2021-02-21T14:25:08","modified_gmt":"2021-02-21T14:25:08","slug":"oximo-wus275-pyyhkijansulat","status":"publish","type":"product","link":"https:\/\/www.autonvaraosahaku.fi\/?product=oximo-wus275-pyyhkijansulat","title":{"rendered":"OXIMO WUS275 Pyyhkij\u00e4nsulat"},"content":{"rendered":"<p>Pituus (mm): 275, 275; Pyyhkij\u00e4nsulkatyyppi: Pyyhkij\u00e4nsulka,perinteinen runko, Pyyhkij\u00e4nsulka,perinteinen runko; Asennuspuoli: hinten; VW: LUPO 6X1, 6E1,POLO 86C, 80,POLO Coupe 86C, 80,POLO CLASSIC 86C, 80,POLO 86,POLO Kasten 86CF; BMW: Z3 Coupe E36; FORD: FIESTA V JH_, JD_,MONDEO III Kombi BWY,FOCUS II Kombi DA_,FOCUS Kombi DNW,FUSION JU_,C-MAX DM2,MAVERICK,ECOSPORT; NISSAN: JUKE F15,TERRANO II R20,PULSAR V Schr\u00e4gheck N14,TERRANO Van R20; MAZDA: TRIBUTE EP; HONDA: CR-V II RD_,CR-V I RD; SUZUKI: JIMNY FJ,IGNIS II,WAGON R+ EM,JIMNY Gel\u00e4ndewagen offen SN; JEEP: COMPASS MK49,CHEROKEE KJ,GRAND CHEROKEE I ZJ,CHEROKEE KK; DAIHATSU: CUORE VII L251,CUORE VIII,SIRION M1,TERIOS J1; DODGE: CALIBER; Tuulilasinpyyhkimet,Pyyhkij\u00e4t,Pyyhkij\u00e4nsulka<\/p>\n","protected":false},"excerpt":{"rendered":"<p>OXIMO Pyyhkij\u00e4nsulat WUS275 Tuulilasinpyyhkimet,Pyyhkij\u00e4t VW,BMW,FORD,LUPO 6X1, 6E1,POLO 86C, 80,POLO Coupe 86C, 80,POLO CLASSIC 86C, 80,POLO 86<\/p>\n","protected":false},"featured_media":0,"template":"","meta":{"site-sidebar-layout":"default","site-content-layout":"default","ast-global-header-display":"","ast-main-header-display":"","ast-hfb-above-header-display":"","ast-hfb-below-header-display":"","ast-hfb-mobile-header-display":"","site-post-title":"","ast-breadcrumbs-content":"","ast-featured-img":"","footer-sml-layout":"","theme-transparent-header-meta":"","adv-header-id-meta":"","stick-header-meta":"","header-above-stick-meta":"","header-main-stick-meta":"","header-below-stick-meta":""},"pwb-brand":[382],"product_cat":[33],"product_tag":[],"class_list":{"0":"post-15769","1":"product","2":"type-product","3":"status-publish","5":"pwb-brand-oximo","6":"product_cat-pyyhkijansulat","7":"desktop-align-left","8":"tablet-align-left","9":"mobile-align-left","11":"first","12":"instock","13":"product-type-external"},"brands":[{"id":382,"name":"OXIMO","slug":"oximo"}],"_links":{"self":[{"href":"https:\/\/www.autonvaraosahaku.fi\/index.php?rest_route=\/wp\/v2\/product\/15769","targetHints":{"allow":["GET"]}}],"collection":[{"href":"https:\/\/www.autonvaraosahaku.fi\/index.php?rest_route=\/wp\/v2\/product"}],"about":[{"href":"https:\/\/www.autonvaraosahaku.fi\/index.php?rest_route=\/wp\/v2\/types\/product"}],"wp:attachment":[{"href":"https:\/\/www.autonvaraosahaku.fi\/index.php?rest_route=%2Fwp%2Fv2%2Fmedia&parent=15769"}],"wp:term":[{"taxonomy":"pwb-brand","embeddable":true,"href":"https:\/\/www.autonvaraosahaku.fi\/index.php?rest_route=%2Fwp%2Fv2%2Fpwb-brand&post=15769"},{"taxonomy":"product_cat","embeddable":true,"href":"https:\/\/www.autonvaraosahaku.fi\/index.php?rest_route=%2Fwp%2Fv2%2Fproduct_cat&post=15769"},{"taxonomy":"product_tag","embeddable":true,"href":"https:\/\/www.autonvaraosahaku.fi\/index.php?rest_route=%2Fwp%2Fv2%2Fproduct_tag&post=15769"}],"curies":[{"name":"wp","href":"https:\/\/api.w.org\/{rel}","templated":true}]}}