{"id":15777,"date":"2021-02-21T14:25:06","date_gmt":"2021-02-21T14:25:06","guid":{"rendered":"https:\/\/www.autonvaraosahaku.fi\/?product=oximo-wu450-pyyhkijansulat"},"modified":"2021-02-21T14:25:09","modified_gmt":"2021-02-21T14:25:09","slug":"oximo-wu450-pyyhkijansulat","status":"publish","type":"product","link":"https:\/\/www.autonvaraosahaku.fi\/?product=oximo-wu450-pyyhkijansulat","title":{"rendered":"OXIMO WU450 Pyyhkij\u00e4nsulat"},"content":{"rendered":"<p>Pituus (mm): 450; Pyyhkij\u00e4nsulkatyyppi: Flatblade-pyyhinsulka (rungoton), Flatblade-pyyhinsulka (rungoton); Asennuspuoli: beifahrerseitig; VW: GOLF II 19E, 1G1,TRANSPORTER III Bus,CADDY II Kasten 9K9A,POLO Variant 6KV5,POLO CLASSIC 6KV2,SCIROCCO 53B,JETTA II 19E, 1G2, 165,TRANSPORTER III Kasten,CADDY II Kombi 9K9B,TRANSPORTER III Pritsche\/Fahrgestell,CADDY II Pick-up 9U7,GOLF II Van 19E, 1G1; MERCEDES-BENZ: X-CLASS 470; OPEL: CORSA C F08, F68,CORSA B 73_, 78_, 79_,INSIGNIA Caravan,AGILA A H00,ASTRA F CC 53_, 54_, 58_, 59_,TIGRA TwinTop,INSIGNIA,ASTRA F Caravan 51_, 52_,INSIGNIA Stufenheck,ASTRA F Cabriolet 53_B,ASTRA F 56_, 57_,KADETT E CC 33_, 34_, 43_, 44_,TIGRA 95_,CORSA C Kasten F08, W5L,COMBO 71_,KADETT E Cabriolet 43B_,KADETT E 39_, 49_,KADETT E Caravan 35_, 36_, 45_, 46_,ASTRA F Van 55_,KADETT E Kasten 37_, 47_,KADETT E Combo 38_, 48_,INSIGNIA CC; FORD: KA RB_,RANGER ES, ET,RANGER ER, EQ; RENAULT: CLIO II BB0\/1\/2_, CB0\/1\/2_,MEGANE II Kombi KM0\/1_,MEGANE II Coup\u00e9-Cabriolet EM0\/1_,MEGANE II BM0\/1_, CM0\/1_,LAGUNA I B56_, 556_,CLIO I B\/C57_, 5\/357_,LAGUNA I Grandtour K56_,MEGANE II Stufenheck LM0\/1_,TWIZY MAM_,RAPID Kasten F40_, G40_,THALIA I LB0\/1\/2_,DUSTER,21 Kombi K48_,MEGANE II Hatchback Van KM0\/2_; FIAT: PUNTO 188,DOBLO Cargo 223,DOBLO 119,STRADA Pick-up 178E,PUNTO Van 188AX,UNO 146A\/E,PALIO Weekend 178DX,FIORINO Kasten 146,STRADA Pick-up 578_,FIORINO Pick up 146,PALIO 178BX,SIENA 178_,124 Spider 348_,FULLBACK Pick-up 502_, 503_; SKODA: FAVORIT 781; SEAT: MALAGA 023A; TOYOTA: STARLET EP91,AVENSIS _T22_,COROLLA Liftback _E11_,IQ KPJ1_, NGJ1_, KGJ1_, NUJ1_,COROLLA Compact _E11_,AVENSIS Station Wagon _T22_,RAV 4 I SXA1_,CELICA ZZT23_,PREVIA MCR3_, ACR3_, CLR3_,AVENSIS Liftback _T22_,LAND CRUISER 90 _J9_,MR 2 II SW2_,PASEO Coupe EL54,COROLLA Compact _E10_,CARINA E _T19_,LAND CRUISER 80 _J8_,COROLLA _E11_,CARINA E Stufenheck _T19_,COROLLA Wagon __E11_,CARINA E Sportswagon _T19_,PREVIA TCR2_, TCR1_,RAV 4 \u00a0 SXA1_,CAMRY _CV2_, _XV2_,COROLLA Liftback _E10_,PASEO Cabriolet EL54,COROLLA _E10_,CAMRY _CV1_, _XV1_, _V1_,CAMRY Station Wagon _XV1_, _CV1_, _V10,SIENNA ASL3_, GSL3_,COROLLA Wagon _E10_,CAMRY _V2_,SIENNA MCL2_, GSL2_,CAMRY Stufenheck AVV5_, XV5_,PREVIA III ACR5_, GSR5_,CROWN Stufenheck JZS13_, YS13_, LS13_, GS13_; CITRO\u00cbN: C3 Pluriel HB_; Tuulilasinpyyhkimet,Pyyhkij\u00e4t,Pyyhkij\u00e4nsulka<\/p>\n","protected":false},"excerpt":{"rendered":"<p>OXIMO Pyyhkij\u00e4nsulat WU450 Tuulilasinpyyhkimet,Pyyhkij\u00e4t VW,MERCEDES-BENZ,OPEL,GOLF II 19E, 1G1,TRANSPORTER III Bus,CADDY II Kasten 9K9A<\/p>\n","protected":false},"featured_media":0,"template":"","meta":{"site-sidebar-layout":"default","site-content-layout":"default","ast-global-header-display":"","ast-main-header-display":"","ast-hfb-above-header-display":"","ast-hfb-below-header-display":"","ast-hfb-mobile-header-display":"","site-post-title":"","ast-breadcrumbs-content":"","ast-featured-img":"","footer-sml-layout":"","theme-transparent-header-meta":"","adv-header-id-meta":"","stick-header-meta":"","header-above-stick-meta":"","header-main-stick-meta":"","header-below-stick-meta":""},"pwb-brand":[382],"product_cat":[33],"product_tag":[],"class_list":{"0":"post-15777","1":"product","2":"type-product","3":"status-publish","5":"pwb-brand-oximo","6":"product_cat-pyyhkijansulat","7":"desktop-align-left","8":"tablet-align-left","9":"mobile-align-left","11":"first","12":"instock","13":"product-type-external"},"brands":[{"id":382,"name":"OXIMO","slug":"oximo"}],"_links":{"self":[{"href":"https:\/\/www.autonvaraosahaku.fi\/index.php?rest_route=\/wp\/v2\/product\/15777","targetHints":{"allow":["GET"]}}],"collection":[{"href":"https:\/\/www.autonvaraosahaku.fi\/index.php?rest_route=\/wp\/v2\/product"}],"about":[{"href":"https:\/\/www.autonvaraosahaku.fi\/index.php?rest_route=\/wp\/v2\/types\/product"}],"wp:attachment":[{"href":"https:\/\/www.autonvaraosahaku.fi\/index.php?rest_route=%2Fwp%2Fv2%2Fmedia&parent=15777"}],"wp:term":[{"taxonomy":"pwb-brand","embeddable":true,"href":"https:\/\/www.autonvaraosahaku.fi\/index.php?rest_route=%2Fwp%2Fv2%2Fpwb-brand&post=15777"},{"taxonomy":"product_cat","embeddable":true,"href":"https:\/\/www.autonvaraosahaku.fi\/index.php?rest_route=%2Fwp%2Fv2%2Fproduct_cat&post=15777"},{"taxonomy":"product_tag","embeddable":true,"href":"https:\/\/www.autonvaraosahaku.fi\/index.php?rest_route=%2Fwp%2Fv2%2Fproduct_tag&post=15777"}],"curies":[{"name":"wp","href":"https:\/\/api.w.org\/{rel}","templated":true}]}}