{"id":15784,"date":"2021-02-21T14:25:10","date_gmt":"2021-02-21T14:25:10","guid":{"rendered":"https:\/\/www.autonvaraosahaku.fi\/?product=oximo-wb400525-pyyhkijansulat"},"modified":"2021-02-21T14:25:11","modified_gmt":"2021-02-21T14:25:11","slug":"oximo-wb400525-pyyhkijansulat","status":"publish","type":"product","link":"https:\/\/www.autonvaraosahaku.fi\/?product=oximo-wb400525-pyyhkijansulat","title":{"rendered":"OXIMO WB400525 Pyyhkij\u00e4nsulat"},"content":{"rendered":"<p>Asennuspuoli: Edess\u00e4; Pituus 1 (mm): 600; Pituus 2 (mm): 475; M\u00e4\u00e4r\u00e4yksikk\u00f6: Sarja; Pyyhkij\u00e4nsulkatyyppi: Flatblade-pyyhinsulka (rungoton); Valmistusvuosi alkaen: 09\/2009; AUDI: A3 8P1,A3 Sportback 8PA; MERCEDES-BENZ: A-CLASS W176,CLA Coupe C117,GLA-CLASS X156,CLA Shooting Brake X117; BMW: 3 Touring E91,3 E90,X1 E84,3 Touring F31,3 F30, F35, F80,3 Gran Turismo F34; RENAULT: KOLEOS HY_; HYUNDAI: GENESIS BH; LAND ROVER: FREELANDER 2 FA_; JAGUAR: XF _J05_, CC9,XJ X35_, _J12_, _J24_; INFINITI: Q30,QX30; 1768202800, 6423N6, 288900006R; Tuulilasinpyyhkimet,Pyyhkij\u00e4t,Pyyhkij\u00e4nsulka<\/p>\n","protected":false},"excerpt":{"rendered":"<p>OXIMO Pyyhkij\u00e4nsulat WB400525 Tuulilasinpyyhkimet,Pyyhkij\u00e4t AUDI,MERCEDES-BENZ,BMW,A3 8P1,A3 Sportback 8PA,A-CLASS W176,CLA Coupe C117,GLA-CLASS X156<\/p>\n","protected":false},"featured_media":0,"template":"","meta":{"site-sidebar-layout":"default","site-content-layout":"default","ast-global-header-display":"","ast-main-header-display":"","ast-hfb-above-header-display":"","ast-hfb-below-header-display":"","ast-hfb-mobile-header-display":"","site-post-title":"","ast-breadcrumbs-content":"","ast-featured-img":"","footer-sml-layout":"","theme-transparent-header-meta":"","adv-header-id-meta":"","stick-header-meta":"","header-above-stick-meta":"","header-main-stick-meta":"","header-below-stick-meta":""},"pwb-brand":[382],"product_cat":[33],"product_tag":[],"class_list":{"0":"post-15784","1":"product","2":"type-product","3":"status-publish","5":"pwb-brand-oximo","6":"product_cat-pyyhkijansulat","7":"desktop-align-left","8":"tablet-align-left","9":"mobile-align-left","11":"first","12":"instock","13":"product-type-external"},"brands":[{"id":382,"name":"OXIMO","slug":"oximo"}],"_links":{"self":[{"href":"https:\/\/www.autonvaraosahaku.fi\/index.php?rest_route=\/wp\/v2\/product\/15784","targetHints":{"allow":["GET"]}}],"collection":[{"href":"https:\/\/www.autonvaraosahaku.fi\/index.php?rest_route=\/wp\/v2\/product"}],"about":[{"href":"https:\/\/www.autonvaraosahaku.fi\/index.php?rest_route=\/wp\/v2\/types\/product"}],"wp:attachment":[{"href":"https:\/\/www.autonvaraosahaku.fi\/index.php?rest_route=%2Fwp%2Fv2%2Fmedia&parent=15784"}],"wp:term":[{"taxonomy":"pwb-brand","embeddable":true,"href":"https:\/\/www.autonvaraosahaku.fi\/index.php?rest_route=%2Fwp%2Fv2%2Fpwb-brand&post=15784"},{"taxonomy":"product_cat","embeddable":true,"href":"https:\/\/www.autonvaraosahaku.fi\/index.php?rest_route=%2Fwp%2Fv2%2Fproduct_cat&post=15784"},{"taxonomy":"product_tag","embeddable":true,"href":"https:\/\/www.autonvaraosahaku.fi\/index.php?rest_route=%2Fwp%2Fv2%2Fproduct_tag&post=15784"}],"curies":[{"name":"wp","href":"https:\/\/api.w.org\/{rel}","templated":true}]}}