{"id":15792,"date":"2021-02-21T14:25:10","date_gmt":"2021-02-21T14:25:10","guid":{"rendered":"https:\/\/www.autonvaraosahaku.fi\/?product=esen-skv-37skv008-lasinnostimen-kytkin"},"modified":"2021-02-21T14:25:12","modified_gmt":"2021-02-21T14:25:12","slug":"esen-skv-37skv008-lasinnostimen-kytkin","status":"publish","type":"product","link":"https:\/\/www.autonvaraosahaku.fi\/?product=esen-skv-37skv008-lasinnostimen-kytkin","title":{"rendered":"ESEN SKV 37SKV008 Lasinnostimen kytkin"},"content":{"rendered":"<p>J\u00e4nnite (V): 12; Paino [kg]: 0,09; K\u00e4ytt\u00f6: S\u00e4hk\u00f6inen; Valmistusvuoteen: 05\/2011; AUDI: A6 Avant 4F5, C6,A3 8P1,A3 Sportback 8PA,A6 4F2, C6,Q7 4L; 4F0959851, 4F09598515PR, 4F0959851C, 4F0959851C5PR, 4F0959851F, 4F0959851F5PR; Kytkin, Lasinnostin<\/p>\n","protected":false},"excerpt":{"rendered":"<p>ESEN SKV Lasinnostimen Kytkin 37SKV008 Kytkin, Lasinnostin AUDI,A6 Avant 4F5, C6,A3 8P1,A3 Sportback 8PA,A6 4F2, C6,Q7 4L<\/p>\n","protected":false},"featured_media":0,"template":"","meta":{"site-sidebar-layout":"default","site-content-layout":"default","ast-global-header-display":"","ast-main-header-display":"","ast-hfb-above-header-display":"","ast-hfb-below-header-display":"","ast-hfb-mobile-header-display":"","site-post-title":"","ast-breadcrumbs-content":"","ast-featured-img":"","footer-sml-layout":"","theme-transparent-header-meta":"","adv-header-id-meta":"","stick-header-meta":"","header-above-stick-meta":"","header-main-stick-meta":"","header-below-stick-meta":""},"pwb-brand":[384],"product_cat":[135],"product_tag":[],"class_list":{"0":"post-15792","1":"product","2":"type-product","3":"status-publish","5":"pwb-brand-esen-skv","6":"product_cat-lasinnostimen-kytkin","7":"desktop-align-left","8":"tablet-align-left","9":"mobile-align-left","11":"first","12":"instock","13":"product-type-external"},"brands":[{"id":384,"name":"ESEN SKV","slug":"esen-skv"}],"_links":{"self":[{"href":"https:\/\/www.autonvaraosahaku.fi\/index.php?rest_route=\/wp\/v2\/product\/15792","targetHints":{"allow":["GET"]}}],"collection":[{"href":"https:\/\/www.autonvaraosahaku.fi\/index.php?rest_route=\/wp\/v2\/product"}],"about":[{"href":"https:\/\/www.autonvaraosahaku.fi\/index.php?rest_route=\/wp\/v2\/types\/product"}],"wp:attachment":[{"href":"https:\/\/www.autonvaraosahaku.fi\/index.php?rest_route=%2Fwp%2Fv2%2Fmedia&parent=15792"}],"wp:term":[{"taxonomy":"pwb-brand","embeddable":true,"href":"https:\/\/www.autonvaraosahaku.fi\/index.php?rest_route=%2Fwp%2Fv2%2Fpwb-brand&post=15792"},{"taxonomy":"product_cat","embeddable":true,"href":"https:\/\/www.autonvaraosahaku.fi\/index.php?rest_route=%2Fwp%2Fv2%2Fproduct_cat&post=15792"},{"taxonomy":"product_tag","embeddable":true,"href":"https:\/\/www.autonvaraosahaku.fi\/index.php?rest_route=%2Fwp%2Fv2%2Fproduct_tag&post=15792"}],"curies":[{"name":"wp","href":"https:\/\/api.w.org\/{rel}","templated":true}]}}