{"id":15804,"date":"2021-02-21T14:25:14","date_gmt":"2021-02-21T14:25:14","guid":{"rendered":"https:\/\/www.autonvaraosahaku.fi\/?product=maxgear-49-1439-vetonivelen-suojakumi"},"modified":"2021-02-21T14:25:15","modified_gmt":"2021-02-21T14:25:15","slug":"maxgear-49-1439-vetonivelen-suojakumi","status":"publish","type":"product","link":"https:\/\/www.autonvaraosahaku.fi\/?product=maxgear-49-1439-vetonivelen-suojakumi","title":{"rendered":"MAXGEAR 49-1439 Vetonivelen suojakumi"},"content":{"rendered":"<p>Korkeus (mm): 110; Materiaali: Thermoplast; Nivelmalli: Vakionopeusnivel; Sis\u00e4l\u00e4pimitta 1 [mm]: 29; Sis\u00e4l\u00e4pimitta 2 [mm]: 93; Vaihteistomalli: ML6C; LANCIA: ZETA 220; TOYOTA: AVENSIS Kombi T25,COROLLA Verso ZER_, ZZE12_, R1_,AVENSIS T25_,AVENSIS Stufenheck T25; FIAT: SCUDO Kasten 270_,ULYSSE 220,SCUDO Kasten 220L,SCUDO Combinato 220P; CITRO\u00cbN: C5 III Break TD_,C4 Picasso I UD_,C4 Grand Picasso I UA_,C8 EA_, EB_,C5 III RD_,C4 II B7,JUMPY,JUMPER Kasten 244,JUMPY Kasten,C4 Grand Picasso II,C4 Picasso II,DS4,DS5,EVASION 22, U6,JUMPY U6U,JUMPY Kasten BS_, BT_, BY_, BZ_,JUMPER Bus 244, Z_,JUMPER Pritsche\/Fahrgestell 244,JUMPY Pritsche\/Fahrgestell BU_, BV_, BW_, BX_,JUMPY Pritsche\/Fahrgestell; PEUGEOT: 407 SW 6E_,308 SW,807 E,308 4A_, 4C_,5008,508 SW,607 9D, 9U,407 6D_,3008,RCZ,308 CC,508,407 Coupe 6C_,EXPERT Tepee VF3V_,EXPERT Kasten VF3A_, VF3U_, VF3X_,BOXER Kasten 244,EXPERT Kasten 222,308 II,BOXER Bus 244, Z_,BOXER Pritsche\/Fahrgestell ZCT_,EXPERT 224,BOXER Pritsche\/Fahrgestell 244,EXPERT Pritsche\/Fahrgestell 223,308 SW II,EXPERT Pritsche\/Fahrgestell,EXPERT Kasten,5008 II,TRAVELLER; DS: DS5,DS 4 \/ DS 4 CROSSBACK; 3293C7, 9467577780, 9467577788, 3293C7<\/p>\n","protected":false},"excerpt":{"rendered":"<p>MAXGEAR Paljekumisarja, Vetoakseli 49-1439  LANCIA,TOYOTA,FIAT,ZETA 220,AVENSIS Kombi T25,COROLLA Verso ZER_, ZZE12_, R1_,AVENSIS T25_<\/p>\n","protected":false},"featured_media":0,"template":"","meta":{"site-sidebar-layout":"default","site-content-layout":"default","ast-global-header-display":"","ast-main-header-display":"","ast-hfb-above-header-display":"","ast-hfb-below-header-display":"","ast-hfb-mobile-header-display":"","site-post-title":"","ast-breadcrumbs-content":"","ast-featured-img":"","footer-sml-layout":"","theme-transparent-header-meta":"","adv-header-id-meta":"","stick-header-meta":"","header-above-stick-meta":"","header-main-stick-meta":"","header-below-stick-meta":""},"pwb-brand":[48],"product_cat":[42],"product_tag":[],"class_list":{"0":"post-15804","1":"product","2":"type-product","3":"status-publish","5":"pwb-brand-maxgear","6":"product_cat-vetonivelen-suojakumi","7":"desktop-align-left","8":"tablet-align-left","9":"mobile-align-left","11":"first","12":"instock","13":"product-type-external"},"brands":[{"id":48,"name":"MAXGEAR","slug":"maxgear"}],"_links":{"self":[{"href":"https:\/\/www.autonvaraosahaku.fi\/index.php?rest_route=\/wp\/v2\/product\/15804","targetHints":{"allow":["GET"]}}],"collection":[{"href":"https:\/\/www.autonvaraosahaku.fi\/index.php?rest_route=\/wp\/v2\/product"}],"about":[{"href":"https:\/\/www.autonvaraosahaku.fi\/index.php?rest_route=\/wp\/v2\/types\/product"}],"wp:attachment":[{"href":"https:\/\/www.autonvaraosahaku.fi\/index.php?rest_route=%2Fwp%2Fv2%2Fmedia&parent=15804"}],"wp:term":[{"taxonomy":"pwb-brand","embeddable":true,"href":"https:\/\/www.autonvaraosahaku.fi\/index.php?rest_route=%2Fwp%2Fv2%2Fpwb-brand&post=15804"},{"taxonomy":"product_cat","embeddable":true,"href":"https:\/\/www.autonvaraosahaku.fi\/index.php?rest_route=%2Fwp%2Fv2%2Fproduct_cat&post=15804"},{"taxonomy":"product_tag","embeddable":true,"href":"https:\/\/www.autonvaraosahaku.fi\/index.php?rest_route=%2Fwp%2Fv2%2Fproduct_tag&post=15804"}],"curies":[{"name":"wp","href":"https:\/\/api.w.org\/{rel}","templated":true}]}}