{"id":15818,"date":"2021-02-21T14:25:14","date_gmt":"2021-02-21T14:25:14","guid":{"rendered":"https:\/\/www.autonvaraosahaku.fi\/?product=topran-304-785-kierretulppa"},"modified":"2021-02-21T14:25:17","modified_gmt":"2021-02-21T14:25:17","slug":"topran-304-785-kierretulppa","status":"publish","type":"product","link":"https:\/\/www.autonvaraosahaku.fi\/?product=topran-304-785-kierretulppa","title":{"rendered":"TOPRAN 304 785 Kierretulppa"},"content":{"rendered":"<p>Sis\u00e4l\u00e4pimitta [mm]: 29; Ulkol\u00e4pimitta [mm]: 36; Materiaali: NBR (nitriili-butadi-kumi); Paksuus [mm]: 3,5; Moottorinumero: DW10FD \/ AH01; OPEL: GRANDLAND X A18; FORD: FOCUS III Turnier,FOCUS III,C-MAX II,KUGA II DM2,FOCUS III Stufenheck,MONDEO V Turnier,MONDEO V Stufenheck,MONDEO V Schr\u00e4gheck; CITRO\u00cbN: C5 III Break TD_,C5 III RD_,C4 II B7,C4 Grand Picasso II,C4 Picasso II,DS4,DS5,JUMPY Kasten,SPACETOURER; PEUGEOT: 5008,508 SW,3008,508,308 II,308 SW II,3008 SUV,EXPERT Kasten,5008 II,TRAVELLER; DS: DS5,DS7 Crossback,DS 4 \/ DS 4 CROSSBACK; VAUXHALL: GRANDLAND X A18; 1616854180, 9801444980, 1616854180, 9801444980, 1871600, DS7Q6734AA, 1616854180, 1616854180, 9801444980, 1616854180; Tiiviste, \u00d6ljynlaskutulppa<\/p>\n","protected":false},"excerpt":{"rendered":"<p>TOPRAN \u00d6ljytulpan Tiiviste 304 785 Tiiviste, \u00d6ljynlaskutulppa OPEL,FORD,CITRO\u00cbN,GRANDLAND X A18,FOCUS III Turnier,FOCUS III,C-MAX II,KUGA II DM2<\/p>\n","protected":false},"featured_media":0,"template":"","meta":{"site-sidebar-layout":"default","site-content-layout":"default","ast-global-header-display":"","ast-main-header-display":"","ast-hfb-above-header-display":"","ast-hfb-below-header-display":"","ast-hfb-mobile-header-display":"","site-post-title":"","ast-breadcrumbs-content":"","ast-featured-img":"","footer-sml-layout":"","theme-transparent-header-meta":"","adv-header-id-meta":"","stick-header-meta":"","header-above-stick-meta":"","header-main-stick-meta":"","header-below-stick-meta":""},"pwb-brand":[18],"product_cat":[40],"product_tag":[],"class_list":{"0":"post-15818","1":"product","2":"type-product","3":"status-publish","5":"pwb-brand-topran","6":"product_cat-kierretulppa","7":"desktop-align-left","8":"tablet-align-left","9":"mobile-align-left","11":"first","12":"instock","13":"product-type-external"},"brands":[{"id":18,"name":"TOPRAN","slug":"topran"}],"_links":{"self":[{"href":"https:\/\/www.autonvaraosahaku.fi\/index.php?rest_route=\/wp\/v2\/product\/15818","targetHints":{"allow":["GET"]}}],"collection":[{"href":"https:\/\/www.autonvaraosahaku.fi\/index.php?rest_route=\/wp\/v2\/product"}],"about":[{"href":"https:\/\/www.autonvaraosahaku.fi\/index.php?rest_route=\/wp\/v2\/types\/product"}],"wp:attachment":[{"href":"https:\/\/www.autonvaraosahaku.fi\/index.php?rest_route=%2Fwp%2Fv2%2Fmedia&parent=15818"}],"wp:term":[{"taxonomy":"pwb-brand","embeddable":true,"href":"https:\/\/www.autonvaraosahaku.fi\/index.php?rest_route=%2Fwp%2Fv2%2Fpwb-brand&post=15818"},{"taxonomy":"product_cat","embeddable":true,"href":"https:\/\/www.autonvaraosahaku.fi\/index.php?rest_route=%2Fwp%2Fv2%2Fproduct_cat&post=15818"},{"taxonomy":"product_tag","embeddable":true,"href":"https:\/\/www.autonvaraosahaku.fi\/index.php?rest_route=%2Fwp%2Fv2%2Fproduct_tag&post=15818"}],"curies":[{"name":"wp","href":"https:\/\/api.w.org\/{rel}","templated":true}]}}