{"id":15821,"date":"2021-02-21T14:25:18","date_gmt":"2021-02-21T14:25:18","guid":{"rendered":"https:\/\/www.autonvaraosahaku.fi\/?product=topran-113-315-muut-luokat"},"modified":"2021-02-21T14:25:19","modified_gmt":"2021-02-21T14:25:19","slug":"topran-113-315-muut-luokat","status":"publish","type":"product","link":"https:\/\/www.autonvaraosahaku.fi\/?product=topran-113-315-muut-luokat","title":{"rendered":"TOPRAN 113 315 Muut luokat"},"content":{"rendered":"<p>Vaihteiden lukum\u00e4\u00e4r\u00e4: 5-vaihteinen; V\u00e4rikoodi: FEU; V\u00e4ri: Musta; Pinta: tekonahka; Varusteet: ajoneuvoille k\u00e4sivaihteistolla, f\u00fcr Fahrzeuge mit Schaltgest\u00e4nge; VW: GOLF IV 1J1,GOLF IV Variant 1J5,BORA 1J2,BORA Kombi 1J6; 1J0711113C, 1J0711113CFEU<\/p>\n","protected":false},"excerpt":{"rendered":"<p>TOPRAN Vaihdevivun Suojus 113 315  VW,GOLF IV 1J1,GOLF IV Variant 1J5,BORA 1J2,BORA Kombi 1J6<\/p>\n","protected":false},"featured_media":0,"template":"","meta":{"site-sidebar-layout":"default","site-content-layout":"default","ast-global-header-display":"","ast-main-header-display":"","ast-hfb-above-header-display":"","ast-hfb-below-header-display":"","ast-hfb-mobile-header-display":"","site-post-title":"","ast-breadcrumbs-content":"","ast-featured-img":"","footer-sml-layout":"","theme-transparent-header-meta":"","adv-header-id-meta":"","stick-header-meta":"","header-above-stick-meta":"","header-main-stick-meta":"","header-below-stick-meta":""},"pwb-brand":[18],"product_cat":[37],"product_tag":[],"class_list":{"0":"post-15821","1":"product","2":"type-product","3":"status-publish","5":"pwb-brand-topran","6":"product_cat-muut-luokat","7":"desktop-align-left","8":"tablet-align-left","9":"mobile-align-left","11":"first","12":"instock","13":"product-type-external"},"brands":[{"id":18,"name":"TOPRAN","slug":"topran"}],"_links":{"self":[{"href":"https:\/\/www.autonvaraosahaku.fi\/index.php?rest_route=\/wp\/v2\/product\/15821","targetHints":{"allow":["GET"]}}],"collection":[{"href":"https:\/\/www.autonvaraosahaku.fi\/index.php?rest_route=\/wp\/v2\/product"}],"about":[{"href":"https:\/\/www.autonvaraosahaku.fi\/index.php?rest_route=\/wp\/v2\/types\/product"}],"wp:attachment":[{"href":"https:\/\/www.autonvaraosahaku.fi\/index.php?rest_route=%2Fwp%2Fv2%2Fmedia&parent=15821"}],"wp:term":[{"taxonomy":"pwb-brand","embeddable":true,"href":"https:\/\/www.autonvaraosahaku.fi\/index.php?rest_route=%2Fwp%2Fv2%2Fpwb-brand&post=15821"},{"taxonomy":"product_cat","embeddable":true,"href":"https:\/\/www.autonvaraosahaku.fi\/index.php?rest_route=%2Fwp%2Fv2%2Fproduct_cat&post=15821"},{"taxonomy":"product_tag","embeddable":true,"href":"https:\/\/www.autonvaraosahaku.fi\/index.php?rest_route=%2Fwp%2Fv2%2Fproduct_tag&post=15821"}],"curies":[{"name":"wp","href":"https:\/\/api.w.org\/{rel}","templated":true}]}}