{"id":15825,"date":"2021-02-21T14:25:18","date_gmt":"2021-02-21T14:25:18","guid":{"rendered":"https:\/\/www.autonvaraosahaku.fi\/?product=filtron-ps-842-polttoainesuodatin"},"modified":"2021-02-21T14:25:19","modified_gmt":"2021-02-21T14:25:19","slug":"filtron-ps-842-polttoainesuodatin","status":"publish","type":"product","link":"https:\/\/www.autonvaraosahaku.fi\/?product=filtron-ps-842-polttoainesuodatin","title":{"rendered":"FILTRON PS 842 Polttoainesuodatin"},"content":{"rendered":"<p>Korkeus (mm): 108; Ulkol\u00e4pimitta [mm]: 36; Sis\u00e4\u00e4ntulol\u00e4pimitta [mm]: 8; Ulostulon l\u00e4pimitta [mm]: 8; Valmistusvuosi alkaen: 10\/1982; BMW: 3 E30,3 Cabriolet E30,02 E10,5 E28,3 E21,5 E12,02 Touring E6,02 Cabriolet E10; SEAT: MARBELLA 28,IBIZA I 021A,TERRA Kasten 024A,127 127A,MARBELLA Kasten 028A,124,600 D,MALAGA 023A,TERRA 24,133,131,124 Kombi,850,128,132,RONDA 022A,PANDA 141A,FURA 025A,RITMO 138; LADA: NIVA 2121,SAMARA 2108, 2109, 2115, 2113, 2114,NOVA 2105,112 2112,TOSCANA 2107,NOVA Kombi 2104,SAMARA Stufenheck 21099, 2115; VOLVO: 240 Kombi P245,260 Coupe P262; SAAB: 96,95 Station Wagon; ROVER: 2000-3500 P6,2000-3500 Hatchback SD1; OPEL: OMEGA A 16_, 17_, 19_,KADETT E CC 33_, 34_, 43_, 44_,KADETT E Cabriolet 43B_,ASCONA B 81_, 86_, 87_, 88_,OMEGA A Caravan 66_, 67_,KADETT E 39_, 49_,KADETT E Caravan 35_, 36_, 45_, 46_,KADETT E Kasten 37_, 47_,KADETT E Combo 38_, 48_; FORD: ESCORT IV Cabriolet ALF,SIERRA GBG, GB4,SIERRA Schr\u00e4gheck GBC, GBG,TRANSIT Kasten T_ _,ESCORT IV GAF, AWF, ABFT,FIESTA II FBD,TRANSIT Bus T_ _,CAPRI III GECP,ESCORT III GAA,ESCORT I AFH, ATH,TRANSIT Kasten V_ _,SIERRA Kombi BNG,ESCORT III Cabriolet ALD,CAPRI II GECP,ORION II AFF,ESCORT IV Kombi AWF, AVF,ESCORT &#8217;86 Express AVF,ORION III GAL,ESCORT III Kombi AWA,ORION I AFD; DACIA: 1310 Stufenheck U, X; FIAT: CINQUECENTO 170,PANDA 141A_,124 Spider,126,UNO 146A\/E,X 1\/9 128 AS,FIORINO Kasten 146,TIPO 160,PANDA Van 141_,TEMPRA 159,124 Coupe,124,TEMPRA S.W. 159,FIORINO Pick up 146,FIORINO 147,REGATA 138,124 Familiare,FIORINO Pick up 147,DUNA 146 B,DUNA Weekend 146 B; FS004, FS10, FS10B, FS15, FS1B, FS5, GF479, 13321277481, 13321277497, 13321278272, 133212782723, 5429192, 5481874, 5490862, 95534485, 95534486, GX0330201A, GX0330202A, GX0330301A, GX5429192, GX5429192A, SRV000503, SVR000503, 4352637, 71736104, 71736112, 82323784, 82425490, 82425649, 82428006, 82429294, 5003748, 5004837, 5015543, 5015544, 4384509, PHB000450, STC4202, 111620, 81125030045, 81125030056, 81125030057, 81125030058, 22213470B, 0000780656, 780656, 156707, 156718, 156719, 156721, 5000031168, 7100544588, 7700544588, 7701349332, 0005490862, 5000031168, BLM601021, 008210, 8210, 838475, 883364, SE021020200A, XE021020200A, C004312110, 7002080492, 642010020, 0013170900, 13170900, 38840, 38840E, 1492005, 1492206, 149220601, 5650170, 7973411, 798454, 93156490, 93156782, 3713186, 464728, C004312110, SE021020200A, XE021020200A<\/p>\n","protected":false},"excerpt":{"rendered":"<p>FILTRON Polttoainesuodatin PS 842  BMW,SEAT,LADA,3 E30,3 Cabriolet E30,02 E10,5 E28,3 E21,5 E12,02 Touring E6,02 Cabriolet E10,MARBELLA 28<\/p>\n","protected":false},"featured_media":0,"template":"","meta":{"site-sidebar-layout":"default","site-content-layout":"default","ast-global-header-display":"","ast-main-header-display":"","ast-hfb-above-header-display":"","ast-hfb-below-header-display":"","ast-hfb-mobile-header-display":"","site-post-title":"","ast-breadcrumbs-content":"","ast-featured-img":"","footer-sml-layout":"","theme-transparent-header-meta":"","adv-header-id-meta":"","stick-header-meta":"","header-above-stick-meta":"","header-main-stick-meta":"","header-below-stick-meta":""},"pwb-brand":[359],"product_cat":[29],"product_tag":[],"class_list":{"0":"post-15825","1":"product","2":"type-product","3":"status-publish","5":"pwb-brand-filtron","6":"product_cat-polttoainesuodatin","7":"desktop-align-left","8":"tablet-align-left","9":"mobile-align-left","11":"first","12":"instock","13":"product-type-external"},"brands":[{"id":359,"name":"FILTRON","slug":"filtron"}],"_links":{"self":[{"href":"https:\/\/www.autonvaraosahaku.fi\/index.php?rest_route=\/wp\/v2\/product\/15825","targetHints":{"allow":["GET"]}}],"collection":[{"href":"https:\/\/www.autonvaraosahaku.fi\/index.php?rest_route=\/wp\/v2\/product"}],"about":[{"href":"https:\/\/www.autonvaraosahaku.fi\/index.php?rest_route=\/wp\/v2\/types\/product"}],"wp:attachment":[{"href":"https:\/\/www.autonvaraosahaku.fi\/index.php?rest_route=%2Fwp%2Fv2%2Fmedia&parent=15825"}],"wp:term":[{"taxonomy":"pwb-brand","embeddable":true,"href":"https:\/\/www.autonvaraosahaku.fi\/index.php?rest_route=%2Fwp%2Fv2%2Fpwb-brand&post=15825"},{"taxonomy":"product_cat","embeddable":true,"href":"https:\/\/www.autonvaraosahaku.fi\/index.php?rest_route=%2Fwp%2Fv2%2Fproduct_cat&post=15825"},{"taxonomy":"product_tag","embeddable":true,"href":"https:\/\/www.autonvaraosahaku.fi\/index.php?rest_route=%2Fwp%2Fv2%2Fproduct_tag&post=15825"}],"curies":[{"name":"wp","href":"https:\/\/api.w.org\/{rel}","templated":true}]}}