{"id":15826,"date":"2021-02-21T14:25:18","date_gmt":"2021-02-21T14:25:18","guid":{"rendered":"https:\/\/www.autonvaraosahaku.fi\/?product=filtron-ps-822-polttoainesuodatin"},"modified":"2021-02-21T14:25:19","modified_gmt":"2021-02-21T14:25:19","slug":"filtron-ps-822-polttoainesuodatin","status":"publish","type":"product","link":"https:\/\/www.autonvaraosahaku.fi\/?product=filtron-ps-822-polttoainesuodatin","title":{"rendered":"FILTRON PS 822 Polttoainesuodatin"},"content":{"rendered":"<p>Korkeus (mm): 118; Ulkol\u00e4pimitta [mm]: 48; Sis\u00e4\u00e4ntulol\u00e4pimitta [mm]: 8; Ulostulon l\u00e4pimitta [mm]: 8, 6; Polttoainej\u00e4rjestelm\u00e4: Vergaser; VW: TRANSPORTER IV Bus 70XB, 70XC, 7DB, 7DW,GOLF II 19E, 1G1,PASSAT Variant 3A5, 35I,GOLF I Cabriolet 155,TRANSPORTER III Bus,POLO 86C, 80,KAEFER,POLO Coupe 86C, 80,PASSAT 3A2, 35I,TRANSPORTER IV Pritsche\/Fahrgestell 70XD,SCIROCCO 53B,LT 28-35 I Kasten 281-363,GOLF I 17,LT 28-35 I Bus 281-363,CADDY I 14,JETTA II 19E, 1G2, 165,KAEFER Cabriolet 15,PASSAT Variant 32B,TRANSPORTER III Kasten,POLO CLASSIC 86C, 80,TRANSPORTER II Bus,LT 28-35 I Pritsche\/Fahrgestell 281-363,TRANSPORTER III Pritsche\/Fahrgestell,PASSAT 32B,LT 40-55 I Pritsche\/Fahrgestell 293-909,POLO 86,411412,SCIROCCO 53,1500,1600 Variant 36,JETTA I 16,1500,1600 31,DERBY 86C, 80,POLO Kasten 86CF,PASSAT 32,LT 40-55 I Kasten 291-512,DERBY 86,KARMANN GHIA Coupe 14, 34,1500,1600 Schr\u00e4gheck 31,PASSAT Stufenheck 32B,TRANSPORTER II Kasten,PASSAT Variant 33,SANTANA 32B,KARMANN GHIA Cabriolet 14, 34,TRANSPORTER II Pritsche\/Fahrgestell,KOMBI Bus T2; AUDI: 80 89, 89Q, 8A, B3,100 44, 44Q, C3,80 81, 85, B2,100 Avant 44, 44Q, C3,COUPE 81, 85,80 80, 82, B1,100 C1,100 Coupe C1,100 43, C2,50 86,100 Avant 43, C2,SUPER 90; SKODA: FELICIA I 6U1,FELICIA II 6U1,FELICIA I Fun 797,FELICIA I Kombi 6U5,FELICIA II Kombi 6U5,FAVORIT 781,FAVORIT Forman 785,FAVORIT Pick-up 787; SEAT: TOLEDO I 1L; LADA: NIVA 2121,1200-1600,110 2110,1200-1500 Kombi,SAMARA 2108, 2109, 2115, 2113, 2114,NOVA 2105,NOVA Kombi 2104,SAMARA Stufenheck 21099, 2115; VOLVO: 240 Kombi P245,240 P242, P244; SAAB: 99,99 Combi Coupe; MERCEDES-BENZ: T1 Bus 601; LANCIA: Y10 156,PRISMA 831AB0; FORD: ESCORT IV Cabriolet ALF,TRANSIT Kasten T_ _,ESCORT IV GAF, AWF, ABFT,TRANSIT Bus V_ _,TRANSIT Bus T_ _,ESCORT III GAA,TRANSIT Kasten V_ _,TRANSIT Pritsche\/Fahrgestell V_ _,ESCORT III Cabriolet ALD,TRANSIT Pritsche\/Fahrgestell T_ _,ESCORT IV Kombi AWF, AVF; FS10, FS5, GF461, 7700724743, 210801117010, 21080111701001, 113258, 493742, 7700271026, 7700724743, 7700728143, 8200358714, 7284417, 1541063401, 166016, 6U0201511E, 067133511, 121261275A, 131261275A, 191201511A, 191291511A, 251201511, 251201511C, 251201511G, 481209261, 67133511, 6U0201511E, 803201511C, 803201511E, 803210151C<\/p>\n","protected":false},"excerpt":{"rendered":"<p>FILTRON Polttoainesuodatin PS 822  VW,AUDI,SKODA,TRANSPORTER IV Bus 70XB, 70XC, 7DB, 7DW,GOLF II 19E, 1G1,PASSAT Variant 3A5, 35I,GOLF I Cabriolet 155<\/p>\n","protected":false},"featured_media":0,"template":"","meta":{"site-sidebar-layout":"default","site-content-layout":"default","ast-global-header-display":"","ast-main-header-display":"","ast-hfb-above-header-display":"","ast-hfb-below-header-display":"","ast-hfb-mobile-header-display":"","site-post-title":"","ast-breadcrumbs-content":"","ast-featured-img":"","footer-sml-layout":"","theme-transparent-header-meta":"","adv-header-id-meta":"","stick-header-meta":"","header-above-stick-meta":"","header-main-stick-meta":"","header-below-stick-meta":""},"pwb-brand":[359],"product_cat":[29],"product_tag":[],"class_list":{"0":"post-15826","1":"product","2":"type-product","3":"status-publish","5":"pwb-brand-filtron","6":"product_cat-polttoainesuodatin","7":"desktop-align-left","8":"tablet-align-left","9":"mobile-align-left","11":"first","12":"instock","13":"product-type-external"},"brands":[{"id":359,"name":"FILTRON","slug":"filtron"}],"_links":{"self":[{"href":"https:\/\/www.autonvaraosahaku.fi\/index.php?rest_route=\/wp\/v2\/product\/15826","targetHints":{"allow":["GET"]}}],"collection":[{"href":"https:\/\/www.autonvaraosahaku.fi\/index.php?rest_route=\/wp\/v2\/product"}],"about":[{"href":"https:\/\/www.autonvaraosahaku.fi\/index.php?rest_route=\/wp\/v2\/types\/product"}],"wp:attachment":[{"href":"https:\/\/www.autonvaraosahaku.fi\/index.php?rest_route=%2Fwp%2Fv2%2Fmedia&parent=15826"}],"wp:term":[{"taxonomy":"pwb-brand","embeddable":true,"href":"https:\/\/www.autonvaraosahaku.fi\/index.php?rest_route=%2Fwp%2Fv2%2Fpwb-brand&post=15826"},{"taxonomy":"product_cat","embeddable":true,"href":"https:\/\/www.autonvaraosahaku.fi\/index.php?rest_route=%2Fwp%2Fv2%2Fproduct_cat&post=15826"},{"taxonomy":"product_tag","embeddable":true,"href":"https:\/\/www.autonvaraosahaku.fi\/index.php?rest_route=%2Fwp%2Fv2%2Fproduct_tag&post=15826"}],"curies":[{"name":"wp","href":"https:\/\/api.w.org\/{rel}","templated":true}]}}