{"id":15836,"date":"2021-02-21T14:25:18","date_gmt":"2021-02-21T14:25:18","guid":{"rendered":"https:\/\/www.autonvaraosahaku.fi\/?product=filtron-op-575-oljynsuodatin"},"modified":"2021-02-21T14:25:21","modified_gmt":"2021-02-21T14:25:21","slug":"filtron-op-575-oljynsuodatin","status":"publish","type":"product","link":"https:\/\/www.autonvaraosahaku.fi\/?product=filtron-op-575-oljynsuodatin","title":{"rendered":"FILTRON OP 575 \u00d6ljynsuodatin"},"content":{"rendered":"<p>Korkeus (mm): 85; Kierremitta: M 20 X 1.5; Ulkol\u00e4pimitta [mm]: 69,5; Sis\u00e4l\u00e4pimitta 1 [mm]: 63, 63; Sis\u00e4l\u00e4pimitta 2 [mm]: 55, 55; Valmistusvuosi alkaen: 06\/1990; MAZDA: FAMILIA V BA,626 IV Hatchback GE,MX-3 EC,B-SERIE UN,XEDOS 6 CA,XEDOS 9 TA,MX-6 GE,626 II GC,626 II Hatchback GC,929 III HC,B-SERIE UF,MPV I LV,RX 7 III FD,626 I CB,626 II Coupe GC; NISSAN: PATHFINDER R51,PATHFINDER R50; KIA: SORENTO I JC,CARNIVAL II GQ,CARNIVAL I UP; FORD USA: PROBE II ECP,PROBE I; HONDA: CIVIC VIII Hatchback FN, FK,JAZZ II GD,CR-V III RE,CIVIC VII Hatchback EU, EP, EV,JAZZ III GE,CR-V II RD_,ACCORD VII CL,FR-V BE,CR-V IV RE,ACCORD VIII CU,ACCORD VII Tourer CM,ACCORD VI CG, CK,CIVIC IX FK,ACCORD VIII Kombi,LOGO GA3,STREAM RN,HR-V GH,CIVIC VII Coupe EM2,ACCORD VI Hatchback CH,CIVIC VIII Stufenheck FD, FA,ACCORD VI Coupe CG,INSIGHT ZE_,S2000 AP,CR-Z ZF1,CIVIC VII Stufenheck ES,CIVIC IX Stufenheck FB, FG,LEGEND IV KB_,ACCORD VI Aerodeck CF,CIVIC IX Tourer FK,CITY Stufenheck GM,CITY Stufenheck GD8\/GD9,PILOT YF1,PILOT YF3 YF4,HR-V RU,CIVIC X Schr\u00e4gheck FC_, FK,JAZZ IV GK,CIVIC X Stufenheck FC_,CIVIC X Coupe,ACCORD IX Stufenheck; HYUNDAI: i10 PA,i20 PB, PBT,i10 IA,i20 GB,i20 Coupe,i10 Stufenheck; VOLVO: V40 Kombi VW,S40 I VS; DAIHATSU: HIJET Kasten S85; OPEL: CORSA B 73_, 78_, 79_,VECTRA B 36_,ASTRA F CC 53_, 54_, 58_, 59_,VECTRA B Caravan 31_,ASTRA F Caravan 51_, 52_,VECTRA B CC 38_,VECTRA A 86_, 87_,ASTRA F 56_, 57_,CORSA A CC 93_, 94_, 98_, 99_,VECTRA A CC 88_, 89_,COMBO Kasten\/Kombi X12,COMBO 71_,COMBO Tour X12,CORSA A TR 91_, 92_, 96_, 97_,CORSA B Kasten 73_,CORSA B Kombi F35,ASTRA F Van 55_,CORSA A Kasten; SMART: FORFOUR 454; VFF77EX, X119, X146, X156, X577, X88, 1109AE, 1109CG, 6000605218, 6000611028, 1535505, 1699522, 3396825, 3803268, 9S516731AA, AS516731AA, KL0714302B, F32Z6731A, 1017100EG01, 04154PR3E00, 15200PH1004, 15220PH1014, 15400611003, 15400679003, 15400679004, 15400679013, 15400679023, 15400MJ0003, 15400P0H305, 15400PC6003, 15400PC6004, 15400PH1003, 15400PH1004, 15400PH1014, 15400PH1F01, 15400PH1F02, 15400PH1F03, 15400PH9004, 15400PK1003, 15400PLC003, 15400PLC004, 15400PLMA01, 15400PLMA02, 15400PMET01, 15400PR3003, 15400PR3004, 15400PR3305, 15400PT1K01, 15400RAFT01, 15400RBAF01, 15400RBDE01, 15400RTA003, 15400RTA004, 2630002750, 2630002751, OJE1514302, S2630002500, S2630002501, S2630002502, S2630002503, 8943687270, 8944128150, 0JE1514302, OJE1514302, 000947941, 001039891, G6Y014302A, JE1514302, JEY014302, JEY0143029A, JEY014302A, JEYO14302, RFY0143029A, 0001802810, 1802810, A0001802810, 1230A105, 1230A182, 30A4000100, 30A4000103, MD05281090, MD135737, MD320276, MD321589, MD325714, MD352627, M&#8230;<\/p>\n","protected":false},"excerpt":{"rendered":"<p>FILTRON \u00d6ljynsuodatin OP 575  MAZDA,NISSAN,KIA,FAMILIA V BA,626 IV Hatchback GE,MX-3 EC,B-SERIE UN,XEDOS 6 CA,XEDOS 9 TA,MX-6 GE,626 II GC<\/p>\n","protected":false},"featured_media":0,"template":"","meta":{"site-sidebar-layout":"default","site-content-layout":"default","ast-global-header-display":"","ast-main-header-display":"","ast-hfb-above-header-display":"","ast-hfb-below-header-display":"","ast-hfb-mobile-header-display":"","site-post-title":"","ast-breadcrumbs-content":"","ast-featured-img":"","footer-sml-layout":"","theme-transparent-header-meta":"","adv-header-id-meta":"","stick-header-meta":"","header-above-stick-meta":"","header-main-stick-meta":"","header-below-stick-meta":""},"pwb-brand":[359],"product_cat":[30],"product_tag":[],"class_list":{"0":"post-15836","1":"product","2":"type-product","3":"status-publish","5":"pwb-brand-filtron","6":"product_cat-oljynsuodatin","7":"desktop-align-left","8":"tablet-align-left","9":"mobile-align-left","11":"first","12":"instock","13":"product-type-external"},"brands":[{"id":359,"name":"FILTRON","slug":"filtron"}],"_links":{"self":[{"href":"https:\/\/www.autonvaraosahaku.fi\/index.php?rest_route=\/wp\/v2\/product\/15836","targetHints":{"allow":["GET"]}}],"collection":[{"href":"https:\/\/www.autonvaraosahaku.fi\/index.php?rest_route=\/wp\/v2\/product"}],"about":[{"href":"https:\/\/www.autonvaraosahaku.fi\/index.php?rest_route=\/wp\/v2\/types\/product"}],"wp:attachment":[{"href":"https:\/\/www.autonvaraosahaku.fi\/index.php?rest_route=%2Fwp%2Fv2%2Fmedia&parent=15836"}],"wp:term":[{"taxonomy":"pwb-brand","embeddable":true,"href":"https:\/\/www.autonvaraosahaku.fi\/index.php?rest_route=%2Fwp%2Fv2%2Fpwb-brand&post=15836"},{"taxonomy":"product_cat","embeddable":true,"href":"https:\/\/www.autonvaraosahaku.fi\/index.php?rest_route=%2Fwp%2Fv2%2Fproduct_cat&post=15836"},{"taxonomy":"product_tag","embeddable":true,"href":"https:\/\/www.autonvaraosahaku.fi\/index.php?rest_route=%2Fwp%2Fv2%2Fproduct_tag&post=15836"}],"curies":[{"name":"wp","href":"https:\/\/api.w.org\/{rel}","templated":true}]}}