{"id":15838,"date":"2021-02-21T14:25:18","date_gmt":"2021-02-21T14:25:18","guid":{"rendered":"https:\/\/www.autonvaraosahaku.fi\/?product=filtron-op-570-1-oljynsuodatin"},"modified":"2021-02-21T14:25:21","modified_gmt":"2021-02-21T14:25:21","slug":"filtron-op-570-1-oljynsuodatin","status":"publish","type":"product","link":"https:\/\/www.autonvaraosahaku.fi\/?product=filtron-op-570-1-oljynsuodatin","title":{"rendered":"FILTRON OP 570\/1 \u00d6ljynsuodatin"},"content":{"rendered":"<p>Korkeus (mm): 86; Kierremitta: M 18 X 1.5; Ulkol\u00e4pimitta [mm]: 76,5; Sis\u00e4l\u00e4pimitta 1 [mm]: 71, 71; Sis\u00e4l\u00e4pimitta 2 [mm]: 62, 62; Valmistusvuosi alkaen: 10\/2000; CHEVROLET: CAPTIVA C100, C140,NUBIRA Kombi,CRUZE J300,KALOS,AVEO Schr\u00e4gheck T250, T255,CRUZE Station Wagon J308,CRUZE Schr\u00e4gheck J305,AVEO Stufenheck T250, T255,KALOS Stufenheck,NUBIRA Stufenheck,AVEO Stufenheck T200,AVEO Schr\u00e4gheck T200,VOLT; DAEWOO: KALOS KLAS,NUBIRA Stufenheck KLAN,KALOS Stufenheck KLAS,NUBIRA Wagon KLAN,NUBIRA Wagon KLAJ,LANOS Stufenheck KLAT,LEGANZA KLAV,NEXIA KLETN,NUBIRA Stufenheck KLAJ,ESPERO KLEJ,NUBIRA KLAJ,NEXIA Stufenheck KLETN,NEXIA Stufenheck,NUBIRA Stufenheck J150; OPEL: CORSA C F08, F68,ZAFIRA B A05,ASTRA H Caravan L35,MERIVA,ZAFIRA A F75_,ASTRA G CC F48_, F08_,ASTRA H L48,ASTRA G Caravan F35_,VECTRA C Caravan,ASTRA H GTC L08,SIGNUM,VECTRA C,VECTRA B 36_,VECTRA C GTS,TIGRA TwinTop,VECTRA B Caravan 31_,ASTRA H TwinTop L67,ASTRA G Cabriolet F67,ASTRA F Caravan 51_, 52_,ASTRA G Coupe F07_,COMBO Kasten\/Kombi,ASTRA G Stufenheck F69_,ZAFIRA B Van,VECTRA B CC 38_,COMBO Tour,ASTRA F 56_, 57_,FRONTERA A 5_MWL4,ASTRA H Stufenheck L69,ASTRA H Kasten L70,SPEEDSTER,AMPERA,ASTRA G Kasten F70,ASTRA F Van 55_,ASTRA G CLASSIC Caravan F35,ASTRA G CLASSIC T98,ASTRA G CLASSIC Stufenheck T98; LOTUS: EUROPA S; VAUXHALL: ZAFIRA Mk II B M75,ASTRA Mk V H CC,VECTRA Mk II C CC,ZAFIRA Mk I A F75,CORSA Mk II C W5L, F08,ASTRA Mk V H Estate,VECTRA Mk II C Estate,ASTRA Mk V H Convertible,ASTRA Mk IV G CC,VECTRA Mk II C,MERIVA Mk I A,ASTRA Mk IV G Sedan,AMPERA,TIGRA Convertible,VECTRA B CC,VX220,VECTRA B Estate,VECTRA B,ASTRAVAN Mk V H,ASTRAVAN Mk IV G,ASTRA Mk IV G Coupe F67,COMBO TOUR Mk II C F25,ASTRA Mk IV G Convertible,COMBO Mk II C Kasten\/Kombi F25,ASTRA Mk IV G Estate; 94797406, EC94797406, MLS000530, 93745067, 94797406, 96352845, 96458873, 96458873D, 96879797, EC94797406, 5009285, 5016786, A124E6196S, 5650343, 650104, 650381, 650401, 96395221, VOF93, 1109A9, 7701415070, 4502696, 93156300, 93179720, VOF93<\/p>\n","protected":false},"excerpt":{"rendered":"<p>FILTRON \u00d6ljynsuodatin OP 570\/1  CHEVROLET,DAEWOO,OPEL,CAPTIVA C100, C140,NUBIRA Kombi,CRUZE J300,KALOS,AVEO Schr\u00e4gheck T250, T255<\/p>\n","protected":false},"featured_media":0,"template":"","meta":{"site-sidebar-layout":"default","site-content-layout":"default","ast-global-header-display":"","ast-main-header-display":"","ast-hfb-above-header-display":"","ast-hfb-below-header-display":"","ast-hfb-mobile-header-display":"","site-post-title":"","ast-breadcrumbs-content":"","ast-featured-img":"","footer-sml-layout":"","theme-transparent-header-meta":"","adv-header-id-meta":"","stick-header-meta":"","header-above-stick-meta":"","header-main-stick-meta":"","header-below-stick-meta":""},"pwb-brand":[359],"product_cat":[30],"product_tag":[],"class_list":{"0":"post-15838","1":"product","2":"type-product","3":"status-publish","5":"pwb-brand-filtron","6":"product_cat-oljynsuodatin","7":"desktop-align-left","8":"tablet-align-left","9":"mobile-align-left","11":"first","12":"instock","13":"product-type-external"},"brands":[{"id":359,"name":"FILTRON","slug":"filtron"}],"_links":{"self":[{"href":"https:\/\/www.autonvaraosahaku.fi\/index.php?rest_route=\/wp\/v2\/product\/15838","targetHints":{"allow":["GET"]}}],"collection":[{"href":"https:\/\/www.autonvaraosahaku.fi\/index.php?rest_route=\/wp\/v2\/product"}],"about":[{"href":"https:\/\/www.autonvaraosahaku.fi\/index.php?rest_route=\/wp\/v2\/types\/product"}],"wp:attachment":[{"href":"https:\/\/www.autonvaraosahaku.fi\/index.php?rest_route=%2Fwp%2Fv2%2Fmedia&parent=15838"}],"wp:term":[{"taxonomy":"pwb-brand","embeddable":true,"href":"https:\/\/www.autonvaraosahaku.fi\/index.php?rest_route=%2Fwp%2Fv2%2Fpwb-brand&post=15838"},{"taxonomy":"product_cat","embeddable":true,"href":"https:\/\/www.autonvaraosahaku.fi\/index.php?rest_route=%2Fwp%2Fv2%2Fproduct_cat&post=15838"},{"taxonomy":"product_tag","embeddable":true,"href":"https:\/\/www.autonvaraosahaku.fi\/index.php?rest_route=%2Fwp%2Fv2%2Fproduct_tag&post=15838"}],"curies":[{"name":"wp","href":"https:\/\/api.w.org\/{rel}","templated":true}]}}