{"id":15839,"date":"2021-02-21T14:25:22","date_gmt":"2021-02-21T14:25:22","guid":{"rendered":"https:\/\/www.autonvaraosahaku.fi\/?product=filtron-op-545-2-oljynsuodatin"},"modified":"2021-02-21T14:25:22","modified_gmt":"2021-02-21T14:25:22","slug":"filtron-op-545-2-oljynsuodatin","status":"publish","type":"product","link":"https:\/\/www.autonvaraosahaku.fi\/?product=filtron-op-545-2-oljynsuodatin","title":{"rendered":"FILTRON OP 545\/2 \u00d6ljynsuodatin"},"content":{"rendered":"<p>Korkeus (mm): 85; Kierremitta: M 20 X 1.5; Ulkol\u00e4pimitta [mm]: 69; Sis\u00e4l\u00e4pimitta 1 [mm]: 63, 63; Sis\u00e4l\u00e4pimitta 2 [mm]: 55, 55; Korvaava tuote\/korvaava tiedote 2: yhdell\u00e4 peruutuksenestoventtiilill\u00e4; Valmistusvuosi alkaen: 05\/1990; HYUNDAI: i10 PA,i20 PB, PBT,i10 IA,i10 Stufenheck; LANCIA: YPSILON 843,Y 840A,MUSA 350,YPSILON 312, 846; FORD: KA RU8; FIAT: GRANDE PUNTO 199,PUNTO 188,PANDA 169,500 312,STILO 192,BRAVO II 198,SEICENTO 187,PUNTO EVO 199,DOBLO Cargo 223,500 C 312,PUNTO 176,STILO Multi Wagon 192,DOBLO 119,DOBLO Kasten\/Kombi 263,PANDA Van 169,PUNTO 199,IDEA,PANDA 312,STRADA Pick-up 178E,QUBO 225,500L,DOBLO Gro\u00dfraumlimousine 152, 263,PUNTO Van 188AX,BRAVO I 182,BRAVA 182,PUNTO Cabriolet 176C,MAREA Weekend 185,PALIO Weekend 178DX,LINEA 323,PUNTO Van 199,SEICENTO Van 187,DOBLO Pritsche\/Fahrgestell 263,MAREA 185,PALIO 178BX,SIENA 178_,TIPO Schr\u00e4gheck 356_,PANDA VAN 312,TIPO Kombi 356_,TIPO Stufenheck 356_,FULLBACK Pick-up 502_, 503_; ALFA ROMEO: MITO 955; MITSUBISHI: GALANT VI Station Wagon EA_,GALANT VI EA_,L 300 Bus P0_W, P1_W, P2_W,L 400 \/ SPACE GEAR Bus PD_W, PC_W, PA_V, PB_V,GALANT IV E3_A,SPACE WAGON N3_W, N4_W,GALANT IV Stufenheck E3_A,L 300 Kasten P0_W, P1_W,GALANT V Stufenheck E5_A, E7_A, E8_A,GALANT V E5_A, E7_A, E8_A,SPACE WAGON D0_V\/W; X634, 46544820, 46751179, 55230822, 55256470, 71736161, 71765459<\/p>\n","protected":false},"excerpt":{"rendered":"<p>FILTRON \u00d6ljynsuodatin OP 545\/2  HYUNDAI,LANCIA,FORD,i10 PA,i20 PB, PBT,i10 IA,i10 Stufenheck,YPSILON 843,Y 840A,MUSA 350,YPSILON 312, 846,KA RU8<\/p>\n","protected":false},"featured_media":0,"template":"","meta":{"site-sidebar-layout":"default","site-content-layout":"default","ast-global-header-display":"","ast-main-header-display":"","ast-hfb-above-header-display":"","ast-hfb-below-header-display":"","ast-hfb-mobile-header-display":"","site-post-title":"","ast-breadcrumbs-content":"","ast-featured-img":"","footer-sml-layout":"","theme-transparent-header-meta":"","adv-header-id-meta":"","stick-header-meta":"","header-above-stick-meta":"","header-main-stick-meta":"","header-below-stick-meta":""},"pwb-brand":[359],"product_cat":[30],"product_tag":[],"class_list":{"0":"post-15839","1":"product","2":"type-product","3":"status-publish","5":"pwb-brand-filtron","6":"product_cat-oljynsuodatin","7":"desktop-align-left","8":"tablet-align-left","9":"mobile-align-left","11":"first","12":"instock","13":"product-type-external"},"brands":[{"id":359,"name":"FILTRON","slug":"filtron"}],"_links":{"self":[{"href":"https:\/\/www.autonvaraosahaku.fi\/index.php?rest_route=\/wp\/v2\/product\/15839","targetHints":{"allow":["GET"]}}],"collection":[{"href":"https:\/\/www.autonvaraosahaku.fi\/index.php?rest_route=\/wp\/v2\/product"}],"about":[{"href":"https:\/\/www.autonvaraosahaku.fi\/index.php?rest_route=\/wp\/v2\/types\/product"}],"wp:attachment":[{"href":"https:\/\/www.autonvaraosahaku.fi\/index.php?rest_route=%2Fwp%2Fv2%2Fmedia&parent=15839"}],"wp:term":[{"taxonomy":"pwb-brand","embeddable":true,"href":"https:\/\/www.autonvaraosahaku.fi\/index.php?rest_route=%2Fwp%2Fv2%2Fpwb-brand&post=15839"},{"taxonomy":"product_cat","embeddable":true,"href":"https:\/\/www.autonvaraosahaku.fi\/index.php?rest_route=%2Fwp%2Fv2%2Fproduct_cat&post=15839"},{"taxonomy":"product_tag","embeddable":true,"href":"https:\/\/www.autonvaraosahaku.fi\/index.php?rest_route=%2Fwp%2Fv2%2Fproduct_tag&post=15839"}],"curies":[{"name":"wp","href":"https:\/\/api.w.org\/{rel}","templated":true}]}}