{"id":15859,"date":"2021-02-21T14:25:26","date_gmt":"2021-02-21T14:25:26","guid":{"rendered":"https:\/\/www.autonvaraosahaku.fi\/?product=vemo-v10-63-0143-turboahdin"},"modified":"2021-02-21T14:25:26","modified_gmt":"2021-02-21T14:25:26","slug":"vemo-v10-63-0143-turboahdin","status":"publish","type":"product","link":"https:\/\/www.autonvaraosahaku.fi\/?product=vemo-v10-63-0143-turboahdin","title":{"rendered":"VEMO V10-63-0143 Turboahdin"},"content":{"rendered":"<p>J\u00e4nnite (V): 12; K\u00e4ytt\u00f6: S\u00e4hk\u00f6inen; Venttiilimalli: Magneettiventtiili; Napojen m\u00e4\u00e4r\u00e4: 2; Paino [kg]: 0,073; Pakkausleveys [cm]: 4,9; Pakkauskorkeus [mm]: 9,2; Pakkaussyvyys [cm]: 9; VW: GOLF IV 1J1,GOLF IV Variant 1J5,BORA 1J2,BORA Kombi 1J6; AUDI: A3 8L1,A4 8D2, B5,A6 Avant 4B5, C5,A4 Avant 8D5, B5,A4 8E2, B6,A6 4B2, C5,A4 Cabriolet 8H7, B6, 8HE, B7,TT 8N3; 058906283C, 058906283F, 06A906283E, 58906283C, 58906283F, 6A906283E, 058906283C, 058906283F, 06A906283E, 58906283C, 58906283F, 6A906283E; Paineenmuuntaja, Turboahdin<\/p>\n","protected":false},"excerpt":{"rendered":"<p>VEMO Painemuunnin Original VEMO Quality V10-63-0143 Paineenmuuntaja, Turboahdin VW,AUDI,GOLF IV 1J1,GOLF IV Variant 1J5,BORA 1J2,BORA Kombi 1J6,A3 8L1<\/p>\n","protected":false},"featured_media":0,"template":"","meta":{"site-sidebar-layout":"default","site-content-layout":"default","ast-global-header-display":"","ast-main-header-display":"","ast-hfb-above-header-display":"","ast-hfb-below-header-display":"","ast-hfb-mobile-header-display":"","site-post-title":"","ast-breadcrumbs-content":"","ast-featured-img":"","footer-sml-layout":"","theme-transparent-header-meta":"","adv-header-id-meta":"","stick-header-meta":"","header-above-stick-meta":"","header-main-stick-meta":"","header-below-stick-meta":""},"pwb-brand":[168],"product_cat":[250],"product_tag":[],"class_list":{"0":"post-15859","1":"product","2":"type-product","3":"status-publish","5":"pwb-brand-vemo","6":"product_cat-turboahdin","7":"desktop-align-left","8":"tablet-align-left","9":"mobile-align-left","11":"first","12":"instock","13":"product-type-external"},"brands":[{"id":168,"name":"VEMO","slug":"vemo"}],"_links":{"self":[{"href":"https:\/\/www.autonvaraosahaku.fi\/index.php?rest_route=\/wp\/v2\/product\/15859","targetHints":{"allow":["GET"]}}],"collection":[{"href":"https:\/\/www.autonvaraosahaku.fi\/index.php?rest_route=\/wp\/v2\/product"}],"about":[{"href":"https:\/\/www.autonvaraosahaku.fi\/index.php?rest_route=\/wp\/v2\/types\/product"}],"wp:attachment":[{"href":"https:\/\/www.autonvaraosahaku.fi\/index.php?rest_route=%2Fwp%2Fv2%2Fmedia&parent=15859"}],"wp:term":[{"taxonomy":"pwb-brand","embeddable":true,"href":"https:\/\/www.autonvaraosahaku.fi\/index.php?rest_route=%2Fwp%2Fv2%2Fpwb-brand&post=15859"},{"taxonomy":"product_cat","embeddable":true,"href":"https:\/\/www.autonvaraosahaku.fi\/index.php?rest_route=%2Fwp%2Fv2%2Fproduct_cat&post=15859"},{"taxonomy":"product_tag","embeddable":true,"href":"https:\/\/www.autonvaraosahaku.fi\/index.php?rest_route=%2Fwp%2Fv2%2Fproduct_tag&post=15859"}],"curies":[{"name":"wp","href":"https:\/\/api.w.org\/{rel}","templated":true}]}}