{"id":15862,"date":"2021-02-21T14:25:26","date_gmt":"2021-02-21T14:25:26","guid":{"rendered":"https:\/\/www.autonvaraosahaku.fi\/?product=meyle-100-653-0034-pyoranlaakerit"},"modified":"2021-02-21T14:25:27","modified_gmt":"2021-02-21T14:25:27","slug":"meyle-100-653-0034-pyoranlaakerit","status":"publish","type":"product","link":"https:\/\/www.autonvaraosahaku.fi\/?product=meyle-100-653-0034-pyoranlaakerit","title":{"rendered":"MEYLE 100 653 0034 Py\u00f6r\u00e4nlaakerit"},"content":{"rendered":"<p>Asennuspuoli: Etuakseli; Lis\u00e4tarvike\/lis\u00e4tieto: Asennusmateriaalilla; Korvaava tuote\/korvaava tiedote 2: Py\u00f6r\u00e4nlaakerilla; Ulkol\u00e4pimitta [mm]: 130; Reik\u00e4ympyr\u00e4-\u00d8 [mm]: 112; Vanne, aukkoja: 5; Alustanumerosta: 4DX005001; VW: PASSAT Variant 3B6,PASSAT 3B3; AUDI: A4 Avant 8ED, B7,A4 Avant 8E5, B6,A6 Avant 4B5, C5,A4 Avant 8D5, B5,A4 8E2, B6,A6 4B2, C5,A4 Cabriolet 8H7, B6, 8HE, B7,A4 8EC, B7,A8 4D2, 4D8; SEAT: EXEO ST 3R5,EXEO 3R2; 4A0407615D, 4A0407615F, 4A0407615G, 4B0407613, 4B0407613A, 4B0407613B, 8D0498625C, 8E0498625A, 8E0498625B, 4B0407613B, 8E0498625B, 4A0407615G, 4A0407615G, 8E0498625A, 8E0498625B; Py\u00f6r\u00e4nlaakerisarja<\/p>\n","protected":false},"excerpt":{"rendered":"<p>MEYLE Py\u00f6r\u00e4nlaakerit MEYLE-ORIGINAL-KIT: Better solution for you! 100 653 0034 Py\u00f6r\u00e4nlaakerisarja VW,AUDI,SEAT,PASSAT Variant 3B6,PASSAT 3B3<\/p>\n","protected":false},"featured_media":0,"template":"","meta":{"site-sidebar-layout":"default","site-content-layout":"default","ast-global-header-display":"","ast-main-header-display":"","ast-hfb-above-header-display":"","ast-hfb-below-header-display":"","ast-hfb-mobile-header-display":"","site-post-title":"","ast-breadcrumbs-content":"","ast-featured-img":"","footer-sml-layout":"","theme-transparent-header-meta":"","adv-header-id-meta":"","stick-header-meta":"","header-above-stick-meta":"","header-main-stick-meta":"","header-below-stick-meta":""},"pwb-brand":[84],"product_cat":[83],"product_tag":[],"class_list":{"0":"post-15862","1":"product","2":"type-product","3":"status-publish","5":"pwb-brand-meyle","6":"product_cat-pyoranlaakerit","7":"desktop-align-left","8":"tablet-align-left","9":"mobile-align-left","11":"first","12":"instock","13":"product-type-external"},"brands":[{"id":84,"name":"MEYLE","slug":"meyle"}],"_links":{"self":[{"href":"https:\/\/www.autonvaraosahaku.fi\/index.php?rest_route=\/wp\/v2\/product\/15862","targetHints":{"allow":["GET"]}}],"collection":[{"href":"https:\/\/www.autonvaraosahaku.fi\/index.php?rest_route=\/wp\/v2\/product"}],"about":[{"href":"https:\/\/www.autonvaraosahaku.fi\/index.php?rest_route=\/wp\/v2\/types\/product"}],"wp:attachment":[{"href":"https:\/\/www.autonvaraosahaku.fi\/index.php?rest_route=%2Fwp%2Fv2%2Fmedia&parent=15862"}],"wp:term":[{"taxonomy":"pwb-brand","embeddable":true,"href":"https:\/\/www.autonvaraosahaku.fi\/index.php?rest_route=%2Fwp%2Fv2%2Fpwb-brand&post=15862"},{"taxonomy":"product_cat","embeddable":true,"href":"https:\/\/www.autonvaraosahaku.fi\/index.php?rest_route=%2Fwp%2Fv2%2Fproduct_cat&post=15862"},{"taxonomy":"product_tag","embeddable":true,"href":"https:\/\/www.autonvaraosahaku.fi\/index.php?rest_route=%2Fwp%2Fv2%2Fproduct_tag&post=15862"}],"curies":[{"name":"wp","href":"https:\/\/api.w.org\/{rel}","templated":true}]}}