{"id":15869,"date":"2021-02-21T14:25:26","date_gmt":"2021-02-21T14:25:26","guid":{"rendered":"https:\/\/www.autonvaraosahaku.fi\/?product=febi-bilstein-104809-polttoainesuodatin"},"modified":"2021-02-21T14:25:28","modified_gmt":"2021-02-21T14:25:28","slug":"febi-bilstein-104809-polttoainesuodatin","status":"publish","type":"product","link":"https:\/\/www.autonvaraosahaku.fi\/?product=febi-bilstein-104809-polttoainesuodatin","title":{"rendered":"FEBI BILSTEIN 104809 Polttoainesuodatin"},"content":{"rendered":"<p>Suodatintyyppi: Suodatinpanos, Suodatinpanos; Sis\u00e4l\u00e4pimitta [mm]: 23,0; Korkeus (mm): 74; Ulkol\u00e4pimitta [mm]: 90,0; Tiivisteen l\u00e4pimitta [mm]: 97; Paino [kg]: 0,095, 0,095; Moottorinumero: DW10CTED4; FORD: MONDEO IV Turnier BA7,S-MAX WA6,GALAXY WA6,KUGA I,FOCUS III,C-MAX II,MONDEO IV BA7,KUGA II DM2,FOCUS III Stufenheck,MONDEO IV Stufenheck BA7,C-MAX II Van,KUGA II Van,FOCUS III Kasten\/Schr\u00e4gheck; TOYOTA: PROACE Kasten\/Kombi; FIAT: SCUDO 270_,SCUDO Kasten 270_,SCUDO Pritsche\/Fahrgestell 270_; CITRO\u00cbN: C5 III Break TD_,C4 Picasso I UD_,C8 EA_, EB_,C5 III RD_,C4 II B7,JUMPY,JUMPY Kasten,DS4,DS5,JUMPY Pritsche\/Fahrgestell; PEUGEOT: 308 SW,807 E,308 4A_, 4C_,5008,508 SW,3008,RCZ,308 CC,508,EXPERT Tepee VF3V_,EXPERT Kasten VF3A_, VF3U_, VF3X_,EXPERT Pritsche\/Fahrgestell; 1611659180, 1906A7, 9467637280, 1682001, 2037668, 9M5J9176AA, 9M5Q9176AA, 1611659180, 1906A7, SU001A0683<\/p>\n","protected":false},"excerpt":{"rendered":"<p>FEBI BILSTEIN Polttoainesuodatin 104809  FORD,TOYOTA,FIAT,MONDEO IV Turnier BA7,S-MAX WA6,GALAXY WA6,KUGA I,FOCUS III,C-MAX II,MONDEO IV BA7<\/p>\n","protected":false},"featured_media":0,"template":"","meta":{"site-sidebar-layout":"default","site-content-layout":"default","ast-global-header-display":"","ast-main-header-display":"","ast-hfb-above-header-display":"","ast-hfb-below-header-display":"","ast-hfb-mobile-header-display":"","site-post-title":"","ast-breadcrumbs-content":"","ast-featured-img":"","footer-sml-layout":"","theme-transparent-header-meta":"","adv-header-id-meta":"","stick-header-meta":"","header-above-stick-meta":"","header-main-stick-meta":"","header-below-stick-meta":""},"pwb-brand":[50],"product_cat":[29],"product_tag":[],"class_list":{"0":"post-15869","1":"product","2":"type-product","3":"status-publish","5":"pwb-brand-febi-bilstein","6":"product_cat-polttoainesuodatin","7":"desktop-align-left","8":"tablet-align-left","9":"mobile-align-left","11":"first","12":"instock","13":"product-type-external"},"brands":[{"id":50,"name":"FEBI BILSTEIN","slug":"febi-bilstein"}],"_links":{"self":[{"href":"https:\/\/www.autonvaraosahaku.fi\/index.php?rest_route=\/wp\/v2\/product\/15869","targetHints":{"allow":["GET"]}}],"collection":[{"href":"https:\/\/www.autonvaraosahaku.fi\/index.php?rest_route=\/wp\/v2\/product"}],"about":[{"href":"https:\/\/www.autonvaraosahaku.fi\/index.php?rest_route=\/wp\/v2\/types\/product"}],"wp:attachment":[{"href":"https:\/\/www.autonvaraosahaku.fi\/index.php?rest_route=%2Fwp%2Fv2%2Fmedia&parent=15869"}],"wp:term":[{"taxonomy":"pwb-brand","embeddable":true,"href":"https:\/\/www.autonvaraosahaku.fi\/index.php?rest_route=%2Fwp%2Fv2%2Fpwb-brand&post=15869"},{"taxonomy":"product_cat","embeddable":true,"href":"https:\/\/www.autonvaraosahaku.fi\/index.php?rest_route=%2Fwp%2Fv2%2Fproduct_cat&post=15869"},{"taxonomy":"product_tag","embeddable":true,"href":"https:\/\/www.autonvaraosahaku.fi\/index.php?rest_route=%2Fwp%2Fv2%2Fproduct_tag&post=15869"}],"curies":[{"name":"wp","href":"https:\/\/api.w.org\/{rel}","templated":true}]}}