{"id":15921,"date":"2021-02-21T14:25:39","date_gmt":"2021-02-21T14:25:39","guid":{"rendered":"https:\/\/www.autonvaraosahaku.fi\/?product=brembo-09-8931-21-jarrulevyt"},"modified":"2021-02-21T14:25:39","modified_gmt":"2021-02-21T14:25:39","slug":"brembo-09-8931-21-jarrulevyt","status":"publish","type":"product","link":"https:\/\/www.autonvaraosahaku.fi\/?product=brembo-09-8931-21-jarrulevyt","title":{"rendered":"BREMBO 09.8931.21 Jarrulevyt"},"content":{"rendered":"<p>Pinta: pinnoitettu; Kiristysmomentti: 100; keskitt\u00e4misl\u00e4pimitta [mm]: 73; Reikien m\u00e4\u00e4r\u00e4: 5; V\u00e4himm\u00e4ispaksuus (mm): 21,9; Jarrulevyn paksuus (mm): 24; Jarrulevytyyppi: Tuuletettu, sis\u00e4; Korkeus (mm): 67,5; L\u00e4pimitta [mm]: 280; Asennuspuoli: Vorderachse; FIAT: DUCATO Kasten 250,DUCATO Pritsche\/Fahrgestell 250,DUCATO Bus 250,DUCATO Kasten 244,DUCATO Pritsche\/Fahrgestell 244,DUCATO Bus 244, Z_; CITRO\u00cbN: JUMPER Kasten,JUMPER Kasten 244,JUMPER Bus,JUMPER Pritsche\/Fahrgestell,JUMPER Bus 244, Z_,JUMPER Pritsche\/Fahrgestell 244; PEUGEOT: BOXER Kasten,BOXER Kasten 244,BOXER Bus,BOXER Pritsche\/Fahrgestell,BOXER Bus 244, Z_,BOXER Pritsche\/Fahrgestell 244; 1607872080, 4246Y1, 424927, 4249G3, 4249H8, 4249K3, 1341044080, 46806233, 51728377, 51740244, 51848618, 51848619, 71738905, 1607872080, 4246X9, 424926, 424999, 4249G3, 4249H8; Jarrulevy<\/p>\n","protected":false},"excerpt":{"rendered":"<p>BREMBO Jarrulevyt COATED DISC LINE 09.8931.21 Jarrulevy FIAT,CITRO\u00cbN,PEUGEOT,DUCATO Kasten 250,DUCATO Pritsche\/Fahrgestell 250,DUCATO Bus 250<\/p>\n","protected":false},"featured_media":0,"template":"","meta":{"site-sidebar-layout":"default","site-content-layout":"default","ast-global-header-display":"","ast-main-header-display":"","ast-hfb-above-header-display":"","ast-hfb-below-header-display":"","ast-hfb-mobile-header-display":"","site-post-title":"","ast-breadcrumbs-content":"","ast-featured-img":"","footer-sml-layout":"","theme-transparent-header-meta":"","adv-header-id-meta":"","stick-header-meta":"","header-above-stick-meta":"","header-main-stick-meta":"","header-below-stick-meta":""},"pwb-brand":[146],"product_cat":[66],"product_tag":[],"class_list":{"0":"post-15921","1":"product","2":"type-product","3":"status-publish","5":"pwb-brand-brembo","6":"product_cat-jarrulevyt","7":"desktop-align-left","8":"tablet-align-left","9":"mobile-align-left","11":"first","12":"instock","13":"product-type-external"},"brands":[{"id":146,"name":"BREMBO","slug":"brembo"}],"_links":{"self":[{"href":"https:\/\/www.autonvaraosahaku.fi\/index.php?rest_route=\/wp\/v2\/product\/15921","targetHints":{"allow":["GET"]}}],"collection":[{"href":"https:\/\/www.autonvaraosahaku.fi\/index.php?rest_route=\/wp\/v2\/product"}],"about":[{"href":"https:\/\/www.autonvaraosahaku.fi\/index.php?rest_route=\/wp\/v2\/types\/product"}],"wp:attachment":[{"href":"https:\/\/www.autonvaraosahaku.fi\/index.php?rest_route=%2Fwp%2Fv2%2Fmedia&parent=15921"}],"wp:term":[{"taxonomy":"pwb-brand","embeddable":true,"href":"https:\/\/www.autonvaraosahaku.fi\/index.php?rest_route=%2Fwp%2Fv2%2Fpwb-brand&post=15921"},{"taxonomy":"product_cat","embeddable":true,"href":"https:\/\/www.autonvaraosahaku.fi\/index.php?rest_route=%2Fwp%2Fv2%2Fproduct_cat&post=15921"},{"taxonomy":"product_tag","embeddable":true,"href":"https:\/\/www.autonvaraosahaku.fi\/index.php?rest_route=%2Fwp%2Fv2%2Fproduct_tag&post=15921"}],"curies":[{"name":"wp","href":"https:\/\/api.w.org\/{rel}","templated":true}]}}