{"id":15939,"date":"2021-02-21T14:25:42","date_gmt":"2021-02-21T14:25:42","guid":{"rendered":"https:\/\/www.autonvaraosahaku.fi\/?product=elring-977-439-venttiilikopan-tiiviste"},"modified":"2021-02-21T14:25:43","modified_gmt":"2021-02-21T14:25:43","slug":"elring-977-439-venttiilikopan-tiiviste","status":"publish","type":"product","link":"https:\/\/www.autonvaraosahaku.fi\/?product=elring-977-439-venttiilikopan-tiiviste","title":{"rendered":"ELRING 977.439 Venttiilikopan tiiviste"},"content":{"rendered":"<p>Paksuus [mm]: 0,4; Tarvittava kappalem\u00e4\u00e4r\u00e4: 6; MERCEDES-BENZ: CITARO (O 530),CONECTO (O 345),HPN (LongNose),MK,NG,O 302,O 303,O 304,O 305,O 307,O 330,O 340,O 400,O 403,O 404,O 405,O 407,O 408,OH,SK,TOURISMO (O 350); SETRA: Series 200,Series 300; PADANE: Z-Serie; NEOPLAN: Cityliner,Jetliner,Megaliner,Skyliner,Transliner; DR\u00d6GM\u00d6LLER: E-Serie; A4420160621; Tiiviste, Venttiilikoppa<\/p>\n","protected":false},"excerpt":{"rendered":"<p>ELRING Venttiilikopan Tiiviste 977.439 Tiiviste, Venttiilikoppa MERCEDES-BENZ,SETRA,PADANE,CITARO (O 530),CONECTO (O 345),HPN (LongNose),MK,NG,O 302<\/p>\n","protected":false},"featured_media":0,"template":"","meta":{"site-sidebar-layout":"default","site-content-layout":"default","ast-global-header-display":"","ast-main-header-display":"","ast-hfb-above-header-display":"","ast-hfb-below-header-display":"","ast-hfb-mobile-header-display":"","site-post-title":"","ast-breadcrumbs-content":"","ast-featured-img":"","footer-sml-layout":"","theme-transparent-header-meta":"","adv-header-id-meta":"","stick-header-meta":"","header-above-stick-meta":"","header-main-stick-meta":"","header-below-stick-meta":""},"pwb-brand":[26],"product_cat":[44],"product_tag":[],"class_list":{"0":"post-15939","1":"product","2":"type-product","3":"status-publish","5":"pwb-brand-elring","6":"product_cat-venttiilikopan-tiiviste","7":"desktop-align-left","8":"tablet-align-left","9":"mobile-align-left","11":"first","12":"instock","13":"product-type-external"},"brands":[{"id":26,"name":"ELRING","slug":"elring"}],"_links":{"self":[{"href":"https:\/\/www.autonvaraosahaku.fi\/index.php?rest_route=\/wp\/v2\/product\/15939","targetHints":{"allow":["GET"]}}],"collection":[{"href":"https:\/\/www.autonvaraosahaku.fi\/index.php?rest_route=\/wp\/v2\/product"}],"about":[{"href":"https:\/\/www.autonvaraosahaku.fi\/index.php?rest_route=\/wp\/v2\/types\/product"}],"wp:attachment":[{"href":"https:\/\/www.autonvaraosahaku.fi\/index.php?rest_route=%2Fwp%2Fv2%2Fmedia&parent=15939"}],"wp:term":[{"taxonomy":"pwb-brand","embeddable":true,"href":"https:\/\/www.autonvaraosahaku.fi\/index.php?rest_route=%2Fwp%2Fv2%2Fpwb-brand&post=15939"},{"taxonomy":"product_cat","embeddable":true,"href":"https:\/\/www.autonvaraosahaku.fi\/index.php?rest_route=%2Fwp%2Fv2%2Fproduct_cat&post=15939"},{"taxonomy":"product_tag","embeddable":true,"href":"https:\/\/www.autonvaraosahaku.fi\/index.php?rest_route=%2Fwp%2Fv2%2Fproduct_tag&post=15939"}],"curies":[{"name":"wp","href":"https:\/\/api.w.org\/{rel}","templated":true}]}}