{"id":15953,"date":"2021-02-21T14:25:42","date_gmt":"2021-02-21T14:25:42","guid":{"rendered":"https:\/\/www.autonvaraosahaku.fi\/?product=hella-8eg-008-498-211-hehkutulppa"},"modified":"2021-02-21T14:25:44","modified_gmt":"2021-02-21T14:25:44","slug":"hella-8eg-008-498-211-hehkutulppa","status":"publish","type":"product","link":"https:\/\/www.autonvaraosahaku.fi\/?product=hella-8eg-008-498-211-hehkutulppa","title":{"rendered":"HELLA 8EG 008 498-211 Hehkutulppa"},"content":{"rendered":"<p>Hehkutulppatyyppi: j\u00e4lkihehkutuksenkest\u00e4v\u00e4, Hehkutulppa, puikko; Avainv\u00e4li: 12mm; Nimellisj\u00e4nnite (V): 11; Pistokemalli: Ruuviliitin; Moottorinumeroon: 1761923; BMW: 5 E39,5 Touring E39; MERCEDES-BENZ: VITO Bus 638,SPRINTER 3-t Kasten 903,SPRINTER 2-t Bus 901, 902,V-CLASS 638\/2,SPRINTER 2-t Kasten 901, 902,SPRINTER 3-t Bus 903,SPRINTER 3-t Pritsche\/Fahrgestell 903,VITO Kasten 638,SPRINTER 4-t Pritsche\/Fahrgestell 904,SPRINTER 2-t Pritsche\/Fahrgestell 901, 902,SPRINTER 4-t Kasten 904; OPEL: ASTRA G CC F48_, F08_,ASTRA G Caravan F35_,ASTRA G Stufenheck F69_,ASTRA G Kasten F70; LANCIA: ZETA 220; FORD: SCORPIO II GFR, GGR,SCORPIO II Kombi GNR, GGR; FIAT: STRADA Pick-up 178E,BRAVO I 182,BRAVA 182,SCUDO Kasten 220L,SCUDO Combinato 220P,PALIO 178BX,SIENA 178_,SCUDO Pritsche\/Fahrgestell 220_; CITRO\u00cbN: BERLINGO MF,BERLINGO Kasten M_,XSARA N1,XSARA Break N2,XSARA Coupe N0,EVASION 22, U6,JUMPY U6U,JUMPY Kasten BS_, BT_, BY_, BZ_,JUMPY Pritsche\/Fahrgestell BU_, BV_, BW_, BX_,XSARA Kasten,XSARA Kasten\/Schr\u00e4gheck; ALFA ROMEO: 145 930,146 930; PEUGEOT: 406 Break 8E\/F,PARTNER Combispace 5F,PARTNER Kasten 5,406 8B,806 221,EXPERT Kasten 222,EXPERT 224,EXPERT Pritsche\/Fahrgestell 223; VAUXHALL: ASTRA Mk IV G CC,ASTRA Mk IV G Sedan,ASTRAVAN Mk IV G,ASTRA Mk IV G Estate; 12121286058, 12231288245, 12232240255, 12232241387, 12232241388, 12232241389, 12239061353, 12239061354, 2240255, 2241388, 91507718, 4754011, 4774412, 4774413, 4781356, 4833643, 4849406, 50030184, 50032394, 5951861, 5951879, 5951881, 5951882, 5973752, 5990986, 60596245, 60812292, 71719015, 71735461, 7702960, 7735920, 77359200, 9633214380, 98462492, 5023372, 5031006, 6154593, 84BB6M090AA, 84FF6M091BA, 890X6M090UA, V94DX6M090AA, 0001597701, 0001598101, 0001598301, 0001599601, 0001599901, 0011592201, A0001597701, A0001598101, A0001598301, A0001599601, A0001599901, A0011592201, 1214306, 1214317, 1214319, 90166155, 90487858, 90510924, 5001001587, 7700701130, 7700733076, 7700741144, 7701029762, 7701033403, 7701039387, 7701349475, 3287815<\/p>\n","protected":false},"excerpt":{"rendered":"<p>HELLA Hehkutulppa 8EG 008 498-211  BMW,MERCEDES-BENZ,OPEL,5 E39,5 Touring E39,VITO Bus 638,SPRINTER 3-t Kasten 903,SPRINTER 2-t Bus 901, 902<\/p>\n","protected":false},"featured_media":0,"template":"","meta":{"site-sidebar-layout":"default","site-content-layout":"default","ast-global-header-display":"","ast-main-header-display":"","ast-hfb-above-header-display":"","ast-hfb-below-header-display":"","ast-hfb-mobile-header-display":"","site-post-title":"","ast-breadcrumbs-content":"","ast-featured-img":"","footer-sml-layout":"","theme-transparent-header-meta":"","adv-header-id-meta":"","stick-header-meta":"","header-above-stick-meta":"","header-main-stick-meta":"","header-below-stick-meta":""},"pwb-brand":[24],"product_cat":[52],"product_tag":[],"class_list":{"0":"post-15953","1":"product","2":"type-product","3":"status-publish","5":"pwb-brand-hella","6":"product_cat-hehkutulppa","7":"desktop-align-left","8":"tablet-align-left","9":"mobile-align-left","11":"first","12":"instock","13":"product-type-external"},"brands":[{"id":24,"name":"HELLA","slug":"hella"}],"_links":{"self":[{"href":"https:\/\/www.autonvaraosahaku.fi\/index.php?rest_route=\/wp\/v2\/product\/15953","targetHints":{"allow":["GET"]}}],"collection":[{"href":"https:\/\/www.autonvaraosahaku.fi\/index.php?rest_route=\/wp\/v2\/product"}],"about":[{"href":"https:\/\/www.autonvaraosahaku.fi\/index.php?rest_route=\/wp\/v2\/types\/product"}],"wp:attachment":[{"href":"https:\/\/www.autonvaraosahaku.fi\/index.php?rest_route=%2Fwp%2Fv2%2Fmedia&parent=15953"}],"wp:term":[{"taxonomy":"pwb-brand","embeddable":true,"href":"https:\/\/www.autonvaraosahaku.fi\/index.php?rest_route=%2Fwp%2Fv2%2Fpwb-brand&post=15953"},{"taxonomy":"product_cat","embeddable":true,"href":"https:\/\/www.autonvaraosahaku.fi\/index.php?rest_route=%2Fwp%2Fv2%2Fproduct_cat&post=15953"},{"taxonomy":"product_tag","embeddable":true,"href":"https:\/\/www.autonvaraosahaku.fi\/index.php?rest_route=%2Fwp%2Fv2%2Fproduct_tag&post=15953"}],"curies":[{"name":"wp","href":"https:\/\/api.w.org\/{rel}","templated":true}]}}