{"id":15955,"date":"2021-02-21T14:25:42","date_gmt":"2021-02-21T14:25:42","guid":{"rendered":"https:\/\/www.autonvaraosahaku.fi\/?product=ridex-1362t0002-oven-lukko"},"modified":"2021-02-21T14:25:45","modified_gmt":"2021-02-21T14:25:45","slug":"ridex-1362t0002-oven-lukko","status":"publish","type":"product","link":"https:\/\/www.autonvaraosahaku.fi\/?product=ridex-1362t0002-oven-lukko","title":{"rendered":"RIDEX 1362T0002 Oven lukko"},"content":{"rendered":"<p>Valmistuspaiv\u00e4m\u00e4\u00e4r\u00e4\u00e4n: 02.09.2014; VW: GOLF V 1K1,TOURAN 1T1, 1T2,GOLF VI 5K1,PASSAT Variant 3C5,PASSAT Variant 365,TOURAN 1T3,PASSAT ALLTRACK 365; 1K6827505A, 1K6827505B, 1K6827505C, 1K6827505D, 1K6827505E, 1T0827505D, 1T0827505G, 1T0827505H, 5K0827505, 5K0827505A, 5K0827505C<\/p>\n","protected":false},"excerpt":{"rendered":"<p>RIDEX Takaluukun Lukko 1362T0002  VW,GOLF V 1K1,TOURAN 1T1, 1T2,GOLF VI 5K1,PASSAT Variant 3C5,PASSAT Variant 365,TOURAN 1T3,PASSAT ALLTRACK 365<\/p>\n","protected":false},"featured_media":0,"template":"","meta":{"site-sidebar-layout":"default","site-content-layout":"default","ast-global-header-display":"","ast-main-header-display":"","ast-hfb-above-header-display":"","ast-hfb-below-header-display":"","ast-hfb-mobile-header-display":"","site-post-title":"","ast-breadcrumbs-content":"","ast-featured-img":"","footer-sml-layout":"","theme-transparent-header-meta":"","adv-header-id-meta":"","stick-header-meta":"","header-above-stick-meta":"","header-main-stick-meta":"","header-below-stick-meta":""},"pwb-brand":[157],"product_cat":[46],"product_tag":[],"class_list":{"0":"post-15955","1":"product","2":"type-product","3":"status-publish","5":"pwb-brand-ridex","6":"product_cat-oven-lukko","7":"desktop-align-left","8":"tablet-align-left","9":"mobile-align-left","11":"first","12":"instock","13":"product-type-external"},"brands":[{"id":157,"name":"RIDEX","slug":"ridex"}],"_links":{"self":[{"href":"https:\/\/www.autonvaraosahaku.fi\/index.php?rest_route=\/wp\/v2\/product\/15955","targetHints":{"allow":["GET"]}}],"collection":[{"href":"https:\/\/www.autonvaraosahaku.fi\/index.php?rest_route=\/wp\/v2\/product"}],"about":[{"href":"https:\/\/www.autonvaraosahaku.fi\/index.php?rest_route=\/wp\/v2\/types\/product"}],"wp:attachment":[{"href":"https:\/\/www.autonvaraosahaku.fi\/index.php?rest_route=%2Fwp%2Fv2%2Fmedia&parent=15955"}],"wp:term":[{"taxonomy":"pwb-brand","embeddable":true,"href":"https:\/\/www.autonvaraosahaku.fi\/index.php?rest_route=%2Fwp%2Fv2%2Fpwb-brand&post=15955"},{"taxonomy":"product_cat","embeddable":true,"href":"https:\/\/www.autonvaraosahaku.fi\/index.php?rest_route=%2Fwp%2Fv2%2Fproduct_cat&post=15955"},{"taxonomy":"product_tag","embeddable":true,"href":"https:\/\/www.autonvaraosahaku.fi\/index.php?rest_route=%2Fwp%2Fv2%2Fproduct_tag&post=15955"}],"curies":[{"name":"wp","href":"https:\/\/api.w.org\/{rel}","templated":true}]}}